{"id":45924,"date":"2023-05-07T18:44:14","date_gmt":"2023-05-08T01:44:14","guid":{"rendered":"https:\/\/www.moorelawfirmaz.com\/ley-de-inmigracion\/visado-h-1b\/"},"modified":"2023-05-07T18:44:17","modified_gmt":"2023-05-08T01:44:17","slug":"visado-h-1b","status":"publish","type":"page","link":"https:\/\/www.moorelawfirmaz.com\/es\/ley-de-inmigracion\/visado-h-1b\/","title":{"rendered":"Visado H-1B"},"content":{"rendered":"<div class=\"wpb-content-wrapper\"><p>[vc_row full_width=&#8221;stretch_row_content_no_spaces&#8221; content_placement=&#8221;bottom&#8221; custom_css_code=&#8221;aDElMjAlN0IlMEElMjAlMjBtYXgtd2lkdGglM0ExMDAwcHglM0IlMEElMjAlMjB0ZXh0LWFsaWduJTNBY2VudGVyJTNCJTBBJTA5bWFyZ2luJTNBMCUyMGF1dG8lM0IlMEElN0QlMEElMEFwJTIwJTdCJTBBJTIwJTIwbWF4LXdpZHRoJTNBMTAwMHB4JTNCJTBBJTIwJTIwY29sb3IlM0ElMjAlMjNmZmZmZmYlM0IlMEElMjAlMjBwYWRkaW5nLXRvcCUzQSUyMDIwcHglM0IlMEElMjAlMjB0ZXh0LWFsaWduJTNBY2VudGVyJTNCJTBBJTA5bWFyZ2luJTNBMCUyMGF1dG8lM0IlMEElMjAlMjB0ZXh0LXNoYWRvdyUzQSUyMDFweCUyMDFweCUyMGJsYWNrJTNCJTBBJTdE&#8221; css=&#8221;.vc_custom_1632068369571{background-image: url(https:\/\/www.moorelawfirmaz.com\/wp-content\/uploads\/2019\/08\/Large-Blue-Header-Background.jpg?id=37226) !important;background-position: center !important;background-repeat: no-repeat !important;background-size: cover !important;}&#8221;][vc_column][vc_column_text css_animation=&#8221;none&#8221; css=&#8221;.vc_custom_1675747934319{margin-right: 20px !important;margin-left: 20px !important;padding-top: 200px !important;}&#8221;]<\/p>\n<h1><span style=\"font-weight: 300;\">Abogado de<\/span> visados H-1B<br \/>\n<span style=\"font-weight: 300; font-size: 40%; line-height: 0px;\">Tucson, Arizona<\/span><\/h1>\n<p>La obtenci\u00f3n de un visado H1-B puede abrirle un mundo de posibilidades para usted y su carrera profesional. Con las competencias y cualificaciones adecuadas, puede ayudarle a llevar su carrera al siguiente nivel. Hable con uno de nuestros abogados especializados en visados H1-B para explorar nuevas oportunidades en Estados Unidos.[\/vc_column_text][vc_single_image image=&#8221;41760&#8243; img_size=&#8221;full&#8221; css=&#8221;.vc_custom_1632014884091{margin-bottom: 0px !important;}&#8221;][\/vc_column][\/vc_row][vc_row full_width=&#8221;stretch_row&#8221; content_placement=&#8221;middle&#8221; css=&#8221;.vc_custom_1641848218321{margin-top: 30px !important;margin-bottom: 30px !important;}&#8221;][vc_column][vc_column_text]<\/p>\n<h2><span style=\"color: #3d8dff;\">\u00bfQu\u00e9 es un visado <\/span><span style=\"font-weight: 300;\">visado H-1B?<\/span><\/h2>\n<p>El visado H-1B, uno de los m\u00e1s solicitados en Estados Unidos, es un visado de trabajo para no inmigrantes que permite a los trabajadores extranjeros ser contratados por una empresa estadounidense para realizar trabajos especializados. Por lo general, los puestos de trabajo requieren al menos una licenciatura o un t\u00edtulo equivalente. No hay ninguna limitaci\u00f3n espec\u00edfica en cuanto al tipo de campo para el que se puede utilizar un visado H-1B. Lo m\u00e1s importante es que se trata de un puesto especializado al que no todo el mundo puede optar.[\/vc_column_text][\/vc_column][\/vc_row][vc_row full_width=&#8221;stretch_row&#8221; content_placement=&#8221;middle&#8221; css=&#8221;.vc_custom_1641505925555{padding-bottom: 25px !important;background-color: #00012e !important;}&#8221;][vc_column][vc_column_text]<\/p>\n<h4 style=\"text-align: center;\"><span style=\"color: #ffffff;\">P\u00f3ngase en contacto con un abogado especializado en visados H&#8211;B para una consulta privada<\/span><\/h4>\n<h6 style=\"text-align: center;\"><span style=\"color: #ffffff;\">Llena este formulario o ll\u00e1manos al (520) 500-8500<\/span><\/h6>\n<p>[\/vc_column_text]\n<div class=\"wpcf7 no-js\" id=\"wpcf7-f3474-o1\" lang=\"en-US\" dir=\"ltr\" data-wpcf7-id=\"3474\">\n<div class=\"screen-reader-response\"><p role=\"status\" aria-live=\"polite\" aria-atomic=\"true\"><\/p> <ul><\/ul><\/div>\n<form action=\"\/es\/wp-json\/wp\/v2\/pages\/45924#wpcf7-f3474-o1\" method=\"post\" class=\"wpcf7-form init\" aria-label=\"Contact form\" novalidate=\"novalidate\" data-status=\"init\">\n<fieldset class=\"hidden-fields-container\"><input type=\"hidden\" name=\"_wpcf7\" value=\"3474\" \/><input type=\"hidden\" name=\"_wpcf7_version\" value=\"6.1.5\" \/><input type=\"hidden\" name=\"_wpcf7_locale\" value=\"en_US\" \/><input type=\"hidden\" name=\"_wpcf7_unit_tag\" value=\"wpcf7-f3474-o1\" \/><input type=\"hidden\" name=\"_wpcf7_container_post\" value=\"0\" \/><input type=\"hidden\" name=\"_wpcf7_posted_data_hash\" value=\"\" \/><input type=\"hidden\" name=\"_wpcf7_recaptcha_response\" value=\"\" \/>\n<\/fieldset>\n<div class=\"contact-form\">\n\t<div class=\"col-lg-4 col-md-8 col-xs-12\" style=\"margin-bottom:40px;\">\n\t\t<div class=\"form-line gem-form-icon-name\"><span class=\"wpcf7-form-control-wrap\" data-name=\"your-name\"><input size=\"40\" maxlength=\"400\" class=\"wpcf7-form-control wpcf7-text wpcf7-validates-as-required\" aria-required=\"true\" aria-invalid=\"false\" placeholder=\"Name*\" value=\"\" type=\"text\" name=\"your-name\" \/><\/span><\/div>\n\t<\/div>\n\t<div class=\"col-lg-4 col-md-8 col-xs-12\" style=\"margin-bottom:40px;\">\n\t\t<div class=\"form-line gem-form-icon-email\"><span class=\"wpcf7-form-control-wrap\" data-name=\"your-email\"><input size=\"40\" maxlength=\"400\" class=\"wpcf7-form-control wpcf7-email wpcf7-validates-as-required wpcf7-text wpcf7-validates-as-email\" aria-required=\"true\" aria-invalid=\"false\" placeholder=\"Email*\" value=\"\" type=\"email\" name=\"your-email\" \/><\/span><\/div>\n\t<\/div>\n\t<div class=\"col-lg-4 col-md-8 col-xs-12\" style=\"margin-bottom:40px;\">\n\t\t<div class=\"form-line gem-form-icon-phone\"><span class=\"wpcf7-form-control-wrap\" data-name=\"your-phone\"><input size=\"40\" maxlength=\"400\" class=\"wpcf7-form-control wpcf7-text\" aria-invalid=\"false\" placeholder=\"Phone*\" value=\"\" type=\"text\" name=\"your-phone\" \/><\/span><\/div>\n\t<\/div>\n\t<div class=\"col-lg-8 col-md-8 col-xs-12\">\n\t\t<div class=\"form-line\"><span class=\"wpcf7-form-control-wrap\" data-name=\"your-message\"><textarea cols=\"30\" rows=\"2\" maxlength=\"2000\" class=\"wpcf7-form-control wpcf7-textarea wpcf7-validates-as-required\" aria-required=\"true\" aria-invalid=\"false\" placeholder=\"Briefly Describe Your Case\" name=\"your-message\"><\/textarea><\/span><\/div>\n\t<\/div>\n\t<div class=\"col-lg-4 col-md-4 col-xs-12\">\n\t\t<div class=\"form-line\"><input class=\"wpcf7-form-control wpcf7-submit has-spinner gem-button\" type=\"submit\" value=\"Submit Message\" \/><\/div>\n\t<\/div>\n<\/div><p style=\"display: none !important;\" class=\"akismet-fields-container\" data-prefix=\"_wpcf7_ak_\"><label>&#916;<textarea name=\"_wpcf7_ak_hp_textarea\" cols=\"45\" rows=\"8\" maxlength=\"100\"><\/textarea><\/label><input type=\"hidden\" id=\"ak_js_1\" name=\"_wpcf7_ak_js\" value=\"197\"\/><script type=\"text\/javascript\">\n\/* <![CDATA[ *\/\ndocument.getElementById( \"ak_js_1\" ).setAttribute( \"value\", ( new Date() ).getTime() );\n\/* ]]> *\/\n<\/script>\n<\/p><div class=\"wpcf7-response-output\" aria-hidden=\"true\"><\/div>\n<\/form>\n<\/div>\n[\/vc_column][\/vc_row][vc_row full_width=&#8221;stretch_row&#8221; content_placement=&#8221;middle&#8221; parallax=&#8221;content-moving&#8221; parallax_image=&#8221;42878&#8243; background_position_horizontal=&#8221;left&#8221; parallax_speed_bg=&#8221;1.25&#8243;][vc_column width=&#8221;1\/2&#8243;][vc_column_text]<\/p>\n<h2><span style=\"color: #3d8dff;\">\u00bfCu\u00e1ntas personas obtienen <\/span><span style=\"font-weight: 300;\">visados H1-B?<\/span><\/h2>\n<p>El Congreso ha establecido un l\u00edmite al n\u00famero de visados H-1B concedidos anualmente desde su creaci\u00f3n en 1990. Actualmente, el l\u00edmite anual es de 65.000 visados. Sin embargo, hay otros 20.000 visados H-1B exclusivamente para trabajadores extranjeros licenciados en una universidad estadounidense con un m\u00e1ster o un doctorado. Aunque el n\u00famero var\u00eda cada a\u00f1o, se presentan unas 200.000 solicitudes H-1B al gobierno estadounidense. Estos topes no son aplicables a determinados \u00e1mbitos de empleo, como las instituciones de ense\u00f1anza superior, las organizaciones sin \u00e1nimo de lucro y los empleos p\u00fablicos.[\/vc_column_text][\/vc_column][vc_column width=&#8221;1\/2&#8243; offset=&#8221;vc_hidden-lg vc_hidden-md vc_hidden-sm&#8221;][vc_single_image image=&#8221;42876&#8243; img_size=&#8221;full&#8221; alignment=&#8221;center&#8221;][\/vc_column][\/vc_row][vc_row][vc_column][vc_column_text]<\/p>\n<h2><span style=\"color: #3d8dff;\">\u00bfCu\u00e1les son los requisitos <\/span><span style=\"font-weight: 300;\">H-1B?<\/span><\/h2>\n<p>Como ocurre con todos los visados, debe cumplir una serie de requisitos para poder optar a \u00e9l. Para el visado H-1B, necesitar\u00e1s: Una oferta de trabajo de un empleador con sede en EE.UU. para un puesto especializado para el que est\u00e9 especialmente cualificado El empleador potencial debe demostrar la falta de profesionales estadounidenses disponibles para el puesto.[\/vc_column_text][\/vc_column][\/vc_row][vc_row css=&#8221;.vc_custom_1641848412909{margin-top: 50px !important;margin-bottom: 50px !important;}&#8221;][vc_column][vc_column_text]<\/p>\n<h2><span style=\"color: #3d8dff;\">\u00bfCu\u00e1nto tiempo se tarda en obtener un <\/span><span style=\"font-weight: 300;\">visado H-1B?<\/span><\/h2>\n<p>Por lo general, un visado H-1B est\u00e1ndar tarda entre 2 y 6 meses en tramitarse. Siempre puede comprobar el estado de su solicitud a trav\u00e9s de su cuenta del USCIS. Sin embargo, es posible obtener una tramitaci\u00f3n acelerada de un visado H-1B. Se requiere un formulario adicional para solicitar la tramitaci\u00f3n acelerada, as\u00ed como una tasa de presentaci\u00f3n adicional. Es una buena idea presentar toda la documentaci\u00f3n adicional con el formulario est\u00e1ndar I-129 de solicitud de visado H-1B.[\/vc_column_text][\/vc_column][\/vc_row][vc_row css=&#8221;.vc_custom_1641848412909{margin-top: 50px !important;margin-bottom: 50px !important;}&#8221;][vc_column][vc_column_text]<\/p>\n<h2><span style=\"color: #3d8dff;\">\u00bfCu\u00e1l es el proceso de solicitud del <\/span><span style=\"font-weight: 300;\">visado H-1B?<\/span><\/h2>\n<p>El proceso de solicitud del visado H-1B comienza abriendo una cuenta en el USCIS para participar en la loter\u00eda. Aunque ya tenga una cuenta en el USCIS, tendr\u00e1 que crear un perfil \u00fanico para el proceso de registro H-1B. Tendr\u00e1 que facilitar informaci\u00f3n b\u00e1sica sobre usted, su posible empleador, el puesto, etc. Esta parte del proceso de registro tambi\u00e9n requiere el pago de una tasa de solicitud. Puede introducir esta informaci\u00f3n usted mismo o pedir a un abogado que lo haga en su nombre. S\u00f3lo hay 14 d\u00edas de todo el a\u00f1o para el proceso de inscripci\u00f3n. S\u00f3lo podr\u00e1 optar al visado H-1B despu\u00e9s de completar la solicitud. Puede seguir el estado de su solicitud desde su perfil de USCIS.[\/vc_column_text][\/vc_column][\/vc_row][vc_row css=&#8221;.vc_custom_1641848412909{margin-top: 50px !important;margin-bottom: 50px !important;}&#8221;][vc_column][vc_column_text]<\/p>\n<h2><span style=\"color: #3d8dff;\">\u00bfCu\u00e1nto tiempo puede permanecer en EE.UU. <\/span><span style=\"font-weight: 300;\">con un visado H-1B?<br \/>\n<\/span><\/h2>\n<p>Un visado H-1B puede permitirte vivir y trabajar en Estados Unidos durante un m\u00e1ximo de 3 a\u00f1os. Sin embargo, es habitual ampliar este plazo siempre que se sigan cumpliendo los requisitos iniciales. Aun as\u00ed, no es habitual que se prolongue m\u00e1s de 6 a\u00f1os. Si tu empleador pone fin a la relaci\u00f3n laboral antes de que finalice el visado H-1B, ser\u00e1 responsable de pagar el coste del regreso a tu pa\u00eds de origen. Esto no se aplica si terminas la relaci\u00f3n voluntariamente.[\/vc_column_text][\/vc_column][\/vc_row][vc_row css=&#8221;.vc_custom_1641848412909{margin-top: 50px !important;margin-bottom: 50px !important;}&#8221;][vc_column][vc_column_text]<\/p>\n<h2><span style=\"color: #3d8dff;\">\u00bfC\u00f3mo afecta el visado H-1B <\/span><span style=\"font-weight: 300;\">afecta a los miembros de la familia?<\/span><\/h2>\n<p>Los beneficiarios del visado H-1B pueden ver admitido a su c\u00f3nyuge y a sus hijos solteros menores de 21 a\u00f1os a trav\u00e9s del visado de no inmigrante H-4. Es importante cumplimentar y presentar esta documentaci\u00f3n lo antes posible para garantizar que su familia pueda reunirse con usted inmediatamente despu\u00e9s de la aprobaci\u00f3n de su visado H-1B.<\/p>\n<h2><span style=\"color: #3d8dff;\">\u00bfNecesita un abogado especializado en visados H-1B <\/span><span style=\"font-weight: 300;\">para solicitarlo?<\/span><\/h2>\n<p>Aunque puede presentar una solicitud de visado H-1B por su cuenta, es muy aconsejable trabajar con un abogado de inmigraci\u00f3n con experiencia. Estos profesionales saben exactamente qu\u00e9 se necesita, c\u00f3mo cumplimentar correctamente los tr\u00e1mites, cu\u00e1ndo presentar los documentos y mucho m\u00e1s. Trabajar con un abogado de confianza puede reducir dr\u00e1sticamente los dolores de cabeza y las presiones de tiempo, al tiempo que mejora sus posibilidades de recibir la aprobaci\u00f3n.<\/p>\n<h2><span style=\"color: #3d8dff;\">Solicite su visado H-1B <\/span><span style=\"font-weight: 300;\">hoy mismo.<\/span><\/h2>\n<p>Si busca apoyo profesional para la solicitud del visado H-1B, \u00a1est\u00e1 en el lugar adecuado! En Moore Law, nos especializamos en ayudar a los clientes a alcanzar sus metas de visa de inmigraci\u00f3n. A lo largo de los a\u00f1os, hemos ayudado a innumerables personas, parejas y familias a simplificar los procesos de visado e inmigraci\u00f3n para trasladarse al pa\u00eds de sus sue\u00f1os de forma r\u00e1pida, eficaz y satisfactoria.<\/p>\n<p>No dude en ponerse en contacto con nosotros hoy mismo para obtener m\u00e1s informaci\u00f3n sobre el proceso de visado H-1B y c\u00f3mo podemos ayudarle. Estaremos encantados de responder a todas sus preguntas durante un proceso de consulta gratuito. Esperamos sus noticias.[\/vc_column_text][\/vc_column][\/vc_row]<\/p>\n<\/div>","protected":false},"excerpt":{"rendered":"<p>[vc_row full_width=&#8221;stretch_row_content_no_spaces&#8221; content_placement=&#8221;bottom&#8221; custom_css_code=&#8221;aDElMjAlN0IlMEElMjAlMjBtYXgtd2lkdGglM0ExMDAwcHglM0IlMEElMjAlMjB0ZXh0LWFsaWduJTNBY2VudGVyJTNCJTBBJTA5bWFyZ2luJTNBMCUyMGF1dG8lM0IlMEElN0QlMEElMEFwJTIwJTdCJTBBJTIwJTIwbWF4LXdpZHRoJTNBMTAwMHB4JTNCJTBBJTIwJTIwY29sb3IlM0ElMjAlMjNmZmZmZmYlM0IlMEElMjAlMjBwYWRkaW5nLXRvcCUzQSUyMDIwcHglM0IlMEElMjAlMjB0ZXh0LWFsaWduJTNBY2VudGVyJTNCJTBBJTA5bWFyZ2luJTNBMCUyMGF1dG8lM0IlMEElMjAlMjB0ZXh0LXNoYWRvdyUzQSUyMDFweCUyMDFweCUyMGJsYWNrJTNCJTBBJTdE&#8221; css=&#8221;.vc_custom_1632068369571{background-image: url(https:\/\/www.moorelawfirmaz.com\/wp-content\/uploads\/2019\/08\/Large-Blue-Header-Background.jpg?id=37226) !important;background-position: center !important;background-repeat: no-repeat !important;background-size: cover !important;}&#8221;][vc_column][vc_column_text css_animation=&#8221;none&#8221; css=&#8221;.vc_custom_1675747934319{margin-right: 20px !important;margin-left: 20px !important;padding-top: 200px&#8230;<\/p>\n","protected":false},"author":22,"featured_media":0,"parent":41679,"menu_order":0,"comment_status":"closed","ping_status":"closed","template":"","meta":{"footnotes":""},"class_list":["post-45924","page","type-page","status-publish"],"acf":[],"_links":{"self":[{"href":"https:\/\/www.moorelawfirmaz.com\/es\/wp-json\/wp\/v2\/pages\/45924","targetHints":{"allow":["GET"]}}],"collection":[{"href":"https:\/\/www.moorelawfirmaz.com\/es\/wp-json\/wp\/v2\/pages"}],"about":[{"href":"https:\/\/www.moorelawfirmaz.com\/es\/wp-json\/wp\/v2\/types\/page"}],"author":[{"embeddable":true,"href":"https:\/\/www.moorelawfirmaz.com\/es\/wp-json\/wp\/v2\/users\/22"}],"replies":[{"embeddable":true,"href":"https:\/\/www.moorelawfirmaz.com\/es\/wp-json\/wp\/v2\/comments?post=45924"}],"version-history":[{"count":3,"href":"https:\/\/www.moorelawfirmaz.com\/es\/wp-json\/wp\/v2\/pages\/45924\/revisions"}],"predecessor-version":[{"id":45927,"href":"https:\/\/www.moorelawfirmaz.com\/es\/wp-json\/wp\/v2\/pages\/45924\/revisions\/45927"}],"up":[{"embeddable":true,"href":"https:\/\/www.moorelawfirmaz.com\/es\/wp-json\/wp\/v2\/pages\/41679"}],"wp:attachment":[{"href":"https:\/\/www.moorelawfirmaz.com\/es\/wp-json\/wp\/v2\/media?parent=45924"}],"curies":[{"name":"wp","href":"https:\/\/api.w.org\/{rel}","templated":true}]}}