{"id":45920,"date":"2023-05-07T18:43:46","date_gmt":"2023-05-08T01:43:46","guid":{"rendered":"https:\/\/www.moorelawfirmaz.com\/ley-de-inmigracion\/basado-en-el-empleo\/"},"modified":"2023-05-07T18:43:49","modified_gmt":"2023-05-08T01:43:49","slug":"basado-en-el-empleo","status":"publish","type":"page","link":"https:\/\/www.moorelawfirmaz.com\/es\/ley-de-inmigracion\/basado-en-el-empleo\/","title":{"rendered":"Basado en el empleo"},"content":{"rendered":"<div class=\"wpb-content-wrapper\"><p>[vc_row full_width=&#8221;stretch_row_content_no_spaces&#8221; content_placement=&#8221;bottom&#8221; custom_css_code=&#8221;aDElMjAlN0IlMEElMjAlMjBtYXgtd2lkdGglM0ExMDAwcHglM0IlMEElMjAlMjB0ZXh0LWFsaWduJTNBY2VudGVyJTNCJTBBJTA5bWFyZ2luJTNBMCUyMGF1dG8lM0IlMEElN0QlMEElMEFwJTIwJTdCJTBBJTIwJTIwbWF4LXdpZHRoJTNBMTAwMHB4JTNCJTBBJTIwJTIwY29sb3IlM0ElMjAlMjNmZmZmZmYlM0IlMEElMjAlMjBwYWRkaW5nLXRvcCUzQSUyMDIwcHglM0IlMEElMjAlMjB0ZXh0LWFsaWduJTNBY2VudGVyJTNCJTBBJTA5bWFyZ2luJTNBMCUyMGF1dG8lM0IlMEElMjAlMjB0ZXh0LXNoYWRvdyUzQSUyMDFweCUyMDFweCUyMGJsYWNrJTNCJTBBJTdE&#8221; css=&#8221;.vc_custom_1632068369571{background-image: url(https:\/\/www.moorelawfirmaz.com\/wp-content\/uploads\/2019\/08\/Large-Blue-Header-Background.jpg?id=37226) !important;background-position: center !important;background-repeat: no-repeat !important;background-size: cover !important;}&#8221;][vc_column][vc_column_text css_animation=&#8221;none&#8221; css=&#8221;.vc_custom_1656377008123{margin-right: 20px !important;margin-left: 20px !important;padding-top: 200px !important;}&#8221;]<\/p>\n<h1><span style=\"font-weight: 300;\">Abogado de<\/span> inmigraci\u00f3n basada en el empleo<br \/>\n<span style=\"font-weight: 300; font-size: 40%; line-height: 0px;\">Tucson, Arizona<\/span><\/h1>\n<p>Abogados de inmigraci\u00f3n laboral en los que puede confiar.[\/vc_column_text][vc_single_image image=&#8221;41760&#8243; img_size=&#8221;full&#8221; css=&#8221;.vc_custom_1632014884091{margin-bottom: 0px !important;}&#8221;][\/vc_column][\/vc_row][vc_row custom_css_code=&#8221;LndwYl90ZXh0X2NvbHVtbiUyMHVsJTIwbGklM0FiZWZvcmUlMjAlN0IlMEElMjAlMjAlMjAlMjBoZWlnaHQlM0ElMjAwcHglM0IlMEElMjAlMjAlMjAlMjB3aWR0aCUzQSUyMDBweCUzQiUwQSU3RCUwQS52Y19jdXN0b21fMTY0NTIxOTcwNjE1OCUyMCU3QiUwQSUyMCUyMCUyMCUyMHBhZGRpbmctdG9wJTNBMTBweCUyMCUyMWltcG9ydGFudCUzQiUwQSU3RA==&#8221;][vc_column][vc_column_text]<\/p>\n<h2><span style=\"color: #3d8dff;\">Expertos en inmigraci\u00f3n laboral <\/span><span style=\"font-weight: 300;\"> Abogados<\/span><\/h2>\n<p>[\/vc_column_text][vc_row_inner content_placement=&#8221;middle&#8221; gap=&#8221;35&#8243;][vc_column_inner width=&#8221;1\/2&#8243;][vc_column_text]The Moore Law Firm es su fuente de servicios legales de inmigraci\u00f3n basados en el empleo, expertos, experimentados y de primera calidad, dise\u00f1ados para ayudarle a obtener un estatus legal a trav\u00e9s de peticiones de empleo y patrocinio. Nuestros abogados dedicados y profesionales trabajan estrechamente con usted para proporcionarle la experiencia completa y personalizada de inmigraci\u00f3n basada en el empleo que necesita para crear la oportunidad para que usted pueda vivir su propio sue\u00f1o americano.<\/p>\n<p>Como <a href=\"https:\/\/www.moorelawfirmaz.com\/es\/ley-de-inmigracion\/\">bufete de abogados de inmigraci\u00f3n<\/a> l\u00edder, nuestro objetivo es asegurarnos de que pueda conseguir los trabajadores para su empresa y ayudarles a entrar en Am\u00e9rica. Analizamos cada caso minuciosamente para asegurarnos de que todos los documentos son correctos, de modo que todo su proceso de inmigraci\u00f3n basado en el empleo est\u00e9 tan libre de estr\u00e9s y preocupaciones como sea posible.[\/vc_column_text][\/vc_column_inner][vc_column_inner width=&#8221;1\/2&#8243;][vc_column_text]<\/p>\n<div class=\"toc\">\n<h4>En esta p\u00e1gina<\/h4>\n<ul>\n<li><a href=\"#toc_1\">\u00bfQu\u00e9 es la inmigraci\u00f3n basada en el empleo?<\/a><\/li>\n<li><a href=\"#toc_2\">Categor\u00edas de extranjeros<\/a>\n<ul>\n<li><a href=\"#toc_2.1\">Trabajadores prioritarios y personas con capacidades extraordinarias<\/a><\/li>\n<li><a href=\"#toc_2.2\">Profesionales con titulaci\u00f3n superior o personas con capacidades excepcionales<\/a><\/li>\n<li><a href=\"#toc_2.3\">Trabajadores cualificados, profesionales y otros trabajadores<\/a><\/li>\n<li><a href=\"#toc_2.4\">Inmigrantes especiales<\/a><\/li>\n<\/ul>\n<\/li>\n<li><a href=\"#toc_4\">Abogados de inmigraci\u00f3n basada en el empleo en el Moore Law Firm<\/a><\/li>\n<\/ul>\n<\/div>\n<p>[\/vc_column_text][\/vc_column_inner][\/vc_row_inner][\/vc_column][\/vc_row][vc_row][vc_column][vc_column_text]<\/p>\n<h2><span style=\"color: #3d8dff;\">\u00bfQu\u00e9 es la inmigraci\u00f3n <\/span><span style=\"font-weight: 300;\">basada en el empleo?<\/span><\/h2>\n<p>Las clasificaciones de visados temporales basados en el empleo son una excelente manera de cubrir necesidades laborales espec\u00edficas en Estados Unidos. Por desgracia, la mayor\u00eda de los trabajadores temporales tienen pocas posibilidades de cambiar de empresa. Deben marcharse si su estatus expira o cuando se pone fin al mismo, pero este tipo de inmigraci\u00f3n ofrece muchas ventajas tanto para el empleador como para el empleado.<\/p>\n<p>La inmigraci\u00f3n basada en el empleo le permite obtener una clasificaci\u00f3n de visado y se le permite trabajar para la empresa que le contrata. Esto se debe a que el empresario solicita en su nombre la contrataci\u00f3n de extranjeros para trabajos espec\u00edficos durante un periodo de tiempo limitado.[\/vc_column_text][\/vc_column][\/vc_row][vc_row full_width=&#8221;stretch_row&#8221; css=&#8221;.vc_custom_1656379949732{background-color: #00012e !important;}&#8221;][vc_column][vc_column_text]<\/p>\n<p style=\"text-align: center; color: #ffffff;\">Cada a\u00f1o, hay 140.000 tarjetas verdes disponibles para inmigrantes basados en el empleo dentro de cinco categor\u00edas. Las cinco categor\u00edas, o &#8220;preferencias&#8221;, forman parte de la Ley de Inmigraci\u00f3n de 1990.<\/p>\n<p style=\"text-align: center; color: #ffffff;\">Fuente: <a style=\"color: #ffffff;\" href=\"https:\/\/www.migrationpolicy.org\/content\/explainer-how-us-legal-immigration-system-works\" target=\"_blank\" rel=\"noopener\">Instituto de Pol\u00edtica Migratoria<\/a><\/p>\n<p>[\/vc_column_text][\/vc_column][\/vc_row][vc_row][vc_column][vc_column_text]<\/p>\n<h2><span style=\"color: #3d8dff;\">Categor\u00edas de <\/span><span style=\"font-weight: 300;\">Extranjeros<\/span><\/h2>\n<p>Cuando llegue el momento de solicitar su visado de inmigraci\u00f3n por motivos laborales, tendr\u00e1 que saber a qu\u00e9 categor\u00eda pertenece. Todos los extranjeros pertenecen a una de estas cuatro categor\u00edas:[\/vc_column_text][\/vc_column][\/vc_row][vc_row][vc_column width=&#8221;1\/2&#8243;][vc_column_text]<\/p>\n<h3>Trabajadores prioritarios y personas con capacidades extraordinarias<\/h3>\n<p>Categor\u00eda de primera preferencia (EB-1). Esta categor\u00eda incluye a personas que han realizado contribuciones extraordinarias a las artes, las ciencias y la educaci\u00f3n. Tambi\u00e9n cuenta con destacados profesores o investigadores y directivos\/ejecutivos multinacionales que operan a escala internacional.[\/vc_column_text][vc_column_text]<\/p>\n<h3>Profesionales con titulaci\u00f3n superior o personas con capacidades excepcionales<\/h3>\n<p>Categor\u00eda de segunda preferencia (EB-2). Se trata de una categor\u00eda especial para personas con un alto nivel educativo que han triunfado en sus respectivos campos. Este grupo incluye a profesionales con titulaci\u00f3n superior, artistas y cient\u00edficos por igual.[\/vc_column_text][vc_column_text]<\/p>\n<h3>Trabajadores cualificados, profesionales y otros trabajadores<\/h3>\n<p>La categor\u00eda de tercera preferencia (EB-3). Esta categor\u00eda de &#8220;trabajadores cualificados&#8221; incluye a aquellos con empleos que requieren al menos dos a\u00f1os de formaci\u00f3n o experiencia. Puede tratarse de un trabajo temporal o estacional; los profesionales con licenciatura tambi\u00e9n entrar\u00e1n en esta categor\u00eda si ocupan puestos que requieren cualificaciones muy espec\u00edficas, como m\u00e9dicos y abogados.[\/vc_column_text][vc_column_text]<\/p>\n<h3>Inmigrantes especiales<\/h3>\n<p>La categor\u00eda de cuarta preferencia (EB-4). Esta categor\u00eda comprende a los ministros y no ministros de vocaciones y ocupaciones religiosas que realizan un trabajo religioso en un puesto remunerado a tiempo completo.[\/vc_column_text][vc_column_text]<\/p>\n<h3>Inversores inmigrantes<\/h3>\n<p>La categor\u00eda de Quinta Preferencia (E5). Los visados de inmigrante inversor est\u00e1n destinados a inversores extranjeros en nuevas empresas comerciales creadoras de empleo dentro de Estados Unidos.[\/vc_column_text][\/vc_column][vc_column width=&#8221;1\/2&#8243;][vc_single_image image=&#8221;42541&#8243; img_size=&#8221;full&#8221;][\/vc_column][\/vc_row][vc_row css=&#8221;.vc_custom_1656377674261{margin-bottom: 50px !important;}&#8221;][vc_column][vc_column_text]<\/p>\n<h2><span style=\"color: #3d8dff;\">Abogados de inmigraci\u00f3n basados en el empleo <\/span><span style=\"font-weight: 300;\"><br \/>\nen el Moore Law Firm<\/span><\/h2>\n<p>Si desea obtener m\u00e1s informaci\u00f3n acerca de c\u00f3mo obtener la orientaci\u00f3n jur\u00eddica de expertos y la representaci\u00f3n que se merece para su empleo basado en la inmigraci\u00f3n, llame a los abogados de empleo basado en la inmigraci\u00f3n en Moore Law Firm hoy. Estamos aqu\u00ed para guiarle a lo largo del proceso, comprender sus opciones y ayudarle a navegar por todo el proceso sin estr\u00e9s ni preocupaciones, porque usted tambi\u00e9n se merece descubrir su propio sue\u00f1o americano.[\/vc_column_text][\/vc_column][\/vc_row]<\/p>\n<\/div>","protected":false},"excerpt":{"rendered":"<p>[vc_row full_width=&#8221;stretch_row_content_no_spaces&#8221; content_placement=&#8221;bottom&#8221; custom_css_code=&#8221;aDElMjAlN0IlMEElMjAlMjBtYXgtd2lkdGglM0ExMDAwcHglM0IlMEElMjAlMjB0ZXh0LWFsaWduJTNBY2VudGVyJTNCJTBBJTA5bWFyZ2luJTNBMCUyMGF1dG8lM0IlMEElN0QlMEElMEFwJTIwJTdCJTBBJTIwJTIwbWF4LXdpZHRoJTNBMTAwMHB4JTNCJTBBJTIwJTIwY29sb3IlM0ElMjAlMjNmZmZmZmYlM0IlMEElMjAlMjBwYWRkaW5nLXRvcCUzQSUyMDIwcHglM0IlMEElMjAlMjB0ZXh0LWFsaWduJTNBY2VudGVyJTNCJTBBJTA5bWFyZ2luJTNBMCUyMGF1dG8lM0IlMEElMjAlMjB0ZXh0LXNoYWRvdyUzQSUyMDFweCUyMDFweCUyMGJsYWNrJTNCJTBBJTdE&#8221; css=&#8221;.vc_custom_1632068369571{background-image: url(https:\/\/www.moorelawfirmaz.com\/wp-content\/uploads\/2019\/08\/Large-Blue-Header-Background.jpg?id=37226) !important;background-position: center !important;background-repeat: no-repeat !important;background-size: cover !important;}&#8221;][vc_column][vc_column_text css_animation=&#8221;none&#8221; css=&#8221;.vc_custom_1656377008123{margin-right: 20px !important;margin-left: 20px !important;padding-top: 200px&#8230;<\/p>\n","protected":false},"author":22,"featured_media":41553,"parent":41679,"menu_order":0,"comment_status":"closed","ping_status":"closed","template":"","meta":{"footnotes":""},"class_list":["post-45920","page","type-page","status-publish","has-post-thumbnail"],"acf":[],"_links":{"self":[{"href":"https:\/\/www.moorelawfirmaz.com\/es\/wp-json\/wp\/v2\/pages\/45920","targetHints":{"allow":["GET"]}}],"collection":[{"href":"https:\/\/www.moorelawfirmaz.com\/es\/wp-json\/wp\/v2\/pages"}],"about":[{"href":"https:\/\/www.moorelawfirmaz.com\/es\/wp-json\/wp\/v2\/types\/page"}],"author":[{"embeddable":true,"href":"https:\/\/www.moorelawfirmaz.com\/es\/wp-json\/wp\/v2\/users\/22"}],"replies":[{"embeddable":true,"href":"https:\/\/www.moorelawfirmaz.com\/es\/wp-json\/wp\/v2\/comments?post=45920"}],"version-history":[{"count":3,"href":"https:\/\/www.moorelawfirmaz.com\/es\/wp-json\/wp\/v2\/pages\/45920\/revisions"}],"predecessor-version":[{"id":45923,"href":"https:\/\/www.moorelawfirmaz.com\/es\/wp-json\/wp\/v2\/pages\/45920\/revisions\/45923"}],"up":[{"embeddable":true,"href":"https:\/\/www.moorelawfirmaz.com\/es\/wp-json\/wp\/v2\/pages\/41679"}],"wp:featuredmedia":[{"embeddable":true,"href":"https:\/\/www.moorelawfirmaz.com\/es\/wp-json\/wp\/v2\/media\/41553"}],"wp:attachment":[{"href":"https:\/\/www.moorelawfirmaz.com\/es\/wp-json\/wp\/v2\/media?parent=45920"}],"curies":[{"name":"wp","href":"https:\/\/api.w.org\/{rel}","templated":true}]}}