{"id":44759,"date":"2022-04-07T13:58:24","date_gmt":"2022-04-07T20:58:24","guid":{"rendered":"https:\/\/www.moorelawfirmaz.com\/base-de-conocimientos\/seguridad-contra-fallas-mecanicas-del-vehiculo\/"},"modified":"2022-04-07T14:01:23","modified_gmt":"2022-04-07T21:01:23","slug":"falla-del-vehiculo","status":"publish","type":"page","link":"https:\/\/www.moorelawfirmaz.com\/es\/base-de-conocimientos\/falla-del-vehiculo\/","title":{"rendered":"Seguridad contra fallas mec\u00e1nicas del veh\u00edculo"},"content":{"rendered":"<div class=\"wpb-content-wrapper\"><p>[vc_row full_width=&#8221;stretch_row_content_no_spaces&#8221; content_placement=&#8221;bottom&#8221; custom_css_code=&#8221;aDElMjAlN0IlMEElMjAlMjBtYXgtd2lkdGglM0ExMDAwcHglM0IlMEElMjAlMjB0ZXh0LWFsaWduJTNBY2VudGVyJTNCJTBBJTA5bWFyZ2luJTNBMCUyMGF1dG8lM0IlMEElN0QlMEElMEFwJTIwJTdCJTBBJTIwJTIwbWF4LXdpZHRoJTNBMTAwMHB4JTNCJTBBJTIwJTIwY29sb3IlM0ElMjAlMjNmZmZmZmYlM0IlMEElMjAlMjBwYWRkaW5nLXRvcCUzQSUyMDIwcHglM0IlMEElMjAlMjB0ZXh0LWFsaWduJTNBY2VudGVyJTNCJTBBJTA5bWFyZ2luJTNBMCUyMGF1dG8lM0IlMEElMjAlMjB0ZXh0LXNoYWRvdyUzQSUyMDFweCUyMDFweCUyMGJsYWNrJTNCJTBBJTdE&#8221; css=&#8221;.vc_custom_1632068369571{background-image: url(https:\/\/www.moorelawfirmaz.com\/wp-content\/uploads\/2019\/08\/Large-Blue-Header-Background.jpg?id=37226) !important;background-position: center !important;background-repeat: no-repeat !important;background-size: cover !important;}&#8221;][vc_column][vc_column_text css_animation=&#8221;none&#8221; css=&#8221;.vc_custom_1649197237534{margin-right: 20px !important;margin-left: 20px !important;padding-top: 200px !important;}&#8221;]<\/p>\n<h1>Seguridad en la conducci\u00f3n <span style=\"font-weight: 300; font-size: 75%;\">Fallas mec\u00e1nicas del veh\u00edculo<\/span><br \/>\n<span style=\"font-weight: 300; font-size: 40%; line-height: 0px;\">Tucson, Arizona<\/span><\/h1>\n<p>En Moore Law Firm, entendemos que contar con las mejores pr\u00e1cticas de conducci\u00f3n segura para nuestros clientes puede ayudar a salvar vidas.[\/vc_column_text][vc_single_image image=&#8221;41760&#8243; img_size=&#8221;full&#8221; css=&#8221;.vc_custom_1632014884091{margin-bottom: 0px !important;}&#8221;][\/vc_column][\/vc_row][vc_row custom_css_code=&#8221;LndwYl90ZXh0X2NvbHVtbiUyMHVsJTIwbGklM0FiZWZvcmUlMjAlN0IlMEElMjAlMjAlMjAlMjBoZWlnaHQlM0ElMjAwcHglM0IlMEElMjAlMjAlMjAlMjB3aWR0aCUzQSUyMDBweCUzQiUwQSU3RCUwQS52Y19jdXN0b21fMTY0NTIxOTcwNjE1OCUyMCU3QiUwQSUyMCUyMCUyMCUyMHBhZGRpbmctdG9wJTNBMTBweCUyMCUyMWltcG9ydGFudCUzQiUwQSU3RA==&#8221;][vc_column][vc_column_text css_animation=&#8221;none&#8221;]<\/p>\n<h2><span style=\"color: #3d8dff;\">C\u00f3mo navegar<\/span> <span style=\"font-weight: 300;\">cuando tu veh\u00edculo falla<\/span><\/h2>\n<p>[\/vc_column_text][vc_row_inner][vc_column_inner width=&#8221;2\/3&#8243;][vc_column_text css_animation=&#8221;none&#8221;]Manejar requiere toda su atenci\u00f3n, especialmente cuando nunca sabe qu\u00e9 conductores a su alrededor se distraer\u00e1n con sus tel\u00e9fonos, conversaciones o cualquier otra cosa.<\/p>\n<p>Pero hay momentos en que su veh\u00edculo o partes de su autom\u00f3vil, como sus llantas, fallar\u00e1n, lo que har\u00e1 que tenga que reaccionar en un momento para detener su veh\u00edculo de manera segura y evitar un accidente. Entonces, \u00bfqu\u00e9 haces cuando ocurren fallas en el veh\u00edculo mientras conduces?<\/p>\n<p>Estos son los consejos de nuestros expertos sobre el manejo de fallas de veh\u00edculos mientras conduce para mantenerlo a usted y a cualquiera de sus pasajeros seguros mientras se encuentran en las concurridas carreteras y autopistas de Arizona.[\/vc_column_text][\/vc_column_inner][vc_column_inner width=&#8221;1\/3&#8243;][vc_column_text]<\/p>\n<div class=\"toc\">\n<div id=\"toc_1\"><\/div>\n<h4>En esta p\u00e1gina<\/h4>\n<ul>\n<li><a href=\"#toc_1\">Falla de neum\u00e1ticos<\/a><\/li>\n<li><a href=\"#toc_2\">Fuego<\/a><\/li>\n<li><a href=\"#toc_3\">Calentamiento excesivo<\/a><\/li>\n<li><a href=\"#toc_4\">Fallo de los faros<\/a><\/li>\n<li><a href=\"#toc_5\">Falla de freno<\/a><\/li>\n<li><a href=\"#toc_6\">Falla de la direcci\u00f3n asistida<\/a><\/li>\n<\/ul>\n<\/div>\n<p>[\/vc_column_text][\/vc_column_inner][\/vc_row_inner][\/vc_column][\/vc_row][vc_row][vc_column][vc_column_text]<\/p>\n<div id=\"toc_2\"><\/div>\n<h3>Falla de neum\u00e1ticos<\/h3>\n<p>[\/vc_column_text][vc_row_inner][vc_column_inner width=&#8221;1\/4&#8243;][vc_single_image image=&#8221;44710&#8243; img_size=&#8221;full&#8221;][\/vc_column_inner][vc_column_inner width=&#8221;3\/4&#8243;][vc_column_text css_animation=&#8221;none&#8221;]Las fallas de los neum\u00e1ticos ocurren todo el tiempo, y puede reducir sus posibilidades de pincharse revisando regularmente la presi\u00f3n de los neum\u00e1ticos. Y si tuviera una llanta pinchada, hay tres cosas clave que debe hacer:[\/vc_column_text]<div class=\"gem-list gem-list-type-checkbox\" ><ul>\n<li>Hold your steering wheel tightly to keep your vehicle moving straight forward.<\/li>\n<li>Let off the gas pedal but do not apply the brakes.<\/li>\n<li>Allow your car to slow down on its own.<\/li>\n<li>Safely pull over to the side of the road and stop your vehicle.<\/li>\n<\/ul>\n<\/div>[\/vc_column_inner][\/vc_row_inner][\/vc_column][\/vc_row][vc_row][vc_column][vc_column_text]<\/p>\n<div id=\"toc_3\"><\/div>\n<h3>Fuego<\/h3>\n<p>[\/vc_column_text][vc_row_inner][vc_column_inner width=&#8221;1\/4&#8243;][vc_single_image image=&#8221;44720&#8243; img_size=&#8221;full&#8221;][\/vc_column_inner][vc_column_inner width=&#8221;3\/4&#8243;][vc_column_text css_animation=&#8221;none&#8221;]Por lo general, los incendios son causados por un cortocircuito en el sistema el\u00e9ctrico de su autom\u00f3vil. Si ve que su veh\u00edculo se est\u00e1 incendiando, salga r\u00e1pidamente de la carretera, apague el motor para cortar la energ\u00eda el\u00e9ctrica e inmediatamente aleje a todos los pasajeros de su autom\u00f3vil.<\/p>\n<p>Llama al 911. Siempre querr\u00e1 llevar un extintor de incendios que sea de qu\u00edmico seco con clasificaci\u00f3n ABC, pero si no tiene uno, una manta pesada, un abrigo o incluso arena pueden ayudar a sofocar las llamas. Si el fuego est\u00e1 fuera de su control, mant\u00e9ngase alejado del veh\u00edculo.[\/vc_column_text][\/vc_column_inner][\/vc_row_inner][\/vc_column][\/vc_row][vc_row][vc_column][vc_column_text]<\/p>\n<div id=\"toc_4\"><\/div>\n<h3>Calentamiento excesivo<\/h3>\n<p>[\/vc_column_text][vc_row_inner][vc_column_inner width=&#8221;1\/4&#8243;][vc_single_image image=&#8221;44723&#8243; img_size=&#8221;full&#8221;][\/vc_column_inner][vc_column_inner width=&#8221;3\/4&#8243;][vc_column_text css_animation=&#8221;none&#8221;]Si sale vapor debajo del cap\u00f3 de su autom\u00f3vil, puede significar que su sistema de enfriamiento est\u00e1 sobrecalentado. Inmediatamente debe detenerse a un lado de la carretera y apagar su veh\u00edculo. Luego, levante el cap\u00f3 pero nunca abra la tapa del radiador porque el vapor causar\u00e1 quemaduras graves.<\/p>\n<p>Siempre es aconsejable llevar agua adicional para agregar a su radiador si su motor se sobrecalienta. No lo agregues mientras est\u00e9 caliente.[\/vc_column_text][\/vc_column_inner][\/vc_row_inner][\/vc_column][\/vc_row][vc_row css=&#8221;.vc_custom_1649198270287{margin-bottom: 40px !important;}&#8221;][vc_column][vc_column_text]<\/p>\n<div id=\"toc_5\"><\/div>\n<h3>Fallo de los faros<\/h3>\n<p>[\/vc_column_text][vc_row_inner][vc_column_inner width=&#8221;1\/4&#8243;][vc_single_image image=&#8221;44726&#8243; img_size=&#8221;full&#8221;][\/vc_column_inner][vc_column_inner width=&#8221;3\/4&#8243;][vc_column_text css_animation=&#8221;none&#8221;]Si su faro o luces fallan, intente encender el interruptor de luz alta\/luz baja, puede restaurar la funci\u00f3n normal. Intente encender y apagar el interruptor de los faros varias veces, y si ninguna de esas cosas funciona, encienda las luces de estacionamiento y las luces intermitentes de emergencia, y h\u00e1gase a un lado de la carretera.[\/vc_column_text][\/vc_column_inner][\/vc_row_inner][\/vc_column][\/vc_row][vc_row][vc_column][vc_column_text]<\/p>\n<div id=\"toc_6\"><\/div>\n<h3>Falla de freno<\/h3>\n<p>[\/vc_column_text][vc_row_inner][vc_column_inner width=&#8221;1\/4&#8243;][vc_single_image image=&#8221;44728&#8243; img_size=&#8221;full&#8221;][\/vc_column_inner][vc_column_inner width=&#8221;3\/4&#8243;][vc_column_text css_animation=&#8221;none&#8221;]La mayor\u00eda de los veh\u00edculos vienen con sistemas de frenos antibloqueo o ABS. Nunca querr\u00e1s bombear frenos antibloqueo. Sin embargo, si su autom\u00f3vil no tiene ABS, querr\u00e1 bombear los frenos r\u00e1pidamente para ayudar a acumular suficiente presi\u00f3n para detener su veh\u00edculo. Si eso no funciona, aplique lentamente el freno de mano, pero aseg\u00farese de soltar el freno de esa manera. Puede soltarlo si las ruedas traseras se bloquean y comienza a patinar.<\/p>\n<p>Intente cambiar a una marcha m\u00e1s baja para reducir la velocidad del autom\u00f3vil y encontrar un lugar seguro para detenerse.[\/vc_column_text][\/vc_column_inner][\/vc_row_inner][\/vc_column][\/vc_row][vc_row css=&#8221;.vc_custom_1649198270287{margin-bottom: 40px !important;}&#8221;][vc_column][vc_column_text]<\/p>\n<h3>Falla de la direcci\u00f3n asistida<\/h3>\n<p>[\/vc_column_text][vc_row_inner][vc_column_inner][vc_column_text css_animation=&#8221;none&#8221;]La falla de la direcci\u00f3n asistida puede hacer que su veh\u00edculo sea muy dif\u00edcil de manejar. Para detener su autom\u00f3vil de manera segura, sujete firmemente el volante con ambas manos para moverse hacia el costado de la carretera. Para el coche.[\/vc_column_text][\/vc_column_inner][\/vc_row_inner][\/vc_column][\/vc_row][vc_row][vc_column][vc_column_text css_animation=&#8221;none&#8221;]Aseg\u00farese de recordar estos consejos cuando maneje en las carreteras de Arizona para ayudar a prevenir accidentes y lesiones para usted y todos sus pasajeros.[\/vc_column_text][\/vc_column][\/vc_row]<\/p>\n<\/div>","protected":false},"excerpt":{"rendered":"<p>[vc_row full_width=&#8221;stretch_row_content_no_spaces&#8221; content_placement=&#8221;bottom&#8221; custom_css_code=&#8221;aDElMjAlN0IlMEElMjAlMjBtYXgtd2lkdGglM0ExMDAwcHglM0IlMEElMjAlMjB0ZXh0LWFsaWduJTNBY2VudGVyJTNCJTBBJTA5bWFyZ2luJTNBMCUyMGF1dG8lM0IlMEElN0QlMEElMEFwJTIwJTdCJTBBJTIwJTIwbWF4LXdpZHRoJTNBMTAwMHB4JTNCJTBBJTIwJTIwY29sb3IlM0ElMjAlMjNmZmZmZmYlM0IlMEElMjAlMjBwYWRkaW5nLXRvcCUzQSUyMDIwcHglM0IlMEElMjAlMjB0ZXh0LWFsaWduJTNBY2VudGVyJTNCJTBBJTA5bWFyZ2luJTNBMCUyMGF1dG8lM0IlMEElMjAlMjB0ZXh0LXNoYWRvdyUzQSUyMDFweCUyMDFweCUyMGJsYWNrJTNCJTBBJTdE&#8221; css=&#8221;.vc_custom_1632068369571{background-image: url(https:\/\/www.moorelawfirmaz.com\/wp-content\/uploads\/2019\/08\/Large-Blue-Header-Background.jpg?id=37226) !important;background-position: center !important;background-repeat: no-repeat !important;background-size: cover !important;}&#8221;][vc_column][vc_column_text css_animation=&#8221;none&#8221; css=&#8221;.vc_custom_1649197237534{margin-right: 20px !important;margin-left: 20px !important;padding-top: 200px&#8230;<\/p>\n","protected":false},"author":22,"featured_media":44743,"parent":44431,"menu_order":0,"comment_status":"closed","ping_status":"closed","template":"","meta":{"footnotes":""},"class_list":["post-44759","page","type-page","status-publish","has-post-thumbnail"],"acf":[],"_links":{"self":[{"href":"https:\/\/www.moorelawfirmaz.com\/es\/wp-json\/wp\/v2\/pages\/44759","targetHints":{"allow":["GET"]}}],"collection":[{"href":"https:\/\/www.moorelawfirmaz.com\/es\/wp-json\/wp\/v2\/pages"}],"about":[{"href":"https:\/\/www.moorelawfirmaz.com\/es\/wp-json\/wp\/v2\/types\/page"}],"author":[{"embeddable":true,"href":"https:\/\/www.moorelawfirmaz.com\/es\/wp-json\/wp\/v2\/users\/22"}],"replies":[{"embeddable":true,"href":"https:\/\/www.moorelawfirmaz.com\/es\/wp-json\/wp\/v2\/comments?post=44759"}],"version-history":[{"count":0,"href":"https:\/\/www.moorelawfirmaz.com\/es\/wp-json\/wp\/v2\/pages\/44759\/revisions"}],"up":[{"embeddable":true,"href":"https:\/\/www.moorelawfirmaz.com\/es\/wp-json\/wp\/v2\/pages\/44431"}],"wp:featuredmedia":[{"embeddable":true,"href":"https:\/\/www.moorelawfirmaz.com\/es\/wp-json\/wp\/v2\/media\/44743"}],"wp:attachment":[{"href":"https:\/\/www.moorelawfirmaz.com\/es\/wp-json\/wp\/v2\/media?parent=44759"}],"curies":[{"name":"wp","href":"https:\/\/api.w.org\/{rel}","templated":true}]}}