{"id":44522,"date":"2022-03-23T10:43:40","date_gmt":"2022-03-23T17:43:40","guid":{"rendered":"https:\/\/www.moorelawfirmaz.com\/blog\/"},"modified":"2022-03-23T10:43:42","modified_gmt":"2022-03-23T17:43:42","slug":"blog","status":"publish","type":"page","link":"https:\/\/www.moorelawfirmaz.com\/es\/blog\/","title":{"rendered":"Blog"},"content":{"rendered":"<div class=\"wpb-content-wrapper\"><p>[vc_row full_width=&#8221;stretch_row_content_no_spaces&#8221; content_placement=&#8221;bottom&#8221; custom_css_code=&#8221;aDElMjAlN0IlMEElMjAlMjBtYXgtd2lkdGglM0ExMDAwcHglM0IlMEElMjAlMjB0ZXh0LWFsaWduJTNBY2VudGVyJTNCJTBBJTA5bWFyZ2luJTNBMCUyMGF1dG8lM0IlMEElN0QlMEElMEFwJTIwJTdCJTBBJTIwJTIwbWF4LXdpZHRoJTNBMTAwMHB4JTNCJTBBJTIwJTIwY29sb3IlM0ElMjAlMjNmZmZmZmYlM0IlMEElMjAlMjBwYWRkaW5nLXRvcCUzQSUyMDIwcHglM0IlMEElMjAlMjB0ZXh0LWFsaWduJTNBY2VudGVyJTNCJTBBJTA5bWFyZ2luJTNBMCUyMGF1dG8lM0IlMEElMjAlMjB0ZXh0LXNoYWRvdyUzQSUyMDFweCUyMDFweCUyMGJsYWNrJTNCJTBBJTdE&#8221; css=&#8221;.vc_custom_1647385084346{background-image: url(https:\/\/www.moorelawfirmaz.com\/wp-content\/uploads\/2019\/08\/Large-Blue-Header-Background.jpg?id=37226) !important;background-position: center !important;background-repeat: no-repeat !important;background-size: cover !important;}&#8221;][vc_column][vc_column_text css_animation=&#8221;none&#8221; css=&#8221;.vc_custom_1648055140631{margin-right: 20px !important;margin-left: 20px !important;padding-top: 200px !important;}&#8221;]<\/p>\n<h1>\u00daltimos <span style=\"font-weight: 100;\">Art\u00edculos<\/span><\/h1>\n<p>[\/vc_column_text][vc_single_image image=&#8221;41760&#8243; img_size=&#8221;full&#8221; css=&#8221;.vc_custom_1632014884091{margin-bottom: 0px !important;}&#8221;][\/vc_column][\/vc_row][vc_row css=&#8221;.vc_custom_1582541357121{margin-top: 0px !important;margin-bottom: 0px !important;padding-top: 0px !important;padding-bottom: 0px !important;}&#8221; custom_css_code=&#8221;LmJsb2ctc3R5bGUtY29tcGFjdCUyMGFydGljbGUlMjAucG9zdC10aXRsZSUyMGg1JTIwc3BhbiUyQyUyMC5nZW0tYmxvZy1zbGlkZXIlMjAucG9zdC10aXRsZSUyMGg1JTIwc3BhbiUyQyUyMGJvZHkuc2VhcmNoJTIwLnBhZ2UtdGl0bGUtYmxvY2slMjAubGlnaHQlMjAlN0IlMEElMjAlMjAlMjAlMjBmb250LWZhbWlseSUzQSUyMCUyN01vbnRzZXJyYXQlMjclMjAlMjFpbXBvcnRhbnQlM0IlMEElMjAlMjAlMjAlMjBmb250LXdlaWdodCUzQSUyMDgwMCUyMCUyMWltcG9ydGFudCUzQiUwQSUyMCUyMCUyMCUyMHRleHQtdHJhbnNmb3JtJTNBJTIwbm9uZSUzQiUwQSU3RA==&#8221;][vc_column][\/vc_column][vc_column offset=&#8221;vc_col-lg-6 vc_col-md-6&#8243;]<style>.portfolio.news-grid#style-e26d5d1 .portfolio-item:not(.size-item), .preloader#style-preloader-e26d5d1 .portfolio-item { padding: calc(0px\/2) !important; }.portfolio.news-grid#style-e26d5d1 .portfolio-item.size-item { padding: 0 calc(0px\/2) !important; }.portfolio.news-grid#style-e26d5d1 .portfolio-row, .preloader#style-preloader-e26d5d1 .skeleton-posts.portfolio-row { margin: calc(-0px\/2); }.portfolio.news-grid#style-e26d5d1.fullwidth-columns .portfolio-row { margin: calc(-0px\/2) 0; }.portfolio.news-grid#style-e26d5d1 .fullwidth-block:not(.no-paddings) { padding-left: 0px; padding-right: 0px; }.portfolio.news-grid#style-e26d5d1 .fullwidth-block .portfolio-row { padding-left: calc(0px\/2); padding-right: calc(0px\/2); }.portfolio.news-grid#style-e26d5d1 .fullwidth-block .portfolio-top-panel { padding-left: 0px; padding-right: 0px; }.portfolio.news-grid#style-e26d5d1.fullwidth-columns .with-filter-sidebar .filter-sidebar { padding-left: 0px; }.portfolio.news-grid#style-e26d5d1.list-style.with-divider .portfolio-item .wrap:before { top: calc(-0px\/2); }.portfolio.news-grid#style-e26d5d1 .portfolio-item .caption .title span { letter-spacing: px !important; }<\/style><style>.portfolio.news-grid#style-e26d5d1 .portfolio-filters { text-align: center; }<\/style><div class=\"clearboth\"><\/div><style>#thegem-divider-69f40eef8debd {margin-top: 42px !important;}<\/style><div id=\"thegem-divider-69f40eef8debd\" class=\"gem-divider  \" style=\"\" ><\/div><div id=\"style-4df8b32\" data-style-uid=\"4df8b32\" class=\"blog blog-style-compact clearfix item-animation-move-up pagination-normal\" data-next-page=\"0\" data-pages-count=\"1\"> <article id=\"post-42429\" class=\"no-image item-animations-not-inited clearfix post-42429 post type-post status-publish format-standard has-post-thumbnail category-inmigracion-es category-publicacion-2o-mas-reciente category-sin-categorizar tag-accidente-automovilistico tag-consejo-legal tag-lesiones-personales\"> <div class=\"gem-compact-item-left\"> <div class=\"gem-compact-item-image\"> <a class=\"default\" href=\"https:\/\/www.moorelawfirmaz.com\/es\/inmigracion-a-los-estados-unidos-diez-requisitos\/\"><img width=\"366\" height=\"296\" src=\"https:\/\/www.moorelawfirmaz.com\/wp-content\/uploads\/2018\/12\/Immigration-thegem-blog-compact.jpg\" class=\"img-responsive wp-post-image\" alt=\"abogado de inmigraci\u00f3n puede ayudarlo con la ciudadan\u00eda\" \/><\/a> <\/div> <\/div> <div class=\"gem-compact-item-right\"> <div class=\"gem-compact-item-content\"> <div class=\"post-title\"> <h5 class=\"entry-title reverse-link-color\"><a href=\"https:\/\/www.moorelawfirmaz.com\/es\/inmigracion-a-los-estados-unidos-diez-requisitos\/\" rel=\"bookmark\"><span class=\"light\">Inmigraci\u00f3n a los Estados Unidos: Diez requisitos<\/span><\/a><\/h5> <\/div> <div class=\"post-text\"> <div class=\"summary\"> <p>La frase &#8220;si quieren venir aqu\u00ed, deben hacerlo legalmente&#8221; en consideraci\u00f3n a la inmigraci\u00f3n de Estados Unidos ignora el desaf\u00edo del proceso.<\/p> <\/div> <\/div> <\/div> <div class=\"post-meta date-color\"> <div class=\"entry-meta clearfix gem-post-date\"> <div class=\"post-meta-right\"> <\/div> <div class=\"post-meta-left\"> <\/div> <\/div><!-- .entry-meta --> <\/div> <\/div> <\/article><!-- #post-42429 --> <\/div>[\/vc_column][vc_column offset=&#8221;vc_col-lg-6 vc_col-md-6&#8243;]<div id=\"style-43ab9ec\" data-style-uid=\"43ab9ec\" class=\"blog blog-style-compact clearfix item-animation-move-up pagination-normal\" data-next-page=\"0\" data-pages-count=\"1\"> <article id=\"post-42353\" class=\"no-image item-animations-not-inited clearfix post-42353 post type-post status-publish format-standard has-post-thumbnail category-lesiones-personales category-post-4-6 tag-accidente-automovilistico tag-consejo-legal tag-lesiones-personales\"> <div class=\"gem-compact-item-left\"> <div class=\"gem-compact-item-image\"> <a class=\"default\" href=\"https:\/\/www.moorelawfirmaz.com\/es\/sin-seguro-con-seguro-insuficiente\/\"><img width=\"366\" height=\"296\" src=\"https:\/\/www.moorelawfirmaz.com\/wp-content\/uploads\/2021\/10\/Uninsured-Underinsured-thegem-blog-compact.jpg\" class=\"img-responsive wp-post-image\" alt=\"Seguro sin seguro y con seguro insuficiente\" \/><\/a> <\/div> <\/div> <div class=\"gem-compact-item-right\"> <div class=\"gem-compact-item-content\"> <div class=\"post-title\"> <h5 class=\"entry-title reverse-link-color\"><a href=\"https:\/\/www.moorelawfirmaz.com\/es\/sin-seguro-con-seguro-insuficiente\/\" rel=\"bookmark\"><span class=\"light\">\u00bfQu\u00e9 puede hacer si un automovilista sin seguro o con seguro insuficiente lo golpea?<\/span><\/a><\/h5> <\/div> <div class=\"post-text\"> <div class=\"summary\"> <p>Los automovilistas de Arizona deben llevar ciertos cantidades m\u00ednimas de seguro de da\u00f1os a la propiedad y lesiones corporales cobertura si est\u00e1n operando un veh\u00edculo en la v\u00eda p\u00fablica.<\/p> <\/div> <\/div> <\/div> <div class=\"post-meta date-color\"> <div class=\"entry-meta clearfix gem-post-date\"> <div class=\"post-meta-right\"> <\/div> <div class=\"post-meta-left\"> <\/div> <\/div><!-- .entry-meta --> <\/div> <\/div> <\/article><!-- #post-42353 --> <article id=\"post-42315\" class=\"no-image item-animations-not-inited clearfix post-42315 post type-post status-publish format-standard has-post-thumbnail category-lesiones-personales category-post-4-6 category-sin-categorizar tag-accidente-automovilistico tag-consejo-legal tag-lesiones-personales\"> <div class=\"gem-compact-item-left\"> <div class=\"gem-compact-item-image\"> <a class=\"default\" href=\"https:\/\/www.moorelawfirmaz.com\/es\/mitos-y-creencias-erroneas\/\"><img width=\"366\" height=\"296\" src=\"https:\/\/www.moorelawfirmaz.com\/wp-content\/uploads\/2021\/10\/Myths-and-Misbeliefs-thegem-blog-compact.jpg\" class=\"img-responsive wp-post-image\" alt=\"Mitos y creencias err\u00f3neas\" \/><\/a> <\/div> <\/div> <div class=\"gem-compact-item-right\"> <div class=\"gem-compact-item-content\"> <div class=\"post-title\"> <h5 class=\"entry-title reverse-link-color\"><a href=\"https:\/\/www.moorelawfirmaz.com\/es\/mitos-y-creencias-erroneas\/\" rel=\"bookmark\"><span class=\"light\">Mitos y creencias err\u00f3neas de los acuerdos por lesiones<\/span><\/a><\/h5> <\/div> <div class=\"post-text\"> <div class=\"summary\"> <p>Hay muchos mitos y creencias err\u00f3neas sobre los abogados de lesiones personales y los acuerdos que son falsos y exagerados. Los perpet\u00faan las compa\u00f1\u00edas de seguros, los medios prejuiciosos y los chismosos desinformados.<\/p> <\/div> <\/div> <\/div> <div class=\"post-meta date-color\"> <div class=\"entry-meta clearfix gem-post-date\"> <div class=\"post-meta-right\"> <\/div> <div class=\"post-meta-left\"> <\/div> <\/div><!-- .entry-meta --> <\/div> <\/div> <\/article><!-- #post-42315 --> <\/div>[\/vc_column][vc_column]<style>.portfolio.news-grid#style-9e1d766 .portfolio-item:not(.size-item), .preloader#style-preloader-9e1d766 .portfolio-item { padding: calc(42px\/2) !important; }.portfolio.news-grid#style-9e1d766 .portfolio-item.size-item { padding: 0 calc(42px\/2) !important; }.portfolio.news-grid#style-9e1d766 .portfolio-row, .preloader#style-preloader-9e1d766 .skeleton-posts.portfolio-row { margin: calc(-42px\/2); }.portfolio.news-grid#style-9e1d766.fullwidth-columns .portfolio-row { margin: calc(-42px\/2) 0; }.portfolio.news-grid#style-9e1d766 .fullwidth-block:not(.no-paddings) { padding-left: 42px; padding-right: 42px; }.portfolio.news-grid#style-9e1d766 .fullwidth-block .portfolio-row { padding-left: calc(42px\/2); padding-right: calc(42px\/2); }.portfolio.news-grid#style-9e1d766 .fullwidth-block .portfolio-top-panel { padding-left: 42px; padding-right: 42px; }.portfolio.news-grid#style-9e1d766.fullwidth-columns .with-filter-sidebar .filter-sidebar { padding-left: 42px; }.portfolio.news-grid#style-9e1d766.list-style.with-divider .portfolio-item .wrap:before { top: calc(-42px\/2); }.portfolio.news-grid#style-9e1d766 .portfolio-item .caption .title span { letter-spacing: px !important; }<\/style><style><\/style><div id=\"style-preloader-9e1d766\" class=\"preloader save-space\"><div class=\"preloader-spin\"><\/div><\/div> <div class=\"portfolio-preloader-wrapper panel-sidebar-position-left\"> <div class=\"portfolio portfolio-grid extended-portfolio-grid news-grid no-padding portfolio-pagination-normal portfolio-style-metro background-style-transparent title-style-light hover-default-vertical-sliding title-on-hover caption-position-hover version-default loading-animation item-animation-move-up hover-title columns-3 columns-tablet-2 columns-mobile-1 \" id=\"style-9e1d766\" data-style-uid=\"9e1d766\" data-portfolio-uid=\"grid_b7df5bd\" data-current-page=\"1\" data-per-page=\"8\" data-next-page=\"0\" data-pages-count=\"1\" data-hover=\"vertical-sliding\" data-portfolio-filter=\"[]\" data-portfolio-filter-attributes=\"null\" data-portfolio-filter-status=\"null\" data-portfolio-filter-price=\"null\" data-portfolio-filter-search=\"\"> <div class=\"portfolio-row-outer \"> <div class=\"portfolio-top-panel filter-type-default\"> <div class=\"portfolio-top-panel-row filter-style-buttons\"> <div class=\"portfolio-top-panel-left\"><div class=\"portfolio-filter-item portfolio-selected-filters left\"> <div class=\"portfolio-selected-filter-item clear-filters\"> Clear Filters\t<\/div> <\/div> <\/div> <div class=\"portfolio-top-panel-right\"> <div class=\"portfolio-sorting title-h6\"> <div class=\"orderby light\"> <label for=\"\" data-value=\"date\">Fecha<\/label> <a href=\"javascript:void(0);\" class=\"sorting-switcher\" data-current=\"date\"><\/a> <label for=\"\" data-value=\"name\">Nombre<\/label> <\/div> <div class=\"portfolio-sorting-sep\"><\/div> <div class=\"order light\"> <label for=\"\" data-value=\"DESC\">Desc<\/label> <a href=\"javascript:void(0);\" class=\"sorting-switcher\" data-current=\"DESC\"><\/a> <label for=\"\" data-value=\"ASC\">Asc<\/label> <\/div> <\/div> <\/div> <\/div> <\/div> <div class=\"row portfolio-row\"> <div class=\"portfolio-set clearfix\" data-max-row-height=\"380\"> <div class=\"portfolio-item medical-malpractice negligencia-medica post-01-4 post-oldest item-animations-not-inited post-hide-categories post-hide-date appearance-type- post-42159 post type-post status-publish format-standard has-post-thumbnail category-medical-malpractice category-negligencia-medica category-post-01-4 category-post-oldest tag-consejo-legal tag-negligencia-medica\" data-default-sort=\"0\" data-sort-date=\"1629126016\"> <div class=\"wrap clearfix\"> <div class=\"image post-42159 post type-post status-publish format-standard has-post-thumbnail category-medical-malpractice category-negligencia-medica category-post-01-4 category-post-oldest tag-consejo-legal tag-negligencia-medica\"> <div class=\"image-inner \"> <div class=\"post-featured-content\"><a href=\"https:\/\/www.moorelawfirmaz.com\/es\/que-hacer-si-cree-que-ha-sido-victima-de-negligencia-medica\/\"> <picture> <source srcset=\"https:\/\/www.moorelawfirmaz.com\/wp-content\/uploads\/2018\/11\/Medical-Negligence.jpg 1x\" sizes=\"100vw\"> <img src=\"https:\/\/www.moorelawfirmaz.com\/wp-content\/uploads\/2018\/11\/Medical-Negligence.jpg\" width=\"600\" height=\"400\" class=\"img-responsive\" alt=\"abogado de negligencia m\u00e9dica puede ayudar en reclamos de negligencia m\u00e9dica\" \/> <\/picture> <\/a><\/div> <\/div> <div class=\"overlay\"> <div class=\"overlay-circle\"><\/div> <div class=\"links-wrapper\"> <div class=\"links\"> <div class=\"caption\"> <a href=\"https:\/\/www.moorelawfirmaz.com\/es\/que-hacer-si-cree-que-ha-sido-victima-de-negligencia-medica\/\" class=\"portfolio-item-link\"> <span class=\"screen-reader-text\">Qu\u00e9 hacer si cree que ha sido v\u00edctima de negligencia m\u00e9dica<\/span> <\/a> <div class=\"slide-content\"> <div class=\"slide-content-visible\"> <div class=\"title\"> <span class=\"title-h5 \">Qu\u00e9 hacer si cree que ha sido v\u00edctima de negligencia m\u00e9dica<\/span> <\/div> <\/div> <div class=\"slide-content-hidden\"> <div class=\"description\"> <div class=\"subtitle\"> <span class=\"text-body\"><p>[vc_row full_width=&#8221;stretch_row_content_no_spaces&#8221; content_placement=&#8221;bottom&#8221; css=&#8221;.vc_custom_1624039734905{padding-top: 200px !important;background-image: url(https:\/\/moorelawfirmaz.com\/wp-content\/uploads\/2019\/08\/Large-Blue-Header-Background.jpg?id=37225) !important;background-position: center !important;background-repeat: no-repeat !important;background-size: cover !important;}&#8221; custom_css_code=&#8221;cCU3QiUwQWNvbG9yJTNBJTIwJTIzZmZmZmZmJTNCJTBBdGV4dC1hbGlnbiUzQSUyMGNlbnRlciUzQiUwQXRleHQtc2hhZG93JTNBJTIwMXB4JTIwMXB4JTIwYmxhY2slM0IlMEElN0Q=&#8221;][vc_column][vc_column_text css=&#8221;.vc_custom_1624040093171{padding-right: 20px !important;padding-left: 20px !important;}&#8221;]&#8230;<\/p>\n<\/span> <\/div> <\/div> <\/div> <\/div> <\/div> <\/div> <\/div> <\/div> <\/div> <\/div> <\/div> <\/div><!-- .portflio-set --> <div class=\"portfolio-item-size-container\"> <div class=\"portfolio-item col-xs-12 col-sm-6 col-md-4 item-animations-not-inited post-hide-categories post-hide-date post-42159 post type-post status-publish format-standard has-post-thumbnail category-medical-malpractice category-negligencia-medica category-post-01-4 category-post-oldest tag-consejo-legal tag-negligencia-medica\"> <\/div> <\/div> <\/div><!-- .row--> <div class=\"portfolio-navigator gem-pagination\" style=\"display:none;\"> <a href=\"#\" class=\"prev\"> <i class=\"default\"><\/i> <\/a> <div class=\"pages\"><\/div> <a href=\"#\" class=\"next\"> <i class=\"default\"><\/i> <\/a> <\/div> <\/div><!-- .full-width --> <\/div><!-- .portfolio--> <\/div><!-- .portfolio-preloader-wrapper-->[\/vc_column][\/vc_row]<\/p>\n<\/div>","protected":false},"excerpt":{"rendered":"<p>[vc_row full_width=&#8221;stretch_row_content_no_spaces&#8221; content_placement=&#8221;bottom&#8221; custom_css_code=&#8221;aDElMjAlN0IlMEElMjAlMjBtYXgtd2lkdGglM0ExMDAwcHglM0IlMEElMjAlMjB0ZXh0LWFsaWduJTNBY2VudGVyJTNCJTBBJTA5bWFyZ2luJTNBMCUyMGF1dG8lM0IlMEElN0QlMEElMEFwJTIwJTdCJTBBJTIwJTIwbWF4LXdpZHRoJTNBMTAwMHB4JTNCJTBBJTIwJTIwY29sb3IlM0ElMjAlMjNmZmZmZmYlM0IlMEElMjAlMjBwYWRkaW5nLXRvcCUzQSUyMDIwcHglM0IlMEElMjAlMjB0ZXh0LWFsaWduJTNBY2VudGVyJTNCJTBBJTA5bWFyZ2luJTNBMCUyMGF1dG8lM0IlMEElMjAlMjB0ZXh0LXNoYWRvdyUzQSUyMDFweCUyMDFweCUyMGJsYWNrJTNCJTBBJTdE&#8221; css=&#8221;.vc_custom_1647385084346{background-image: url(https:\/\/www.moorelawfirmaz.com\/wp-content\/uploads\/2019\/08\/Large-Blue-Header-Background.jpg?id=37226) !important;background-position: center !important;background-repeat: no-repeat !important;background-size: cover !important;}&#8221;][vc_column][vc_column_text css_animation=&#8221;none&#8221; css=&#8221;.vc_custom_1648055140631{margin-right: 20px !important;margin-left: 20px !important;padding-top: 200px&#8230;<\/p>\n","protected":false},"author":22,"featured_media":0,"parent":0,"menu_order":71,"comment_status":"closed","ping_status":"closed","template":"","meta":{"footnotes":""},"class_list":["post-44522","page","type-page","status-publish"],"acf":[],"_links":{"self":[{"href":"https:\/\/www.moorelawfirmaz.com\/es\/wp-json\/wp\/v2\/pages\/44522","targetHints":{"allow":["GET"]}}],"collection":[{"href":"https:\/\/www.moorelawfirmaz.com\/es\/wp-json\/wp\/v2\/pages"}],"about":[{"href":"https:\/\/www.moorelawfirmaz.com\/es\/wp-json\/wp\/v2\/types\/page"}],"author":[{"embeddable":true,"href":"https:\/\/www.moorelawfirmaz.com\/es\/wp-json\/wp\/v2\/users\/22"}],"replies":[{"embeddable":true,"href":"https:\/\/www.moorelawfirmaz.com\/es\/wp-json\/wp\/v2\/comments?post=44522"}],"version-history":[{"count":0,"href":"https:\/\/www.moorelawfirmaz.com\/es\/wp-json\/wp\/v2\/pages\/44522\/revisions"}],"wp:attachment":[{"href":"https:\/\/www.moorelawfirmaz.com\/es\/wp-json\/wp\/v2\/media?parent=44522"}],"curies":[{"name":"wp","href":"https:\/\/api.w.org\/{rel}","templated":true}]}}