{"id":44116,"date":"2022-03-09T14:12:22","date_gmt":"2022-03-09T21:12:22","guid":{"rendered":"https:\/\/www.moorelawfirmaz.com\/politica-de-privacidad\/"},"modified":"2022-03-09T16:39:32","modified_gmt":"2022-03-09T23:39:32","slug":"politica-de-privacidad","status":"publish","type":"page","link":"https:\/\/www.moorelawfirmaz.com\/es\/politica-de-privacidad\/","title":{"rendered":"Pol\u00edtica de privacidad"},"content":{"rendered":"<div class=\"wpb-content-wrapper\"><p>[vc_row full_width=&#8221;stretch_row_content_no_spaces&#8221; content_placement=&#8221;bottom&#8221; custom_css_code=&#8221;aDElMjAlN0IlMEElMjAlMjBtYXgtd2lkdGglM0ExMDAwcHglM0IlMEElMjAlMjB0ZXh0LWFsaWduJTNBY2VudGVyJTNCJTBBJTA5bWFyZ2luJTNBMCUyMGF1dG8lM0IlMEElN0QlMEElMEFwJTIwJTdCJTBBJTIwJTIwbWF4LXdpZHRoJTNBMTAwMHB4JTNCJTBBJTIwJTIwY29sb3IlM0ElMjAlMjNmZmZmZmYlM0IlMEElMjAlMjBwYWRkaW5nLXRvcCUzQSUyMDIwcHglM0IlMEElMjAlMjB0ZXh0LWFsaWduJTNBY2VudGVyJTNCJTBBJTA5bWFyZ2luJTNBMCUyMGF1dG8lM0IlMEElMjAlMjB0ZXh0LXNoYWRvdyUzQSUyMDFweCUyMDFweCUyMGJsYWNrJTNCJTBBJTdE&#8221; css=&#8221;.vc_custom_1632068369571{background-image: url(https:\/\/www.moorelawfirmaz.com\/wp-content\/uploads\/2019\/08\/Large-Blue-Header-Background.jpg?id=37226) !important;background-position: center !important;background-repeat: no-repeat !important;background-size: cover !important;}&#8221;][vc_column][vc_column_text css_animation=&#8221;none&#8221; css=&#8221;.vc_custom_1632067577458{margin-right: 20px !important;margin-left: 20px !important;padding-top: 200px !important;}&#8221;]<\/p>\n<h1><span style=\"font-weight: 300;\">Pol\u00edtica de<\/span> privacidad<br \/>\n<span style=\"font-weight: 300; font-size: 40%; line-height: 0px;\">Tucson, Arizona<\/span><\/h1>\n<p>Nuestro compromiso con su privacidad[\/vc_column_text][vc_single_image image=&#8221;41760&#8243; img_size=&#8221;full&#8221; css=&#8221;.vc_custom_1632014884091{margin-bottom: 0px !important;}&#8221;][\/vc_column][\/vc_row][vc_row][vc_column][vc_column_text]<br \/>\nMoore Law Firm se compromete a garantizar que su privacidad est\u00e9 protegida. Esta Pol\u00edtica de privacidad (&#8220;Pol\u00edtica de privacidad&#8221;) establece c\u00f3mo Moore Law Firm usa y protege cualquier informaci\u00f3n que usted le proporcione a Moore Law Firm cuando utiliza este sitio web.<\/p>\n<p>Al utilizar este sitio web y proporcionarnos su informaci\u00f3n, usted acepta esta Pol\u00edtica de privacidad. Cuando se utiliza el t\u00e9rmino &#8220;usted&#8221; a continuaci\u00f3n, nos referimos a &#8220;usted&#8221; como individuo y a usted junto con sus usuarios finales si es una entidad comercial.<\/p>\n<p><strong>Su consentimiento y cambios en la Pol\u00edtica de privacidad<\/strong><\/p>\n<p>Nos reservamos el derecho, a nuestra discreci\u00f3n, de cambiar, modificar, agregar o eliminar partes de esta Pol\u00edtica de privacidad en cualquier momento y de vez en cuando, sin previo aviso. Todas las revisiones se publicar\u00e1n en esta p\u00e1gina. Le instamos a que revise la Pol\u00edtica de privacidad para conocer los cambios. Su uso continuado de cualquier parte de este sitio web significa que acepta cualquier cambio.<\/p>\n<p><strong>\u00bfQu\u00e9 informaci\u00f3n recopilamos?<\/strong><\/p>\n<p>Cuando se comunique con nosotros a trav\u00e9s de nuestro sitio, seg\u00fan corresponda, se le puede solicitar que ingrese su nombre, direcci\u00f3n de correo electr\u00f3nico, cargo o n\u00famero de tel\u00e9fono.<\/p>\n<p><strong>\u00bfC\u00f3mo utilizamos la informaci\u00f3n que nos proporciona?<\/strong><\/p>\n<p>Requerimos esta informaci\u00f3n para entender sus necesidades y brindarle un mejor servicio. Es posible que peri\u00f3dicamente enviemos correos electr\u00f3nicos promocionales sobre nuevos productos, ofertas especiales u otra informaci\u00f3n que creemos que puede resultarle interesante utilizando la direcci\u00f3n de correo electr\u00f3nico que nos ha proporcionado.<\/p>\n<p><strong>Seguridad <\/strong><\/p>\n<p>Hemos establecido procedimientos f\u00edsicos, electr\u00f3nicos y administrativos apropiados para salvaguardar y proteger la informaci\u00f3n que recopilamos a trav\u00e9s de este sitio web. No podemos hacer cumplir ni controlar la seguridad de los dispositivos y redes que puede utilizar para enviarnos informaci\u00f3n. No somos responsables de la divulgaci\u00f3n o interceptaci\u00f3n de su informaci\u00f3n antes de recibirla.<\/p>\n<p><strong>\u00bfDivulgamos alguna informaci\u00f3n a terceros?<\/strong><\/p>\n<p>No vendemos, intercambiamos ni transferimos a terceros su informaci\u00f3n de identificaci\u00f3n personal. Esto no incluye a los terceros de confianza que nos ayudan a operar nuestro sitio web, llevar a cabo nuestro negocio o prestarle servicios, siempre que esas partes acuerden mantener esta informaci\u00f3n confidencial. Tambi\u00e9n podemos divulgar su informaci\u00f3n cuando creamos que la divulgaci\u00f3n es apropiada para cumplir con la ley, hacer cumplir las pol\u00edticas de nuestro sitio o proteger nuestros derechos, propiedad o seguridad o los de otros. Sin embargo, la informaci\u00f3n del visitante no identificable personalmente se puede proporcionar a otras partes para marketing, publicidad u otros usos.<\/p>\n<p><strong>\u00bfQu\u00e9 son las cookies?<\/strong><\/p>\n<p>Una cookie es un documento de texto muy peque\u00f1o, que a menudo incluye un identificador \u00fanico an\u00f3nimo. Cuando visita un sitio web, la computadora de ese sitio le pide permiso a su computadora para almacenar este archivo en una parte de su disco duro espec\u00edficamente designada para cookies. Cada sitio web puede enviar su propia cookie a su navegador si las preferencias de su navegador lo permiten, pero (para proteger su privacidad) su navegador solo permite que un sitio web acceda a las cookies que ya le ha enviado, no a las cookies que le env\u00edan otros sitios. .<\/p>\n<p><strong>\u00bfC\u00f3mo usamos la informaci\u00f3n que recopilamos de las cookies?<\/strong><\/p>\n<p>A medida que utiliza nuestro sitio web, el sitio utiliza sus cookies para diferenciarlo de otros usuarios. En algunos casos, tambi\u00e9n usamos cookies para evitar que vea anuncios innecesarios o que requiera que inicie sesi\u00f3n m\u00e1s de lo necesario por seguridad. Las cookies, junto con los archivos de registro de nuestro servidor web, nos permiten compilar datos agregados sobre el tr\u00e1fico del sitio y la interacci\u00f3n del sitio para que podamos ofrecer mejores experiencias y herramientas en el futuro.<\/p>\n<p>Las cookies no nos permiten recopilar ninguna informaci\u00f3n personal sobre usted y, por lo general, no almacenamos ninguna informaci\u00f3n personal que nos haya proporcionado en sus cookies.<\/p>\n<p><strong>Enlaces a otros sitios web<\/strong><\/p>\n<p>Nuestro sitio web puede contener enlaces que le permitan visitar f\u00e1cilmente otros sitios web de inter\u00e9s. Estos sitios de terceros tienen pol\u00edticas de privacidad separadas e independientes. Por lo tanto, no tenemos ninguna responsabilidad por el contenido y las actividades de estos sitios vinculados.[\/vc_column_text][\/vc_column][\/vc_row]<\/p>\n<\/div>","protected":false},"excerpt":{"rendered":"<p>[vc_row full_width=&#8221;stretch_row_content_no_spaces&#8221; content_placement=&#8221;bottom&#8221; custom_css_code=&#8221;aDElMjAlN0IlMEElMjAlMjBtYXgtd2lkdGglM0ExMDAwcHglM0IlMEElMjAlMjB0ZXh0LWFsaWduJTNBY2VudGVyJTNCJTBBJTA5bWFyZ2luJTNBMCUyMGF1dG8lM0IlMEElN0QlMEElMEFwJTIwJTdCJTBBJTIwJTIwbWF4LXdpZHRoJTNBMTAwMHB4JTNCJTBBJTIwJTIwY29sb3IlM0ElMjAlMjNmZmZmZmYlM0IlMEElMjAlMjBwYWRkaW5nLXRvcCUzQSUyMDIwcHglM0IlMEElMjAlMjB0ZXh0LWFsaWduJTNBY2VudGVyJTNCJTBBJTA5bWFyZ2luJTNBMCUyMGF1dG8lM0IlMEElMjAlMjB0ZXh0LXNoYWRvdyUzQSUyMDFweCUyMDFweCUyMGJsYWNrJTNCJTBBJTdE&#8221; css=&#8221;.vc_custom_1632068369571{background-image: url(https:\/\/www.moorelawfirmaz.com\/wp-content\/uploads\/2019\/08\/Large-Blue-Header-Background.jpg?id=37226) !important;background-position: center !important;background-repeat: no-repeat !important;background-size: cover !important;}&#8221;][vc_column][vc_column_text css_animation=&#8221;none&#8221; css=&#8221;.vc_custom_1632067577458{margin-right: 20px !important;margin-left: 20px !important;padding-top: 200px&#8230;<\/p>\n","protected":false},"author":1,"featured_media":41840,"parent":0,"menu_order":99,"comment_status":"closed","ping_status":"closed","template":"","meta":{"footnotes":""},"class_list":["post-44116","page","type-page","status-publish","has-post-thumbnail"],"acf":[],"_links":{"self":[{"href":"https:\/\/www.moorelawfirmaz.com\/es\/wp-json\/wp\/v2\/pages\/44116","targetHints":{"allow":["GET"]}}],"collection":[{"href":"https:\/\/www.moorelawfirmaz.com\/es\/wp-json\/wp\/v2\/pages"}],"about":[{"href":"https:\/\/www.moorelawfirmaz.com\/es\/wp-json\/wp\/v2\/types\/page"}],"author":[{"embeddable":true,"href":"https:\/\/www.moorelawfirmaz.com\/es\/wp-json\/wp\/v2\/users\/1"}],"replies":[{"embeddable":true,"href":"https:\/\/www.moorelawfirmaz.com\/es\/wp-json\/wp\/v2\/comments?post=44116"}],"version-history":[{"count":0,"href":"https:\/\/www.moorelawfirmaz.com\/es\/wp-json\/wp\/v2\/pages\/44116\/revisions"}],"wp:featuredmedia":[{"embeddable":true,"href":"https:\/\/www.moorelawfirmaz.com\/es\/wp-json\/wp\/v2\/media\/41840"}],"wp:attachment":[{"href":"https:\/\/www.moorelawfirmaz.com\/es\/wp-json\/wp\/v2\/media?parent=44116"}],"curies":[{"name":"wp","href":"https:\/\/api.w.org\/{rel}","templated":true}]}}