{"id":43135,"date":"2022-02-17T11:11:56","date_gmt":"2022-02-17T18:11:56","guid":{"rendered":"https:\/\/www.moorelawfirmaz.com\/ley-de-inmigracion\/visas-y-tarjetas-verdes\/"},"modified":"2022-04-20T11:34:14","modified_gmt":"2022-04-20T18:34:14","slug":"visas-y-tarjetas-verdes","status":"publish","type":"page","link":"https:\/\/www.moorelawfirmaz.com\/es\/ley-de-inmigracion\/visas-y-tarjetas-verdes\/","title":{"rendered":"Visas y Tarjetas Verdes"},"content":{"rendered":"<div class=\"wpb-content-wrapper\"><p>[vc_row full_width=&#8221;stretch_row_content_no_spaces&#8221; content_placement=&#8221;bottom&#8221; custom_css_code=&#8221;aDElMjAlN0IlMEElMjAlMjBtYXgtd2lkdGglM0ExMDAwcHglM0IlMEElMjAlMjB0ZXh0LWFsaWduJTNBY2VudGVyJTNCJTBBJTA5bWFyZ2luJTNBMCUyMGF1dG8lM0IlMEElN0QlMEElMEFwJTIwJTdCJTBBJTIwJTIwbWF4LXdpZHRoJTNBMTAwMHB4JTNCJTBBJTIwJTIwY29sb3IlM0ElMjAlMjNmZmZmZmYlM0IlMEElMjAlMjBwYWRkaW5nLXRvcCUzQSUyMDIwcHglM0IlMEElMjAlMjB0ZXh0LWFsaWduJTNBY2VudGVyJTNCJTBBJTA5bWFyZ2luJTNBMCUyMGF1dG8lM0IlMEElMjAlMjB0ZXh0LXNoYWRvdyUzQSUyMDFweCUyMDFweCUyMGJsYWNrJTNCJTBBJTdE&#8221; css=&#8221;.vc_custom_1632068369571{background-image: url(https:\/\/www.moorelawfirmaz.com\/wp-content\/uploads\/2019\/08\/Large-Blue-Header-Background.jpg?id=37226) !important;background-position: center !important;background-repeat: no-repeat !important;background-size: cover !important;}&#8221;][vc_column][vc_column_text css_animation=&#8221;none&#8221; css=&#8221;.vc_custom_1641499356333{margin-right: 20px !important;margin-left: 20px !important;padding-top: 200px !important;}&#8221;]<\/p>\n<h1>Abogado de <span style=\"font-weight: 300;\">visa y tarjeta verde<\/span><br \/>\n<span style=\"font-weight: 300; font-size: 40%; line-height: 0px;\">Tucson, Arizona<\/span><\/h1>\n<p>\u00bfNecesita solicitar una visa o tarjeta verde? \u00a1Hable primero con el bufete de abogados Moore![\/vc_column_text][vc_single_image image=&#8221;41760&#8243; img_size=&#8221;full&#8221; css=&#8221;.vc_custom_1632014884091{margin-bottom: 0px !important;}&#8221;][\/vc_column][\/vc_row][vc_row full_width=&#8221;stretch_row&#8221; content_placement=&#8221;middle&#8221; css=&#8221;.vc_custom_1645120559675{margin-top: 40px !important;margin-bottom: 40px !important;}&#8221; custom_css_code=&#8221;LndwYl90ZXh0X2NvbHVtbiUyMHVsJTIwbGklM0FiZWZvcmUlMjAlN0IlMEElMjAlMjAlMjAlMjBoZWlnaHQlM0ElMjAwcHglM0IlMEElMjAlMjAlMjAlMjB3aWR0aCUzQSUyMDBweCUzQiUwQSU3RCUwQQ==&#8221;][vc_column width=&#8221;1\/2&#8243;][vc_column_text]<\/p>\n<div class=\"toc\">\n<h4>En esta p\u00e1gina<\/h4>\n<ul>\n<li><a href=\"#toc_1\">\u00bfQu\u00e9 tipos de Visas necesitas?<\/a><\/li>\n<li><a href=\"#toc_2\">C\u00f3mo obtener una tarjeta verde<\/a><\/li>\n<li><a href=\"#toc_3\">\u00bfPor qu\u00e9 trabajar con nuestro abogado de Visas y Green Card?<\/a><\/li>\n<\/ul>\n<\/div>\n<p>[\/vc_column_text][\/vc_column][vc_column width=&#8221;1\/2&#8243;][vc_column_text]Los abogados de visas de inmigraci\u00f3n de Moore Law Firm pueden ayudarlo a navegar con \u00e9xito el complejo proceso de inmigraci\u00f3n.<\/p>\n<p>Ya sea que ya est\u00e9 en el pa\u00eds y desee la residencia permanente o est\u00e9 pensando en mudarse aqu\u00ed y necesite una visa, nuestros abogados experimentados pueden ayudarlo durante todo el proceso.<\/p>\n<p>\u00a1P\u00f3ngase en contacto con un abogado de visas de inmigraci\u00f3n en <a href=\"https:\/\/www.moorelawfirmaz.com\/es\/\">Moore Law Firm<\/a> ahora![\/vc_column_text][\/vc_column][\/vc_row][vc_row full_width=&#8221;stretch_row&#8221; content_placement=&#8221;middle&#8221; css=&#8221;.vc_custom_1641505925555{padding-bottom: 25px !important;background-color: #00012e !important;}&#8221;][vc_column][vc_column_text]<\/p>\n<h4 style=\"text-align: center;\"><span style=\"color: #ffffff;\">Cont\u00e1ctenos para una Consulta Privada con un Abogado de Visa y Tarjeta Verde<\/span><\/h4>\n<h6 style=\"text-align: center;\"><span style=\"color: #ffffff;\">Llena este formulario o ll\u00e1manos al (520) 500-8500<\/span><\/h6>\n<div id=\"toc_1\"><\/div>\n<p>[\/vc_column_text]\n<div class=\"wpcf7 no-js\" id=\"wpcf7-f3474-o1\" lang=\"en-US\" dir=\"ltr\" data-wpcf7-id=\"3474\">\n<div class=\"screen-reader-response\"><p role=\"status\" aria-live=\"polite\" aria-atomic=\"true\"><\/p> <ul><\/ul><\/div>\n<form action=\"\/es\/wp-json\/wp\/v2\/pages\/43135#wpcf7-f3474-o1\" method=\"post\" class=\"wpcf7-form init\" aria-label=\"Contact form\" novalidate=\"novalidate\" data-status=\"init\">\n<fieldset class=\"hidden-fields-container\"><input type=\"hidden\" name=\"_wpcf7\" value=\"3474\" \/><input type=\"hidden\" name=\"_wpcf7_version\" value=\"6.1.5\" \/><input type=\"hidden\" name=\"_wpcf7_locale\" value=\"en_US\" \/><input type=\"hidden\" name=\"_wpcf7_unit_tag\" value=\"wpcf7-f3474-o1\" \/><input type=\"hidden\" name=\"_wpcf7_container_post\" value=\"0\" \/><input type=\"hidden\" name=\"_wpcf7_posted_data_hash\" value=\"\" \/><input type=\"hidden\" name=\"_wpcf7_recaptcha_response\" value=\"\" \/>\n<\/fieldset>\n<div class=\"contact-form\">\n\t<div class=\"col-lg-4 col-md-8 col-xs-12\" style=\"margin-bottom:40px;\">\n\t\t<div class=\"form-line gem-form-icon-name\"><span class=\"wpcf7-form-control-wrap\" data-name=\"your-name\"><input size=\"40\" maxlength=\"400\" class=\"wpcf7-form-control wpcf7-text wpcf7-validates-as-required\" aria-required=\"true\" aria-invalid=\"false\" placeholder=\"Name*\" value=\"\" type=\"text\" name=\"your-name\" \/><\/span><\/div>\n\t<\/div>\n\t<div class=\"col-lg-4 col-md-8 col-xs-12\" style=\"margin-bottom:40px;\">\n\t\t<div class=\"form-line gem-form-icon-email\"><span class=\"wpcf7-form-control-wrap\" data-name=\"your-email\"><input size=\"40\" maxlength=\"400\" class=\"wpcf7-form-control wpcf7-email wpcf7-validates-as-required wpcf7-text wpcf7-validates-as-email\" aria-required=\"true\" aria-invalid=\"false\" placeholder=\"Email*\" value=\"\" type=\"email\" name=\"your-email\" \/><\/span><\/div>\n\t<\/div>\n\t<div class=\"col-lg-4 col-md-8 col-xs-12\" style=\"margin-bottom:40px;\">\n\t\t<div class=\"form-line gem-form-icon-phone\"><span class=\"wpcf7-form-control-wrap\" data-name=\"your-phone\"><input size=\"40\" maxlength=\"400\" class=\"wpcf7-form-control wpcf7-text\" aria-invalid=\"false\" placeholder=\"Phone*\" value=\"\" type=\"text\" name=\"your-phone\" \/><\/span><\/div>\n\t<\/div>\n\t<div class=\"col-lg-8 col-md-8 col-xs-12\">\n\t\t<div class=\"form-line\"><span class=\"wpcf7-form-control-wrap\" data-name=\"your-message\"><textarea cols=\"30\" rows=\"2\" maxlength=\"2000\" class=\"wpcf7-form-control wpcf7-textarea wpcf7-validates-as-required\" aria-required=\"true\" aria-invalid=\"false\" placeholder=\"Briefly Describe Your Case\" name=\"your-message\"><\/textarea><\/span><\/div>\n\t<\/div>\n\t<div class=\"col-lg-4 col-md-4 col-xs-12\">\n\t\t<div class=\"form-line\"><input class=\"wpcf7-form-control wpcf7-submit has-spinner gem-button\" type=\"submit\" value=\"Submit Message\" \/><\/div>\n\t<\/div>\n<\/div><p style=\"display: none !important;\" class=\"akismet-fields-container\" data-prefix=\"_wpcf7_ak_\"><label>&#916;<textarea name=\"_wpcf7_ak_hp_textarea\" cols=\"45\" rows=\"8\" maxlength=\"100\"><\/textarea><\/label><input type=\"hidden\" id=\"ak_js_1\" name=\"_wpcf7_ak_js\" value=\"86\"\/><script type=\"text\/javascript\">\n\/* <![CDATA[ *\/\ndocument.getElementById( \"ak_js_1\" ).setAttribute( \"value\", ( new Date() ).getTime() );\n\/* ]]> *\/\n<\/script>\n<\/p><div class=\"wpcf7-response-output\" aria-hidden=\"true\"><\/div>\n<\/form>\n<\/div>\n[\/vc_column][\/vc_row][vc_row full_width=&#8221;stretch_row&#8221; content_placement=&#8221;middle&#8221; parallax=&#8221;content-moving&#8221; parallax_image=&#8221;42878&#8243; background_position_horizontal=&#8221;left&#8221; parallax_speed_bg=&#8221;1.25&#8243;][vc_column width=&#8221;2\/3&#8243;][vc_column_text]<\/p>\n<h2><span style=\"color: #3d8dff;\">\u00bfQu\u00e9 tipos<\/span> <span style=\"font-weight: 300;\">de visas necesita?<\/span><\/h2>\n<p>Actualmente, EE. UU. tiene alrededor de 185 tipos diferentes de visas disponibles para inmigrantes. Estos incluyen visas temporales que muchas personas de otros pa\u00edses necesitan para venir aqu\u00ed y visitar durante unas semanas.<\/p>\n<p>Pero si est\u00e1 pensando en hablar con un abogado, lo m\u00e1s probable es que no solo desee venir a los EE. UU. de vacaciones. Necesitar\u00e1 un tipo de visa que pueda garantizar la residencia permanente y tal vez incluso le permita trabajar y ganarse la vida aqu\u00ed.<\/p>\n<p>Nuestros <a href=\"https:\/\/www.moorelawfirmaz.com\/es\/ley-de-inmigracion\/\">abogados de inmigraci\u00f3n<\/a> pueden ayudarlo a determinar qu\u00e9 tipo de visa es m\u00e1s apropiado para usted y su situaci\u00f3n, as\u00ed como estar a su disposici\u00f3n durante los numerosos pasos que debe seguir para obtenerla.<\/p>\n<p>Cada visa puede tener diferentes reglas y procedimientos, por lo que es muy importante trabajar con un abogado profesional de inmigraci\u00f3n de visas en este momento. Puede ser incre\u00edblemente abrumador navegar el proceso de inmigraci\u00f3n por su cuenta sin un amplio conocimiento del sistema legal.<\/p>\n<p>Aqu\u00ed hay algunos tipos de visas que podemos ayudarlo a solicitar:<\/p>\n<div id=\"toc_2\"><\/div>\n<p>[\/vc_column_text]<div class=\"gem-list gem-list-type-checkbox\" ><ul>\n<li>Student visa<\/li>\n<li>Spouse or fianc\u00e9 visa<\/li>\n<li>Immediate relatives visa<\/li>\n<li>Employer-sponsored visa<\/li>\n<li>Green Card Lottery (Diversity Immigrant Visa Program)<\/li>\n<li>Employment Visa<\/li>\n<\/ul>\n<\/div>[vc_column_text]Le animamos a que se ponga en contacto con un abogado de inmigraci\u00f3n de visas del bufete de abogados Moore para hablar sobre su caso. Podemos ayudarlo a realizar los pasos necesarios para solicitar y obtener su visa para que pueda permanecer legalmente en el pa\u00eds.[\/vc_column_text][\/vc_column][vc_column width=&#8221;1\/3&#8243; offset=&#8221;vc_hidden-lg vc_hidden-md vc_hidden-sm&#8221;][vc_single_image image=&#8221;42876&#8243; img_size=&#8221;full&#8221; alignment=&#8221;center&#8221;][\/vc_column][\/vc_row][vc_row][vc_column][vc_column_text]<\/p>\n<h2><span style=\"color: #3d8dff;\">C\u00f3mo obtener<\/span> <span style=\"font-weight: 300;\">una tarjeta verde<\/span><\/h2>\n<div id=\"toc_3\"><\/div>\n<p>Una Tarjeta Verde es un poco diferente de otras visas de inmigrante, ya que le permite tener residencia legal permanente en los EE. UU., trabajar e incluso obtener Seguro Social y otros beneficios del gobierno.<\/p>\n<p>Tambi\u00e9n es un paso esencial para convertirse en ciudadano. Y debido a su estatus, la Tarjeta Verde tambi\u00e9n tiene reglas de elegibilidad m\u00e1s estrictas. Un abogado de inmigraci\u00f3n de nuestra oficina puede ver si usted es elegible para ello.<\/p>\n<p>Para obtener una tarjeta verde, debe presentar una solicitud que el gobierno deber\u00e1 revisar. Adem\u00e1s, tambi\u00e9n ser\u00e1 entrevistado por un funcionario del gobierno. Una vez que reciba su tarjeta verde, ser\u00e1 <a href=\"https:\/\/www.usa.gov\/green-cards\" target=\"_blank\" rel=\"noopener\">v\u00e1lida por diez a\u00f1os<\/a> . Despu\u00e9s de eso, puede solicitar nuevamente o solicitar la ciudadan\u00eda si cumple con los criterios necesarios.<\/p>\n<p>Si no est\u00e1 seguro de si es elegible o no para una tarjeta verde, comun\u00edquese con el bufete de abogados Moore para obtener ayuda. En algunos casos, incluso si a\u00fan no puede solicitar una tarjeta verde, puede optar por otro tipo de visa en su lugar. P\u00f3ngase en contacto con nuestra oficina para obtener m\u00e1s informaci\u00f3n.[\/vc_column_text][\/vc_column][\/vc_row][vc_row][vc_column][vc_column_text]<\/p>\n<h2><span style=\"color: #3d8dff;\">\u00bfPor qu\u00e9<\/span> <span style=\"font-weight: 300;\">trabajar con nuestro abogado de visas y tarjeta verde?<\/span><\/h2>\n<p>Moore Law First cuenta con un equipo de abogados dedicados a la inmigraci\u00f3n de visas con a\u00f1os de experiencia pr\u00e1ctica en navegar las muchas complejidades del sistema de inmigraci\u00f3n de los EE. UU.<\/p>\n<p>Te podemos decir desde ya que no es un sistema f\u00e1cil de entender, sobre todo en los tiempos que corren cuando hay un alto grado de incertidumbre. Sin embargo, es nuestro trabajo mantener nuestros o\u00eddos atentos y prestar atenci\u00f3n a cualquier cambio en la pol\u00edtica, para que podamos representar a nuestros clientes de manera efectiva.<\/p>\n<p>Pero no solo obtendr\u00e1 un abogado experimentado y profesional en visas de inmigraci\u00f3n si nos elige. Tambi\u00e9n obtendr\u00e1s:<\/p>\n<h3>Comprensi\u00f3n y compasi\u00f3n<\/h3>\n<p>El factor humano en estos casos no puede ser ignorado, y somos extremadamente comprensivos con sus problemas. Esta simpat\u00eda a menudo nos motiva a ir m\u00e1s all\u00e1 por nuestros clientes;<\/p>\n<h3>Apoyo y asesoramiento en cada paso del camino<\/h3>\n<p>Como dijimos, solicitar una visa de inmigrante de EE. UU. es complicado y sabemos que algunas personas pueden tener dificultades para hacerlo. Pero estamos aqu\u00ed para ofrecerle nuestros servicios, desde completar los formularios hasta prepararlo para la entrevista.<\/p>\n<p>\u00bfNecesita solicitar una visa estadounidense? \u00a1Hable con un abogado de inmigraci\u00f3n ahora![\/vc_column_text][\/vc_column][\/vc_row]<\/p>\n<\/div>","protected":false},"excerpt":{"rendered":"<p>[vc_row full_width=&#8221;stretch_row_content_no_spaces&#8221; content_placement=&#8221;bottom&#8221; custom_css_code=&#8221;aDElMjAlN0IlMEElMjAlMjBtYXgtd2lkdGglM0ExMDAwcHglM0IlMEElMjAlMjB0ZXh0LWFsaWduJTNBY2VudGVyJTNCJTBBJTA5bWFyZ2luJTNBMCUyMGF1dG8lM0IlMEElN0QlMEElMEFwJTIwJTdCJTBBJTIwJTIwbWF4LXdpZHRoJTNBMTAwMHB4JTNCJTBBJTIwJTIwY29sb3IlM0ElMjAlMjNmZmZmZmYlM0IlMEElMjAlMjBwYWRkaW5nLXRvcCUzQSUyMDIwcHglM0IlMEElMjAlMjB0ZXh0LWFsaWduJTNBY2VudGVyJTNCJTBBJTA5bWFyZ2luJTNBMCUyMGF1dG8lM0IlMEElMjAlMjB0ZXh0LXNoYWRvdyUzQSUyMDFweCUyMDFweCUyMGJsYWNrJTNCJTBBJTdE&#8221; css=&#8221;.vc_custom_1632068369571{background-image: url(https:\/\/www.moorelawfirmaz.com\/wp-content\/uploads\/2019\/08\/Large-Blue-Header-Background.jpg?id=37226) !important;background-position: center !important;background-repeat: no-repeat !important;background-size: cover !important;}&#8221;][vc_column][vc_column_text css_animation=&#8221;none&#8221; css=&#8221;.vc_custom_1641499356333{margin-right: 20px !important;margin-left: 20px !important;padding-top: 200px&#8230;<\/p>\n","protected":false},"author":22,"featured_media":43130,"parent":41679,"menu_order":3,"comment_status":"closed","ping_status":"closed","template":"","meta":{"footnotes":""},"class_list":["post-43135","page","type-page","status-publish","has-post-thumbnail"],"acf":[],"_links":{"self":[{"href":"https:\/\/www.moorelawfirmaz.com\/es\/wp-json\/wp\/v2\/pages\/43135","targetHints":{"allow":["GET"]}}],"collection":[{"href":"https:\/\/www.moorelawfirmaz.com\/es\/wp-json\/wp\/v2\/pages"}],"about":[{"href":"https:\/\/www.moorelawfirmaz.com\/es\/wp-json\/wp\/v2\/types\/page"}],"author":[{"embeddable":true,"href":"https:\/\/www.moorelawfirmaz.com\/es\/wp-json\/wp\/v2\/users\/22"}],"replies":[{"embeddable":true,"href":"https:\/\/www.moorelawfirmaz.com\/es\/wp-json\/wp\/v2\/comments?post=43135"}],"version-history":[{"count":0,"href":"https:\/\/www.moorelawfirmaz.com\/es\/wp-json\/wp\/v2\/pages\/43135\/revisions"}],"up":[{"embeddable":true,"href":"https:\/\/www.moorelawfirmaz.com\/es\/wp-json\/wp\/v2\/pages\/41679"}],"wp:featuredmedia":[{"embeddable":true,"href":"https:\/\/www.moorelawfirmaz.com\/es\/wp-json\/wp\/v2\/media\/43130"}],"wp:attachment":[{"href":"https:\/\/www.moorelawfirmaz.com\/es\/wp-json\/wp\/v2\/media?parent=43135"}],"curies":[{"name":"wp","href":"https:\/\/api.w.org\/{rel}","templated":true}]}}