{"id":42059,"date":"2021-08-08T13:58:33","date_gmt":"2021-08-08T20:58:33","guid":{"rendered":"https:\/\/moorelawfirmaz.com\/ley-de-inmigracion\/ciudadania-y-naturalizacion\/"},"modified":"2022-11-23T15:26:12","modified_gmt":"2022-11-23T22:26:12","slug":"ciudadania-y-naturalizacion","status":"publish","type":"page","link":"https:\/\/www.moorelawfirmaz.com\/es\/ley-de-inmigracion\/ciudadania-y-naturalizacion\/","title":{"rendered":"Ciudadan\u00eda y naturalizaci\u00f3n"},"content":{"rendered":"<div class=\"wpb-content-wrapper\"><p>[vc_row full_width=&#8221;stretch_row_content_no_spaces&#8221; content_placement=&#8221;bottom&#8221; custom_css_code=&#8221;aDElMjAlN0IlMEElMjAlMjBtYXgtd2lkdGglM0ExMDAwcHglM0IlMEElMjAlMjB0ZXh0LWFsaWduJTNBY2VudGVyJTNCJTBBJTA5bWFyZ2luJTNBMCUyMGF1dG8lM0IlMEElN0QlMEElMEFwJTIwJTdCJTBBJTIwJTIwbWF4LXdpZHRoJTNBMTAwMHB4JTNCJTBBJTIwJTIwY29sb3IlM0ElMjAlMjNmZmZmZmYlM0IlMEElMjAlMjBwYWRkaW5nLXRvcCUzQSUyMDIwcHglM0IlMEElMjAlMjB0ZXh0LWFsaWduJTNBY2VudGVyJTNCJTBBJTA5bWFyZ2luJTNBMCUyMGF1dG8lM0IlMEElMjAlMjB0ZXh0LXNoYWRvdyUzQSUyMDFweCUyMDFweCUyMGJsYWNrJTNCJTBBJTdE&#8221; css=&#8221;.vc_custom_1632068369571{background-image: url(https:\/\/www.moorelawfirmaz.com\/wp-content\/uploads\/2019\/08\/Large-Blue-Header-Background.jpg?id=37226) !important;background-position: center !important;background-repeat: no-repeat !important;background-size: cover !important;}&#8221;][vc_column][vc_column_text css_animation=&#8221;none&#8221; css=&#8221;.vc_custom_1645035078672{margin-right: 20px !important;margin-left: 20px !important;padding-top: 200px !important;}&#8221;]<\/p>\n<h1><span style=\"font-weight: 300;\">Abogado<\/span> de Ciudadan\u00eda<br \/>\n<span style=\"font-weight: 300; font-size: 40%; line-height: 0px;\">Tucson, Arizona<\/span><\/h1>\n<p>\u00bfNecesita un abogado de ciudadan\u00eda que lo ayude con la ley de inmigraci\u00f3n? Moore Law Firm tiene la experiencia de ciudadan\u00eda de inmigraci\u00f3n m\u00e1s completa en Tucson.[\/vc_column_text][vc_single_image image=&#8221;41760&#8243; img_size=&#8221;full&#8221; css=&#8221;.vc_custom_1632014884091{margin-bottom: 0px !important;}&#8221;][\/vc_column][\/vc_row][vc_row full_width=&#8221;stretch_row&#8221; content_placement=&#8221;middle&#8221; css=&#8221;.vc_custom_1645035715568{margin-top: 40px !important;margin-bottom: 40px !important;}&#8221;][vc_column][vc_column_text]<\/p>\n<h2><span style=\"color: #3d8dff;\">Convirti\u00e9ndose<\/span><span class=\"light\"> un ciudadano estadounidense<\/span><\/h2>\n<p>Muchos inmigrantes de Estados Unidos quieren que su estad\u00eda en este pa\u00eds sea permanente. Con la ayuda de un abogado de ciudadan\u00eda y naturalizaci\u00f3n, hay varios pasos que se pueden tomar para que esto suceda. Uno de los m\u00e1s importantes es obtener una tarjeta verde. Sin embargo, una tarjeta verde, que permite la residencia permanente en los EE. UU., A\u00fan no le dar\u00e1 los mismos derechos que un ciudadano estadounidense. Una tarjeta verde no garantiza que se le permitir\u00e1 permanecer en el pa\u00eds por tiempo indefinido.<\/p>\n<p>Esto puede crear muchos problemas para muchos inmigrantes que incluso pueden tener familias en los Estados Unidos. Todos estos problemas pueden evitarse como ciudadano naturalizado.<\/p>\n<p>Estos son algunos de los derechos que obtiene al convertirse en ciudadano estadounidense:[\/vc_column_text][vc_row_inner][vc_column_inner width=&#8221;1\/4&#8243;]<div class=\"centered-box gem-image-centered-box\" ><div class=\"gem-image gem-wrapbox gem-wrapbox-style-3 gem-wrapbox-position-centered  thegem-custom-69d61c3c28f0b4090\"  style=\"\" ><div class=\"gem-wrapbox-inner \" ><img class=\"gem-wrapbox-element img-responsive\" src=\"https:\/\/www.moorelawfirmaz.com\/wp-content\/uploads\/2020\/04\/Voting.jpg\" alt=\"immigration attorney can help you be able to vote\"\/><\/div><\/div><\/div>[vc_column_text]<\/p>\n<h6>Votar e incluso postularse para ciertos cargos<\/h6>\n<p>[\/vc_column_text][\/vc_column_inner][vc_column_inner width=&#8221;1\/4&#8243;]<div class=\"centered-box gem-image-centered-box\" ><div class=\"gem-image gem-wrapbox gem-wrapbox-style-3 gem-wrapbox-position-centered  thegem-custom-69d61c3c2944d9867\"  style=\"\" ><div class=\"gem-wrapbox-inner \" ><img class=\"gem-wrapbox-element img-responsive\" src=\"https:\/\/www.moorelawfirmaz.com\/wp-content\/uploads\/2020\/04\/Family-with-Passports.jpg\" alt=\"immigration lawyer can attain a U.S. passport\"\/><\/div><\/div><\/div>[vc_column_text]<\/p>\n<h6>Obtener un pasaporte de EE. UU.<\/h6>\n<p>[\/vc_column_text][\/vc_column_inner][vc_column_inner width=&#8221;1\/4&#8243;]<div class=\"centered-box gem-image-centered-box\" ><div class=\"gem-image gem-wrapbox gem-wrapbox-style-3 gem-wrapbox-position-centered  thegem-custom-69d61c3c298261717\"  style=\"\" ><div class=\"gem-wrapbox-inner \" ><img class=\"gem-wrapbox-element img-responsive\" src=\"https:\/\/www.moorelawfirmaz.com\/wp-content\/uploads\/2020\/04\/Nurse.jpg\" alt=\"immigration attorney can help you apply for employment reserved solely for U.S. citizens\"\/><\/div><\/div><\/div>[vc_column_text]<\/p>\n<h6>Solicite empleo reservado \u00fanicamente para ciudadanos estadounidenses<\/h6>\n<p>[\/vc_column_text][\/vc_column_inner][vc_column_inner width=&#8221;1\/4&#8243;]<div class=\"centered-box gem-image-centered-box\" ><div class=\"gem-image gem-wrapbox gem-wrapbox-style-3 gem-wrapbox-position-centered  thegem-custom-69d61c3c29bfc9023\"  style=\"\" ><div class=\"gem-wrapbox-inner \" ><img class=\"gem-wrapbox-element img-responsive\" src=\"https:\/\/www.moorelawfirmaz.com\/wp-content\/uploads\/2020\/04\/Siblings.jpg\" alt=\"immigration attorney can help family members come to the U.S. as well\"\/><\/div><\/div><\/div>[vc_column_text]<\/p>\n<h6>Ayude a los miembros de la familia a venir a EE. UU. Tambi\u00e9n<\/h6>\n<p>[\/vc_column_text][\/vc_column_inner][\/vc_row_inner][vc_row_inner][vc_column_inner][vc_column_text]Si est\u00e1 listo para obtener estos derechos y convertirse en ciudadano estadounidense naturalizado,<a href=\"https:\/\/www.moorelawfirmaz.com\/es\/contacto\/\"> contacto<\/a> un abogado de ciudadan\u00eda y naturalizaci\u00f3n de Moore Law Firm ahora![\/vc_column_text][\/vc_column_inner][\/vc_row_inner][\/vc_column][\/vc_row][vc_row full_width=&#8221;stretch_row&#8221; triangle_shape=&#8221;no&#8221; css=&#8221;.vc_custom_1586365729533{border-top-width: 5px !important;padding-top: 40px !important;padding-bottom: 45px !important;background-color: #00012e !important;border-top-color: #3d8dff !important;border-top-style: solid !important;}&#8221;][vc_column][vc_column_text]<\/p>\n<h3 style=\"text-align: center; color: #ffffff;\">P\u00f3ngase en contacto con Moore Law Firm y consulte con un abogado de ciudadan\u00eda sobre su asunto.<\/h3>\n<p>[\/vc_column_text][\/vc_column][\/vc_row][vc_row full_width=&#8221;stretch_row&#8221; bg_type=&#8221;image&#8221; parallax_style=&#8221;vcpb-default&#8221; bg_image_new=&#8221;id^38194|url^https:\/\/moorelawfirmaz.com\/wp-content\/uploads\/2020\/04\/Cookies-Citizenship-Certificate.jpg|caption^null|alt^receiving a citizenship certificate|title^Cookies Citizenship Certificate|description^null&#8221; bg_image_repeat=&#8221;no-repeat&#8221; bg_img_attach=&#8221;fixed&#8221; content_width=&#8221;grid&#8221; content_aligment=&#8221;center&#8221; triangle_shape=&#8221;no&#8221; css=&#8221;.vc_custom_1645036576860{margin-top: -20px !important;margin-bottom: -20px !important;padding-top: 20px !important;padding-bottom: 20px !important;background-image: url(https:\/\/www.moorelawfirmaz.com\/wp-content\/uploads\/2022\/02\/Cookies-Certificate.jpg?id=43078) !important;background-position: center !important;background-repeat: no-repeat !important;background-size: contain !important;}&#8221; custom_css_code=&#8221;SDMlN0IlMEElMjAlMjAlMjAlMjB0ZXh0LXRyYW5zZm9ybSUzQW5vbmUlM0IlMEElMjAlMjAlMjAlMjBmb250LXNpemUlM0EyMHB4JTNCJTBBJTdEJTBBLnZjX3R0YS1wYW5lbC1oZWFkaW5nJTdCJTBBJTIwJTIwJTIwJTIwYm9yZGVyLWNvbG9yJTNBJTIzZmZmZmZmJTNCJTBBJTdEJTBBJTBBLnZjX3R0YS10aXRsZS10ZXh0JTIwJTdCJTBBJTIwJTIwJTIwJTIwZGlzcGxheSUzQSUyMGlubGluZS1ibG9jayUzQiUwQSUyMCUyMCUyMCUyMHZlcnRpY2FsLWFsaWduJTNBJTIwbWlkZGxlJTNCJTBBJTIwJTIwJTIwJTIwdGV4dC10cmFuc2Zvcm0lM0ElMjBub25lJTNCJTBBJTIwJTIwJTIwJTIwZm9udC13ZWlnaHQlM0ElMjA2MDAlM0IlMEElMjAlMjAlMjAlMjBmb250LXNpemUlM0ElMjAxOHB4JTNCJTBBJTIwJTIwJTIwJTIwbGluZS1oZWlnaHQlM0ElMjAxNnB4JTNCJTBBJTIwJTIwJTIwJTIwY29sb3IlM0ElMjAlMjMwMDAxMmUlM0IlMEElN0QlMEEudmNfdHRhLXBhbmVsLWJvZHklMjAlN0IlMEElMjAlMjAlMjAlMjBib3JkZXItcmFkaXVzJTNBJTIwMHB4JTNCJTBBJTIwJTIwJTIwJTIwYm9yZGVyLWNvbG9yJTNBJTIwJTIzZmZmZmZmJTNCJTBBJTIwJTIwJTIwJTIwcGFkZGluZy1sZWZ0JTNBJTIwMjVweCUzQiUwQSUyMCUyMCUyMCUyMHBhZGRpbmctcmlnaHQlM0ElMjAyNXB4JTNCJTBBJTIwJTIwJTIwJTIwcGFkZGluZy10b3AlM0ElMjAwcHglM0IlMEElMjAlMjAlMjAlMjBwYWRkaW5nLWJvdHRvbSUzQSUyMDI1cHglM0IlMEElN0QlMEElMEEuZ2VtLWxpc3QuZ2VtLWxpc3QtY29sb3ItMyUyMCUzRSUyMHVsJTIwJTNFJTIwbGklM0FiZWZvcmUlMjAlN0IlMEElMjAlMjAlMjAlMjBjb2xvciUzQSUyMCUyMzNkOGRmZiUzQiUwQSU3RCUwQSUwQS5nZW0tbGlzdCUyMCUzRSUyMHVsJTIwJTNFJTIwbGklM0FiZWZvcmUlMjAlN0IlMEElMjAlMjAlMjAlMjBmb250LWZhbWlseSUzQSUyMCUyN3RoZWdlbS1pY29ucyUyNyUzQiUwQSUyMCUyMCUyMCUyMGZvbnQtd2VpZ2h0JTNBJTIwbm9ybWFsJTNCJTBBJTIwJTIwJTIwJTIwZm9udC1zaXplJTNBJTIwMjRweCUzQiUwQSUyMCUyMCUyMCUyMHZlcnRpY2FsLWFsaWduJTNBJTIwdG9wJTNCJTBBJTIwJTIwJTIwJTIwZGlzcGxheSUzQSUyMGlubGluZS1ibG9jayUzQiUwQSUyMCUyMCUyMCUyMHdpZHRoJTNBJTIwMzVweCUzQiUwQSUyMCUyMCUyMCUyMHRleHQtaW5kZW50JTNBJTIwMCUzQiUwQSU3RA==&#8221;][vc_column width=&#8221;2\/3&#8243; css=&#8221;.vc_custom_1586391423825{padding-top: 50px !important;padding-bottom: 50px !important;}&#8221;][vc_column_text]<\/p>\n<h2><span style=\"color: #3d8dff;\">Naturalizaci\u00f3n<\/span><span class=\"light\"> vs.Certificado de ciudadan\u00eda:<\/span><\/h2>\n<h3>\u00bfCual es la diferencia?<\/h3>\n<p>[\/vc_column_text][vc_column_text]Tanto la naturalizaci\u00f3n como la ciudadan\u00eda prueban que usted es ciudadano de los Estados Unidos, aunque no son exactamente lo mismo.<\/p>\n<p>Un Certificado de Ciudadan\u00eda Estadounidense est\u00e1 disponible para alguien que<span style=\"text-decoration: line-through;\"> obtiene la ciudadan\u00eda de padres ciudadanos estadounidenses.<\/span> Por ejemplo, si nace de padres ciudadanos estadounidenses mientras vive en el extranjero,<span style=\"text-decoration: line-through;\"> puede ser elegible para solicitar un certificado de ciudadan\u00eda, siempre que cumpla con ciertos requisitos de elegibilidad.<\/span>[\/vc_column_text][vc_column_text]<\/p>\n<h3>La naturalizaci\u00f3n es la forma en que la mayor\u00eda de los inmigrantes obtienen la ciudadan\u00eda estadounidense. Con algunas excepciones, la naturalizaci\u00f3n generalmente requiere lo siguiente:<\/h3>\n<p>[\/vc_column_text]<div class=\"gem-list gem-list-type-checkbox gem-list-color-3\" ><ul>\n<li>Live in the U.S. as a permanent resident for at least 5 years, and remain in the country for at least 30 consecutive months;<\/li>\n<li>Be at least 18 years old;<\/li>\n<li>Have no criminal record;<\/li>\n<li>Complete a naturalization application (Form N-400);<\/li>\n<li>Go through an interview;<\/li>\n<li>Demonstrate you can speak English fluently;<\/li>\n<li>Pass a U.S. history test.<\/li>\n<\/ul>\n<\/div>[vc_column_text]Una vez que siga todos estos pasos, la recompensa final ser\u00e1 una ceremonia de naturalizaci\u00f3n y recibir su<span style=\"text-decoration: line-through;\"> certificado que demuestre que ahora es ciudadano estadounidense.<\/span> Es un sue\u00f1o que tienen muchos inmigrantes, y con el abogado de ciudadan\u00eda adecuado a su lado, puede convertirse en una realidad.<\/p>\n<p>P\u00f3ngase en contacto con un abogado de ciudadan\u00eda y naturalizaci\u00f3n de Moore Law Firm hoy para obtener m\u00e1s informaci\u00f3n.[\/vc_column_text][\/vc_column][vc_column width=&#8221;1\/3&#8243; offset=&#8221;vc_hidden-lg vc_hidden-md vc_hidden-sm&#8221;][vc_single_image image=&#8221;42021&#8243; img_size=&#8221;full&#8221; alignment=&#8221;center&#8221;][\/vc_column][\/vc_row][vc_row full_width=&#8221;stretch_row&#8221; content_placement=&#8221;middle&#8221; css=&#8221;.vc_custom_1641505925555{padding-bottom: 25px !important;background-color: #00012e !important;}&#8221;][vc_column][vc_column_text]<\/p>\n<h4 style=\"text-align: center;\"><span style=\"color: #ffffff;\">P\u00f3ngase en contacto con un abogado de ciudadan\u00eda para una consulta privada<\/span><\/h4>\n<h6 style=\"text-align: center;\"><span style=\"color: #ffffff;\">Llena este formulario o ll\u00e1manos al (520) 500-8500<\/span><\/h6>\n<p>[\/vc_column_text]\n<div class=\"wpcf7 no-js\" id=\"wpcf7-f3474-o1\" lang=\"en-US\" dir=\"ltr\" data-wpcf7-id=\"3474\">\n<div class=\"screen-reader-response\"><p role=\"status\" aria-live=\"polite\" aria-atomic=\"true\"><\/p> <ul><\/ul><\/div>\n<form action=\"\/es\/wp-json\/wp\/v2\/pages\/42059#wpcf7-f3474-o1\" method=\"post\" class=\"wpcf7-form init\" aria-label=\"Contact form\" novalidate=\"novalidate\" data-status=\"init\">\n<fieldset class=\"hidden-fields-container\"><input type=\"hidden\" name=\"_wpcf7\" value=\"3474\" \/><input type=\"hidden\" name=\"_wpcf7_version\" value=\"6.1.5\" \/><input type=\"hidden\" name=\"_wpcf7_locale\" value=\"en_US\" \/><input type=\"hidden\" name=\"_wpcf7_unit_tag\" value=\"wpcf7-f3474-o1\" \/><input type=\"hidden\" name=\"_wpcf7_container_post\" value=\"0\" \/><input type=\"hidden\" name=\"_wpcf7_posted_data_hash\" value=\"\" \/><input type=\"hidden\" name=\"_wpcf7_recaptcha_response\" value=\"\" \/>\n<\/fieldset>\n<div class=\"contact-form\">\n\t<div class=\"col-lg-4 col-md-8 col-xs-12\" style=\"margin-bottom:40px;\">\n\t\t<div class=\"form-line gem-form-icon-name\"><span class=\"wpcf7-form-control-wrap\" data-name=\"your-name\"><input size=\"40\" maxlength=\"400\" class=\"wpcf7-form-control wpcf7-text wpcf7-validates-as-required\" aria-required=\"true\" aria-invalid=\"false\" placeholder=\"Name*\" value=\"\" type=\"text\" name=\"your-name\" \/><\/span><\/div>\n\t<\/div>\n\t<div class=\"col-lg-4 col-md-8 col-xs-12\" style=\"margin-bottom:40px;\">\n\t\t<div class=\"form-line gem-form-icon-email\"><span class=\"wpcf7-form-control-wrap\" data-name=\"your-email\"><input size=\"40\" maxlength=\"400\" class=\"wpcf7-form-control wpcf7-email wpcf7-validates-as-required wpcf7-text wpcf7-validates-as-email\" aria-required=\"true\" aria-invalid=\"false\" placeholder=\"Email*\" value=\"\" type=\"email\" name=\"your-email\" \/><\/span><\/div>\n\t<\/div>\n\t<div class=\"col-lg-4 col-md-8 col-xs-12\" style=\"margin-bottom:40px;\">\n\t\t<div class=\"form-line gem-form-icon-phone\"><span class=\"wpcf7-form-control-wrap\" data-name=\"your-phone\"><input size=\"40\" maxlength=\"400\" class=\"wpcf7-form-control wpcf7-text\" aria-invalid=\"false\" placeholder=\"Phone*\" value=\"\" type=\"text\" name=\"your-phone\" \/><\/span><\/div>\n\t<\/div>\n\t<div class=\"col-lg-8 col-md-8 col-xs-12\">\n\t\t<div class=\"form-line\"><span class=\"wpcf7-form-control-wrap\" data-name=\"your-message\"><textarea cols=\"30\" rows=\"2\" maxlength=\"2000\" class=\"wpcf7-form-control wpcf7-textarea wpcf7-validates-as-required\" aria-required=\"true\" aria-invalid=\"false\" placeholder=\"Briefly Describe Your Case\" name=\"your-message\"><\/textarea><\/span><\/div>\n\t<\/div>\n\t<div class=\"col-lg-4 col-md-4 col-xs-12\">\n\t\t<div class=\"form-line\"><input class=\"wpcf7-form-control wpcf7-submit has-spinner gem-button\" type=\"submit\" value=\"Submit Message\" \/><\/div>\n\t<\/div>\n<\/div><p style=\"display: none !important;\" class=\"akismet-fields-container\" data-prefix=\"_wpcf7_ak_\"><label>&#916;<textarea name=\"_wpcf7_ak_hp_textarea\" cols=\"45\" rows=\"8\" maxlength=\"100\"><\/textarea><\/label><input type=\"hidden\" id=\"ak_js_1\" name=\"_wpcf7_ak_js\" value=\"198\"\/><script>document.getElementById( \"ak_js_1\" ).setAttribute( \"value\", ( new Date() ).getTime() );<\/script><\/p><div class=\"wpcf7-response-output\" aria-hidden=\"true\"><\/div>\n<\/form>\n<\/div>\n[\/vc_column][\/vc_row][vc_row content_width=&#8221;grid&#8221; content_aligment=&#8221;center&#8221; triangle_shape=&#8221;no&#8221; css=&#8221;.vc_custom_1586369513410{padding-top: 50px !important;padding-bottom: 50px !important;}&#8221;][vc_column][vc_column_text]<\/p>\n<h2><span style=\"color: #3d8dff;\">Por que lo necesitas<\/span><span class=\"light\"> un abogado de naturalizaci\u00f3n y ciudadan\u00eda<\/span><\/h2>\n<p>La naturalizaci\u00f3n o la ciudadan\u00eda no se dan a la ligera en los EE. UU. Cuando solicita la ciudadan\u00eda, se revisa todo su historial de inmigraci\u00f3n y antecedentes personales. Para la mayor\u00eda de las personas que est\u00e1n considerando dar este paso, este puede ser un evento bastante estresante.<\/p>\n<p>En el peor de los casos, una solicitud de ciudadan\u00eda podr\u00eda llevar a la deportaci\u00f3n si el caso descubre ciertos problemas. Por esta raz\u00f3n, debe consultar con un <a href=\"https:\/\/www.moorelawfirmaz.com\/es\/ley-de-inmigracion\/\">abogado de inmigraci\u00f3n<\/a> con experiencia antes de solicitar la naturalizaci\u00f3n, para revisar cualquier problema potencialmente grave que ni siquiera reconozca.<\/p>\n<p>En otros casos, es posible que no sea deportado, pero la solicitud puede retrasarse debido a un problema imprevisto. Incluso algo tan peque\u00f1o como no tener 30 meses consecutivos f\u00edsicamente presente en los EE. UU. Durante los \u00faltimos 5 a\u00f1os puede significar que a\u00fan no es elegible para la ciudadan\u00eda. Y luego, se debe reiniciar todo el proceso.<\/p>\n<p>Podemos ayudarlo a evitar estos problemas. Nuestros abogados de ciudadan\u00eda pueden analizar su caso y descubrir cualquier &#8220;amenaza&#8221; potencial que pueda impedirle obtener la ciudadan\u00eda. P\u00f3ngase en contacto con <a href=\"https:\/\/www.moorelawfirmaz.com\/es\/\">Moore Law Firm<\/a> ahora para una consulta.<\/p>\n<p>\u00a1Te ayudaremos en cada paso del camino![\/vc_column_text][\/vc_column][\/vc_row][vc_row full_width=&#8221;stretch_row&#8221; equal_height=&#8221;yes&#8221; content_placement=&#8221;middle&#8221; parallax=&#8221;content-moving&#8221; parallax_image=&#8221;38222&#8243; parallax_speed_bg=&#8221;1&#8243; css=&#8221;.vc_custom_1586451678370{margin-bottom: 0px !important;padding-top: 120px !important;padding-bottom: 120px !important;background-position: center;background-repeat: no-repeat !important;background-size: cover !important;}&#8221;][vc_column width=&#8221;1\/2&#8243; offset=&#8221;vc_hidden-md&#8221;][\/vc_column][vc_column width=&#8221;1\/2&#8243; el_class=&#8221;law-extracolumn&#8221; css=&#8221;.vc_custom_1548437309628{background-image: url(https:\/\/moorelawfirmaz.com\/wp-content\/uploads\/2016\/08\/28.png?id=26259) !important;background-position: 0 0 !important;background-repeat: no-repeat !important;}&#8221;]<div class=\"centered-box\"><div class=\"gem-icon gem-icon-pack-material gem-icon-size-medium  gem-icon-shape-square gem-simple-icon\"  style=\"opacity: 1;\"><div class=\"gem-icon-inner\" style=\"\"><span class=\"gem-icon-half-1\" style=\"color: #ffffff;\"><span class=\"back-angle\">&#xf159;<\/span><\/span><span class=\"gem-icon-half-2\" style=\"color: #ffffff;\"><span class=\"back-angle\">&#xf159;<\/span><\/span><\/div><\/div><\/div><div class=\"clearboth\"><\/div><style>#thegem-divider-69d61c3c2fe40 {margin-top: 50px !important;}<\/style><div id=\"thegem-divider-69d61c3c2fe40\" class=\"gem-divider  \" style=\"\" ><\/div>[vc_column_text]<\/p>\n<h4 style=\"text-align: center;\"><span style=\"color: #ffffff; text-shadow: 1px 1px 1px #000;\">\u00bfListo para comenzar a trabajar en su solicitud de tarjeta verde?<\/span><\/h4>\n<p>[\/vc_column_text]<div class=\"clearboth\"><\/div><style>#thegem-divider-69d61c3c2feb1 {margin-top: -15px !important;}<\/style><div id=\"thegem-divider-69d61c3c2feb1\" class=\"gem-divider  \" style=\"\" ><\/div>[vc_column_text]<\/p>\n<h3 style=\"text-align: center;\"><span style=\"color: #f2a900; text-shadow: 1px 1px 1px #000;\">Cont\u00e1ctenos hoy para discutir el mejor plan de inmigraci\u00f3n para su familia.<\/span><\/h3>\n<p>[\/vc_column_text]<style type=\"text\/css\">.thegem-button-69d61c3c300349161.lazy-loading-before-start-animation .lazy-loading-item {opacity: 0;} body.thegem-effects-disabled .thegem-button-69d61c3c300349161.lazy-loading-before-start-animation .lazy-loading-item {opacity: 1;}<\/style><style type=\"text\/css\">.thegem-button-69d61c3c300349161 .gem-button svg {fill: #ffffff;}.thegem-button-69d61c3c300349161 .gem-button:hover svg {fill: #ffffff;}<\/style><div class=\"gem-button-container gem-button-position-center thegem-button-69d61c3c300349161     lazy-loading lazy-loading-before-start-animation\"  ><a title=\"Contact Us\" class=\"gem-button gem-button-size-medium gem-button-style-flat gem-button-text-weight-normal lazy-loading-item\" data-ll-effect=\"drop-right-without-wrap\" style=\"border-radius: 5px;background-color: #00012e;color: #ffffff;\" onmouseleave=\"this.style.backgroundColor='#00012e';this.style.color='#ffffff';\" onmouseenter=\"this.style.backgroundColor='#3d8dff';this.style.color='#ffffff';\" href=\"https:\/\/www.moorelawfirmaz.com\/contact-us\/\" target=\"_self\">Contact Us<\/a><\/div> [\/vc_column][\/vc_row][vc_row full_width=&#8221;stretch_row&#8221; css=&#8221;.vc_custom_1548455115233{margin-bottom: 0px !important;padding-top: 20px !important;padding-bottom: 30px !important;background-color: rgba(0,1,46,0.8) !important;*background-color: rgb(0,1,46) !important;}&#8221; el_class=&#8221;law-rowbigindex&#8221;][vc_column width=&#8221;1\/2&#8243;]<div class=\"gem-icon-with-text gem-icon-with-text-icon-size-large\" ><div style=\"margin-bottom:0px;padding-top: 5px;padding-right: 30px;margin-top:0px; \" class=\"gem-icon-with-text-icon\"><div class=\"gem-icon gem-icon-pack-material gem-icon-size-large  gem-icon-shape-square gem-simple-icon\"  style=\"opacity: 1;\"><div class=\"gem-icon-inner\" style=\"\"><span class=\"gem-icon-half-1\" style=\"color: #89cff0;\"><span class=\"back-angle\">&#xf118;<\/span><\/span><span class=\"gem-icon-half-2\" style=\"color: #89cff0;\"><span class=\"back-angle\">&#xf118;<\/span><\/span><\/div><\/div><\/div><div class=\"gem-icon-with-text-content\" ><div class=\"gem-icon-with-text-text\">[vc_column_text]<\/p>\n<h4><span class=\"light\" style=\"color: #ffffff;\">Horas Laborales<\/span><\/h4>\n<p>[\/vc_column_text][vc_column_text]<span style=\"color: #ffffff;\">Lunes a viernes: 8:30 &#8211; 5:30<\/span><br \/>\n<span style=\"color: #ffffff;\">S\u00e1bado: con cita previa<\/span><br \/>\n<span style=\"color: #ffffff;\">Domingo: con cita previa<\/span>[\/vc_column_text]<\/div><\/div><div class=\"clearboth\"><\/div><\/div>[\/vc_column][vc_column width=&#8221;1\/2&#8243;]<div class=\"gem-icon-with-text gem-icon-with-text-icon-size-large\" ><div style=\"margin-bottom:0px;padding-top: 5px;padding-right: 30px;margin-top:0px; \" class=\"gem-icon-with-text-icon\"><div class=\"gem-icon gem-icon-pack-material gem-icon-size-large  gem-icon-shape-square gem-simple-icon\"  style=\"opacity: 1;\"><div class=\"gem-icon-inner\" style=\"\"><span class=\"gem-icon-half-1\" style=\"color: #89cff0;\"><span class=\"back-angle\">&#xf217;<\/span><\/span><span class=\"gem-icon-half-2\" style=\"color: #89cff0;\"><span class=\"back-angle\">&#xf217;<\/span><\/span><\/div><\/div><\/div><div class=\"gem-icon-with-text-content\" ><div class=\"gem-icon-with-text-text\">[vc_column_text]<\/p>\n<h4><span class=\"light\" style=\"color: #ffffff;\">estamos aqu\u00ed<\/span><\/h4>\n<p>[\/vc_column_text][vc_column_text]<span style=\"color: #ffffff;\">4578 Camp Lowell Rd<\/span><br \/>\n<span style=\"color: #ffffff;\">702 W. Irvington Rd. #130<\/span>[\/vc_column_text]<\/div><\/div><div class=\"clearboth\"><\/div><\/div>[\/vc_column][\/vc_row][vc_row full_width=&#8221;stretch_row_content_no_spaces&#8221; css=&#8221;.vc_custom_1470998075010{margin-bottom: 0px !important;}&#8221; el_class=&#8221;law-rowindex&#8221;][vc_column]<div class=\"gem-map-with-text\"><div class=\"gem-map-with-text-content\" style=\"\"><\/div><div class=\"gem-map-with-text-map grayscale\">[vc_gmaps link=\"#E-8_JTNDaWZyYW1lJTIwc3JjJTNEJTIyaHR0cHMlM0ElMkYlMkZ3d3cuZ29vZ2xlLmNvbSUyRm1hcHMlMkZkJTJGdSUyRjElMkZlbWJlZCUzRm1pZCUzRDFaekI2UGtlTTMyZkpBYkY1cHlqNzI2aFlPQlJ0V21RVyUyMiUyMHdpZHRoJTNEJTIyMTAwJTI1JTIyJTIwaGVpZ2h0JTNEJTIyNTQwJTIyJTNFJTNDJTJGaWZyYW1lJTNF\" size=\"736\" disable_scroll=\"1\"]<\/div><\/div>[\/vc_column][\/vc_row]<\/p>\n<\/div>","protected":false},"excerpt":{"rendered":"<p>[vc_row full_width=&#8221;stretch_row_content_no_spaces&#8221; content_placement=&#8221;bottom&#8221; custom_css_code=&#8221;aDElMjAlN0IlMEElMjAlMjBtYXgtd2lkdGglM0ExMDAwcHglM0IlMEElMjAlMjB0ZXh0LWFsaWduJTNBY2VudGVyJTNCJTBBJTA5bWFyZ2luJTNBMCUyMGF1dG8lM0IlMEElN0QlMEElMEFwJTIwJTdCJTBBJTIwJTIwbWF4LXdpZHRoJTNBMTAwMHB4JTNCJTBBJTIwJTIwY29sb3IlM0ElMjAlMjNmZmZmZmYlM0IlMEElMjAlMjBwYWRkaW5nLXRvcCUzQSUyMDIwcHglM0IlMEElMjAlMjB0ZXh0LWFsaWduJTNBY2VudGVyJTNCJTBBJTA5bWFyZ2luJTNBMCUyMGF1dG8lM0IlMEElMjAlMjB0ZXh0LXNoYWRvdyUzQSUyMDFweCUyMDFweCUyMGJsYWNrJTNCJTBBJTdE&#8221; css=&#8221;.vc_custom_1632068369571{background-image: url(https:\/\/www.moorelawfirmaz.com\/wp-content\/uploads\/2019\/08\/Large-Blue-Header-Background.jpg?id=37226) !important;background-position: center !important;background-repeat: no-repeat !important;background-size: cover !important;}&#8221;][vc_column][vc_column_text css_animation=&#8221;none&#8221; css=&#8221;.vc_custom_1645035078672{margin-right: 20px !important;margin-left: 20px !important;padding-top: 200px&#8230;<\/p>\n","protected":false},"author":1,"featured_media":41548,"parent":41679,"menu_order":23,"comment_status":"closed","ping_status":"closed","template":"","meta":{"footnotes":""},"class_list":["post-42059","page","type-page","status-publish","has-post-thumbnail"],"acf":[],"_links":{"self":[{"href":"https:\/\/www.moorelawfirmaz.com\/es\/wp-json\/wp\/v2\/pages\/42059","targetHints":{"allow":["GET"]}}],"collection":[{"href":"https:\/\/www.moorelawfirmaz.com\/es\/wp-json\/wp\/v2\/pages"}],"about":[{"href":"https:\/\/www.moorelawfirmaz.com\/es\/wp-json\/wp\/v2\/types\/page"}],"author":[{"embeddable":true,"href":"https:\/\/www.moorelawfirmaz.com\/es\/wp-json\/wp\/v2\/users\/1"}],"replies":[{"embeddable":true,"href":"https:\/\/www.moorelawfirmaz.com\/es\/wp-json\/wp\/v2\/comments?post=42059"}],"version-history":[{"count":0,"href":"https:\/\/www.moorelawfirmaz.com\/es\/wp-json\/wp\/v2\/pages\/42059\/revisions"}],"up":[{"embeddable":true,"href":"https:\/\/www.moorelawfirmaz.com\/es\/wp-json\/wp\/v2\/pages\/41679"}],"wp:featuredmedia":[{"embeddable":true,"href":"https:\/\/www.moorelawfirmaz.com\/es\/wp-json\/wp\/v2\/media\/41548"}],"wp:attachment":[{"href":"https:\/\/www.moorelawfirmaz.com\/es\/wp-json\/wp\/v2\/media?parent=42059"}],"curies":[{"name":"wp","href":"https:\/\/api.w.org\/{rel}","templated":true}]}}