{"id":42013,"date":"2021-08-08T13:58:22","date_gmt":"2021-08-08T20:58:22","guid":{"rendered":"https:\/\/moorelawfirmaz.com\/lesiones-personales\/lesion-por-drones\/"},"modified":"2022-04-20T11:24:31","modified_gmt":"2022-04-20T18:24:31","slug":"lesion-por-drones","status":"publish","type":"page","link":"https:\/\/www.moorelawfirmaz.com\/es\/lesiones-personales\/lesion-por-drones\/","title":{"rendered":"Lesi\u00f3n por drones"},"content":{"rendered":"<div class=\"wpb-content-wrapper\"><p>[vc_row full_width=&#8221;stretch_row_content_no_spaces&#8221; content_placement=&#8221;bottom&#8221; custom_css_code=&#8221;aDElMjAlN0IlMEElMjAlMjBtYXgtd2lkdGglM0ExMDAwcHglM0IlMEElMjAlMjB0ZXh0LWFsaWduJTNBY2VudGVyJTNCJTBBJTA5bWFyZ2luJTNBMCUyMGF1dG8lM0IlMEElN0QlMEElMEFwJTIwJTdCJTBBJTIwJTIwbWF4LXdpZHRoJTNBMTAwMHB4JTNCJTBBJTIwJTIwY29sb3IlM0ElMjAlMjNmZmZmZmYlM0IlMEElMjAlMjBwYWRkaW5nLXRvcCUzQSUyMDIwcHglM0IlMEElMjAlMjB0ZXh0LWFsaWduJTNBY2VudGVyJTNCJTBBJTA5bWFyZ2luJTNBMCUyMGF1dG8lM0IlMEElMjAlMjB0ZXh0LXNoYWRvdyUzQSUyMDFweCUyMDFweCUyMGJsYWNrJTNCJTBBJTdE&#8221; css=&#8221;.vc_custom_1632068369571{background-image: url(https:\/\/www.moorelawfirmaz.com\/wp-content\/uploads\/2019\/08\/Large-Blue-Header-Background.jpg?id=37226) !important;background-position: center !important;background-repeat: no-repeat !important;background-size: cover !important;}&#8221;][vc_column][vc_column_text css_animation=&#8221;none&#8221; css=&#8221;.vc_custom_1645482603764{margin-right: 20px !important;margin-left: 20px !important;padding-top: 200px !important;}&#8221;]<\/p>\n<h1>Abogado de <span style=\"font-weight: 300;\">lesiones por drones<\/span><br \/>\n<span style=\"font-weight: 300; font-size: 40%; line-height: 0px;\">Tucson, Arizona<\/span><\/h1>\n<p>Si ha resultado herido o lesionado por un propietario negligente de drones, hable con nuestro abogado de lesiones por drones sobre las opciones de representaci\u00f3n legal y la compensaci\u00f3n por sus lesiones por drones.[\/vc_column_text][vc_single_image image=&#8221;41760&#8243; img_size=&#8221;full&#8221; css=&#8221;.vc_custom_1632014884091{margin-bottom: 0px !important;}&#8221;][\/vc_column][\/vc_row][vc_row css=&#8221;.vc_custom_1612285700149{margin-top: 50px !important;}&#8221;][vc_column][vc_column_text]<\/p>\n<h2><a style=\"color: #3d8dff;\">Obtenga compensaci\u00f3n por lesiones de drones<span class=\"light\" style=\"color: #00012e;\"> con excelentes abogados de lesiones por drones<\/span><\/a><\/h2>\n<p>Los drones voladores controlados a distancia son muy populares entre los aficionados y se han convertido en regalos de moda, pero no existen regulaciones sobre entrenamiento y licencias para volar drones en \u00e1reas p\u00fablicas. Esto ha llevado a serias preocupaciones de privacidad y seguridad con respecto a la operaci\u00f3n de drones cerca del tr\u00e1fico en movimiento, por encima de residencias privadas y en grandes eventos p\u00fablicos.<\/p>\n<p>Cuando un dron se estrella, puede provocar varios tipos de accidentes; estos incluyen explosiones, <a href=\"https:\/\/www.moorelawfirmaz.com\/es\/lesiones-personales\/accidentes-autos\/\">accidentes automovil\u00edsticos<\/a>, da\u00f1os y lesiones por escombros voladores. Si la negligencia de un operador de drones o un dron que funciona mal invadi\u00f3 su privacidad en el hogar o en p\u00fablico, o si un dron lo lastim\u00f3 f\u00edsicamente, tiene derecho a una compensaci\u00f3n.<\/p>\n<p>En <a href=\"https:\/\/www.moorelawfirmaz.com\/es\/\">Moore Law Firm<\/a>, estamos comprometidos a proteger sus derechos y responder sus preguntas relacionadas con demandas por lesiones de drones.[\/vc_column_text][\/vc_column][\/vc_row][vc_row full_width=&#8221;stretch_row&#8221; css=&#8221;.vc_custom_1645483605609{background-color: #00012e !important;}&#8221; custom_css_code=&#8221;aDMlN0IlMEFjb2xvciUzQSUyM2ZmZmZmZiUzQiUwQXRleHQtYWxpZ24lM0FjZW50ZXIlM0IlMEElN0Q=&#8221;][vc_column][vc_column_text]<\/p>\n<h3>De 2015 a 2020, hubo aproximadamente 4250 lesiones por drones<\/h3>\n<p style=\"text-align: center;\"><span style=\"color: #ffffff;\">Fuente: <a style=\"color: #ffffff;\" href=\"https:\/\/edis.ifas.ufl.edu\/publication\/AE560\" target=\"_blank\" rel=\"noopener\">Universidad de Florida<\/a><\/span><\/p>\n<p>[\/vc_column_text][\/vc_column][\/vc_row][vc_row full_width=&#8221;stretch_row&#8221; bg_type=&#8221;image&#8221; parallax_style=&#8221;vcpb-default&#8221; bg_image_new=&#8221;id^37606|url^https:\/\/moorelawfirmaz.com\/wp-content\/uploads\/2019\/09\/Drone-Flying.jpg|caption^null|alt^Flying drone|title^Drone Flying|description^null&#8221; bg_image_repeat=&#8221;no-repeat&#8221; bg_img_attach=&#8221;fixed&#8221; css=&#8221;.vc_custom_1569283600773{margin-top: 60px !important;margin-bottom: -10px !important;}&#8221;][vc_column][vc_row_inner][vc_column_inner width=&#8221;2\/3&#8243;][vc_column_text]<\/p>\n<h2><a style=\"color: #3d8dff;\">Especialistas<span class=\"light\" style=\"color: #00012e;\"> en demandas por lesiones de drones<\/span><\/a><\/h2>\n<p>Los drones se conocen como dispositivos voladores controlados a distancia, dispositivos cuadric\u00f3pteros y cuadric\u00f3pteros. Independientemente del nombre que se les d\u00e9, estos dispositivos han causado da\u00f1os a la propiedad personal de muchas personas. El principal problema es que los drones no est\u00e1n muy regulados. Los encontrar\u00e1 en todas partes, desde conciertos al aire libre hasta playas p\u00fablicas. Este aumento en el tr\u00e1fico de drones ha llevado a un mayor riesgo de lesiones para transe\u00fantes inocentes y el p\u00fablico en general.<\/p>\n<p>Nuestros abogados de lesiones por drones tienen experiencia en demandas por lesiones por drones y lo ayudar\u00e1n a obtener una compensaci\u00f3n financiera si ha sido lesionado por un dron. Si alguna vez se ha visto afectado emocional o f\u00edsicamente por los drones debido a lo siguiente, debe hablar con nuestro abogado especializado en lesiones por drones hoy mismo:[\/vc_column_text][vc_column_text]<\/p>\n<h4>Negligencia del operador de drones<\/h4>\n<p>Volar drones mientras est\u00e1 distra\u00eddo, ebrio o sin experiencia podr\u00eda resultar en algunas consecuencias graves y riesgos de seguridad para el p\u00fablico en general.[\/vc_column_text][vc_column_text]<\/p>\n<h4>Equipo de dron defectuoso o que funciona mal<\/h4>\n<p>La mayor\u00eda de los accidentes de drones que provocan lesiones son causados por defectos de fabricaci\u00f3n, instrucciones inadecuadas y controles de seguridad insuficientes.[\/vc_column_text][vc_column_text]<\/p>\n<h4>Invasi\u00f3n de privacidad<\/h4>\n<p>Es ilegal volar drones por encima de vallas, cerca de ventanas o en \u00e1reas seguras donde existan problemas de privacidad. Las personas, las empresas y las familias no quieren que los drones vuelen invadiendo su privacidad. Si se ha visto afectado de alguna manera, debe ponerse en contacto.[\/vc_column_text][vc_column_text]Si se pregunta qu\u00e9 hacer despu\u00e9s de sufrir una lesi\u00f3n por drones, podemos ayudarlo con una demanda por lesiones por drones. Nuestro equipo legal se enorgullece de mantenerse al d\u00eda con los avances en la ley y la tecnolog\u00eda de drones y puede ayudarlo a obtener los mejores resultados posibles para sus reclamos por lesiones de drones. [\/vc_column_text]<div class=\"clearboth\"><\/div><style>#thegem-divider-69f6304c56db9 {margin-bottom: 80px !important;}<\/style><div id=\"thegem-divider-69f6304c56db9\" class=\"gem-divider  \" style=\"\" ><\/div>[\/vc_column_inner][vc_column_inner width=&#8221;1\/3&#8243;][\/vc_column_inner][\/vc_row_inner][\/vc_column][\/vc_row][vc_row full_width=&#8221;stretch_row_content&#8221; equal_height=&#8221;yes&#8221; content_placement=&#8221;top&#8221; content_width=&#8221;grid&#8221; content_aligment=&#8221;center&#8221; triangle_shape=&#8221;no&#8221; css=&#8221;.vc_custom_1569022109046{margin-bottom: 0px !important;background-position: center !important;background-repeat: no-repeat !important;background-size: cover !important;}&#8221;][vc_column offset=&#8221;vc_col-lg-4 vc_col-md-6 vc_hidden-md vc_hidden-sm vc_col-xs-12 vc_hidden-xs&#8221; css=&#8221;.vc_custom_1545848801025{background-image: url(https:\/\/moorelawfirmaz.com\/wp-content\/uploads\/2018\/12\/Contact-Form-Logo.jpg?id=34314) !important;background-position: center !important;background-repeat: no-repeat !important;background-size: cover !important;}&#8221;][\/vc_column][vc_column offset=&#8221;vc_col-lg-4 vc_col-md-6 vc_col-xs-12&#8243; css=&#8221;.vc_custom_1568155777115{background-color: #3d8dff !important;}&#8221;]<div class=\"clearboth\"><\/div><style>#thegem-divider-69f6304c56e1c {margin-top: 30px !important;}<\/style><div id=\"thegem-divider-69f6304c56e1c\" class=\"gem-divider  \" style=\"\" ><\/div>[vc_column_text]<\/p>\n<h3 style=\"text-align: center; color: #ffffff;\">Solicite una llamada<\/h3>\n<p>[\/vc_column_text]<div class=\"clearboth\"><\/div><style>#thegem-divider-69f6304c56e51 {margin-top: 41px !important;}<\/style><div id=\"thegem-divider-69f6304c56e51\" class=\"gem-divider  \" style=\"\" ><\/div>\n<div class=\"wpcf7 no-js\" id=\"wpcf7-f32599-o1\" lang=\"en-US\" dir=\"ltr\" data-wpcf7-id=\"32599\">\n<div class=\"screen-reader-response\"><p role=\"status\" aria-live=\"polite\" aria-atomic=\"true\"><\/p> <ul><\/ul><\/div>\n<form action=\"\/es\/wp-json\/wp\/v2\/pages\/42013#wpcf7-f32599-o1\" method=\"post\" class=\"wpcf7-form init\" aria-label=\"Contact form\" novalidate=\"novalidate\" data-status=\"init\">\n<fieldset class=\"hidden-fields-container\"><input type=\"hidden\" name=\"_wpcf7\" value=\"32599\" \/><input type=\"hidden\" name=\"_wpcf7_version\" value=\"6.1.5\" \/><input type=\"hidden\" name=\"_wpcf7_locale\" value=\"en_US\" \/><input type=\"hidden\" name=\"_wpcf7_unit_tag\" value=\"wpcf7-f32599-o1\" \/><input type=\"hidden\" name=\"_wpcf7_container_post\" value=\"0\" \/><input type=\"hidden\" name=\"_wpcf7_posted_data_hash\" value=\"\" \/><input type=\"hidden\" name=\"_wpcf7_recaptcha_response\" value=\"\" \/>\n<\/fieldset>\n<div class=\"contact-form-footer\">\n<p><span class=\"wpcf7-form-control-wrap\" data-name=\"your-name\"><input size=\"40\" maxlength=\"400\" class=\"wpcf7-form-control wpcf7-text wpcf7-validates-as-required\" aria-required=\"true\" aria-invalid=\"false\" placeholder=\"Your name\" value=\"\" type=\"text\" name=\"your-name\" \/><\/span><\/p>\n<p><span class=\"wpcf7-form-control-wrap\" data-name=\"your-phone\"><input size=\"40\" maxlength=\"400\" class=\"wpcf7-form-control wpcf7-text wpcf7-validates-as-required\" aria-required=\"true\" aria-invalid=\"false\" placeholder=\"Your phone number\" value=\"\" type=\"text\" name=\"your-phone\" \/><\/span><\/p>\n<p><span class=\"wpcf7-form-control-wrap\" data-name=\"your-email\"><input size=\"40\" maxlength=\"400\" class=\"wpcf7-form-control wpcf7-text\" aria-invalid=\"false\" placeholder=\"Your email address\" value=\"\" type=\"text\" name=\"your-email\" \/><\/span><\/p>\n<p><span class=\"wpcf7-form-control-wrap\" data-name=\"your-message\"><textarea cols=\"40\" rows=\"10\" maxlength=\"2000\" class=\"wpcf7-form-control wpcf7-textarea\" aria-invalid=\"false\" placeholder=\"Your message\" name=\"your-message\"><\/textarea><\/span><\/p>\n<div><input class=\"wpcf7-form-control wpcf7-submit has-spinner\" type=\"submit\" value=\"Send\" \/><\/div>\n<\/div><p style=\"display: none !important;\" class=\"akismet-fields-container\" data-prefix=\"_wpcf7_ak_\"><label>&#916;<textarea name=\"_wpcf7_ak_hp_textarea\" cols=\"45\" rows=\"8\" maxlength=\"100\"><\/textarea><\/label><input type=\"hidden\" id=\"ak_js_1\" name=\"_wpcf7_ak_js\" value=\"19\"\/><script type=\"text\/javascript\">\n\/* <![CDATA[ *\/\ndocument.getElementById( \"ak_js_1\" ).setAttribute( \"value\", ( new Date() ).getTime() );\n\/* ]]> *\/\n<\/script>\n<\/p><div class=\"wpcf7-response-output\" aria-hidden=\"true\"><\/div>\n<\/form>\n<\/div>\n<div class=\"clearboth\"><\/div><style>#thegem-divider-69f6304c5b75e {margin-top: 20px !important;}<\/style><div id=\"thegem-divider-69f6304c5b75e\" class=\"gem-divider  \" style=\"\" ><\/div>[\/vc_column][vc_column width=&#8221;1\/3&#8243; css=&#8221;.vc_custom_1569020937184{background-image: url(https:\/\/moorelawfirmaz.com\/wp-content\/uploads\/2019\/09\/Drone-Crash.jpg?id=37573) !important;background-position: center !important;background-repeat: no-repeat !important;background-size: cover !important;}&#8221; offset=&#8221;vc_hidden-md vc_hidden-sm vc_hidden-xs&#8221;]<div class=\"clearboth\"><\/div><style>#thegem-divider-69f6304c5b7a6 {margin-top: 400px !important;}<\/style><div id=\"thegem-divider-69f6304c5b7a6\" class=\"gem-divider  \" style=\"\" ><\/div>[\/vc_column][\/vc_row][vc_row css=&#8221;.vc_custom_1568053895380{margin-top: 60px !important;}&#8221;][vc_column][vc_column_text]<\/p>\n<h2><a style=\"color: #3d8dff;\">Llame a los expertos<span class=\"light\" style=\"color: #00012e;\"> en Lesiones por drones<\/span><\/a><\/h2>\n<p>Si ha sido lesionado por un dron, p\u00f3ngase en contacto con el bufete de abogados Moore hoy mismo. Nuestros abogados de lesiones por drones revisar\u00e1n su caso y determinar\u00e1n si califica para una demanda por lesiones personales. Esto puede darle derecho a una compensaci\u00f3n por su salario perdido, facturas m\u00e9dicas y cualquier sufrimiento y dolor causado por sus lesiones. Cualquiera que haya sido golpeado por un dron y haya sufrido lesiones podr\u00eda ser indemnizado por lo siguiente:<\/p>\n<ul>\n<li>Reclamaci\u00f3n del c\u00f3nyuge por p\u00e9rdida del consorcio<\/li>\n<li>Dolor y sufrimiento<\/li>\n<li>Trauma emocional<\/li>\n<li>Disminuci\u00f3n de su calidad de vida.<\/li>\n<li>Ganancias perdidas pasadas y futuras<\/li>\n<li>Gastos m\u00e9dicos pasados y futuros<\/li>\n<\/ul>\n<p>Puede concertar una consulta inicial sin compromiso llam\u00e1ndonos al (520) 500-8500 o completando el formulario de contacto en nuestro sitio web.[\/vc_column_text][\/vc_column][\/vc_row]<\/p>\n<\/div>","protected":false},"excerpt":{"rendered":"<p>[vc_row full_width=&#8221;stretch_row_content_no_spaces&#8221; content_placement=&#8221;bottom&#8221; custom_css_code=&#8221;aDElMjAlN0IlMEElMjAlMjBtYXgtd2lkdGglM0ExMDAwcHglM0IlMEElMjAlMjB0ZXh0LWFsaWduJTNBY2VudGVyJTNCJTBBJTA5bWFyZ2luJTNBMCUyMGF1dG8lM0IlMEElN0QlMEElMEFwJTIwJTdCJTBBJTIwJTIwbWF4LXdpZHRoJTNBMTAwMHB4JTNCJTBBJTIwJTIwY29sb3IlM0ElMjAlMjNmZmZmZmYlM0IlMEElMjAlMjBwYWRkaW5nLXRvcCUzQSUyMDIwcHglM0IlMEElMjAlMjB0ZXh0LWFsaWduJTNBY2VudGVyJTNCJTBBJTA5bWFyZ2luJTNBMCUyMGF1dG8lM0IlMEElMjAlMjB0ZXh0LXNoYWRvdyUzQSUyMDFweCUyMDFweCUyMGJsYWNrJTNCJTBBJTdE&#8221; css=&#8221;.vc_custom_1632068369571{background-image: url(https:\/\/www.moorelawfirmaz.com\/wp-content\/uploads\/2019\/08\/Large-Blue-Header-Background.jpg?id=37226) !important;background-position: center !important;background-repeat: no-repeat !important;background-size: cover !important;}&#8221;][vc_column][vc_column_text css_animation=&#8221;none&#8221; css=&#8221;.vc_custom_1645482603764{margin-right: 20px !important;margin-left: 20px !important;padding-top: 200px&#8230;<\/p>\n","protected":false},"author":1,"featured_media":41703,"parent":41700,"menu_order":0,"comment_status":"closed","ping_status":"closed","template":"","meta":{"footnotes":""},"class_list":["post-42013","page","type-page","status-publish","has-post-thumbnail"],"acf":[],"_links":{"self":[{"href":"https:\/\/www.moorelawfirmaz.com\/es\/wp-json\/wp\/v2\/pages\/42013","targetHints":{"allow":["GET"]}}],"collection":[{"href":"https:\/\/www.moorelawfirmaz.com\/es\/wp-json\/wp\/v2\/pages"}],"about":[{"href":"https:\/\/www.moorelawfirmaz.com\/es\/wp-json\/wp\/v2\/types\/page"}],"author":[{"embeddable":true,"href":"https:\/\/www.moorelawfirmaz.com\/es\/wp-json\/wp\/v2\/users\/1"}],"replies":[{"embeddable":true,"href":"https:\/\/www.moorelawfirmaz.com\/es\/wp-json\/wp\/v2\/comments?post=42013"}],"version-history":[{"count":0,"href":"https:\/\/www.moorelawfirmaz.com\/es\/wp-json\/wp\/v2\/pages\/42013\/revisions"}],"up":[{"embeddable":true,"href":"https:\/\/www.moorelawfirmaz.com\/es\/wp-json\/wp\/v2\/pages\/41700"}],"wp:featuredmedia":[{"embeddable":true,"href":"https:\/\/www.moorelawfirmaz.com\/es\/wp-json\/wp\/v2\/media\/41703"}],"wp:attachment":[{"href":"https:\/\/www.moorelawfirmaz.com\/es\/wp-json\/wp\/v2\/media?parent=42013"}],"curies":[{"name":"wp","href":"https:\/\/api.w.org\/{rel}","templated":true}]}}