{"id":42004,"date":"2021-08-08T13:58:22","date_gmt":"2021-08-08T20:58:22","guid":{"rendered":"https:\/\/moorelawfirmaz.com\/lesiones-de-espalda-y-cuello\/"},"modified":"2022-04-22T13:58:04","modified_gmt":"2022-04-22T20:58:04","slug":"lesiones-de-espalda-y-cuello","status":"publish","type":"page","link":"https:\/\/www.moorelawfirmaz.com\/es\/tipos-de-lesiones\/lesiones-de-espalda-y-cuello\/","title":{"rendered":"Lesiones de espalda y cuello"},"content":{"rendered":"<div class=\"wpb-content-wrapper\"><p>[vc_row full_width=&#8221;stretch_row_content_no_spaces&#8221; content_placement=&#8221;bottom&#8221; custom_css_code=&#8221;aDElMjAlN0IlMEElMjAlMjBtYXgtd2lkdGglM0ExMDAwcHglM0IlMEElMjAlMjB0ZXh0LWFsaWduJTNBY2VudGVyJTNCJTBBJTA5bWFyZ2luJTNBMCUyMGF1dG8lM0IlMEElN0QlMEElMEFwJTIwJTdCJTBBJTIwJTIwbWF4LXdpZHRoJTNBMTAwMHB4JTNCJTBBJTIwJTIwY29sb3IlM0ElMjAlMjNmZmZmZmYlM0IlMEElMjAlMjBwYWRkaW5nLXRvcCUzQSUyMDIwcHglM0IlMEElMjAlMjB0ZXh0LWFsaWduJTNBY2VudGVyJTNCJTBBJTA5bWFyZ2luJTNBMCUyMGF1dG8lM0IlMEElMjAlMjB0ZXh0LXNoYWRvdyUzQSUyMDFweCUyMDFweCUyMGJsYWNrJTNCJTBBJTdE&#8221; css=&#8221;.vc_custom_1632068369571{background-image: url(https:\/\/www.moorelawfirmaz.com\/wp-content\/uploads\/2019\/08\/Large-Blue-Header-Background.jpg?id=37226) !important;background-position: center !important;background-repeat: no-repeat !important;background-size: cover !important;}&#8221;][vc_column][vc_column_text css_animation=&#8221;none&#8221; css=&#8221;.vc_custom_1648844010769{margin-right: 20px !important;margin-left: 20px !important;padding-top: 200px !important;}&#8221;]<\/p>\n<h1>Lesiones de <span style=\"font-weight: 300;\">espalda y cuello<\/span><br \/>\n<span style=\"font-weight: 300; font-size: 40%; line-height: 0px;\">Tucson, Arizona<\/span><\/h1>\n<p>Prometemos una cosa: una compensaci\u00f3n justa por las horas de su lesi\u00f3n en la espalda o el cuello.[\/vc_column_text][vc_single_image image=&#8221;41760&#8243; img_size=&#8221;full&#8221; css=&#8221;.vc_custom_1632014884091{margin-bottom: 0px !important;}&#8221;][\/vc_column][\/vc_row][vc_row content_width=&#8221;grid&#8221; content_aligment=&#8221;center&#8221; triangle_shape=&#8221;no&#8221; css=&#8221;.vc_custom_1586458929876{padding-top: 50px !important;padding-bottom: 50px !important;background-position: center !important;background-repeat: no-repeat !important;background-size: cover !important;}&#8221;][vc_column width=&#8221;1\/2&#8243;][vc_column_text]<\/p>\n<h2><span style=\"color: #3d8dff;\">Atr\u00e1s<\/span><span class=\"light\"> y lesi\u00f3n de cuello<\/span><\/h2>\n<p>Los accidentes automovil\u00edsticos y los resbalones y ca\u00eddas se encuentran entre las causas m\u00e1s comunes de lesiones de espalda y cuello. A menudo, la v\u00edctima tiene que lidiar con dolor cr\u00f3nico, movilidad limitada y costosas facturas m\u00e9dicas.<\/p>\n<p>Si otra persona le caus\u00f3 dolor, entonces tiene derecho a presentar una reclamaci\u00f3n de indemnizaci\u00f3n. Un abogado de lesiones de espalda o de cuello de Moore Law Firm puede tomar su caso y asegurarse de que reciba un acuerdo justo. [\/vc_column_text][\/vc_column][vc_column width=&#8221;1\/2&#8243;]<div class=\"centered-box gem-image-centered-box\" ><div class=\"gem-image gem-wrapbox gem-wrapbox-style-3 gem-wrapbox-position-centered  thegem-custom-69d61bc9bbb151260\"  style=\"\" ><div class=\"gem-wrapbox-inner \" ><img class=\"gem-wrapbox-element img-responsive\" src=\"https:\/\/www.moorelawfirmaz.com\/wp-content\/uploads\/2018\/12\/Back-and-Neck-Injury.jpg\" alt=\"\"\/><\/div><\/div><\/div>[\/vc_column][\/vc_row][vc_row full_width=&#8221;stretch_row&#8221; triangle_shape=&#8221;no&#8221; css=&#8221;.vc_custom_1586365729533{border-top-width: 5px !important;padding-top: 40px !important;padding-bottom: 45px !important;background-color: #00012e !important;border-top-color: #3d8dff !important;border-top-style: solid !important;}&#8221;][vc_column][vc_column_text]<\/p>\n<h3 style=\"text-align: center; color: #ffffff;\">Comun\u00edquese con el bufete de abogados Moore y p\u00f3ngase en contacto con un abogado de lesiones de espalda o un abogado de lesiones de cuello para comenzar a construir un caso contra las personas o instituciones que son responsables de sus lesiones.<\/h3>\n<p>[\/vc_column_text][\/vc_column][\/vc_row][vc_row full_width=&#8221;stretch_row&#8221; gap=&#8221;35&#8243; content_width=&#8221;grid&#8221; content_aligment=&#8221;center&#8221; triangle_shape=&#8221;no&#8221; css=&#8221;.vc_custom_1650571965003{margin-top: -20px !important;margin-bottom: -20px !important;padding-top: 20px !important;padding-bottom: 20px !important;background-position: center !important;background-repeat: no-repeat !important;background-size: cover !important;}&#8221;][vc_column css=&#8221;.vc_custom_1586391423825{padding-top: 50px !important;padding-bottom: 50px !important;}&#8221;][vc_column_text]<\/p>\n<h2><span style=\"color: #3d8dff;\">Lesiones de espalda y cuello:<\/span><span class=\"light\"> Causas, s\u00edntomas, diagn\u00f3stico y tratamiento<\/span> <\/h2>\n<p>Las lesiones en el cuello y la espalda pueden variar desde tensiones leves en el cuello o la espalda hasta lesiones graves que ponen en peligro la vida y que pueden causar par\u00e1lisis e incluso la muerte. [\/vc_column_text][vc_row_inner gap=&#8221;35&#8243;][vc_column_inner width=&#8221;2\/3&#8243;][vc_column_text]<\/p>\n<h3>Causas<\/h3>\n<p>Muchas lesiones en la espalda y el cuello ocurren durante<a href=\"https:\/\/moorelawfirmaz.com\/practice-areas\/personal-injury\/tucson-car-accident-lawyer\/\"> accidentes automovil\u00edsticos<\/a> . Fuerzas repentinas, como las de un accidente automovil\u00edstico, hacen que su cabeza sea lanzada con fuerza o que golpee los objetos en el autom\u00f3vil. Las lesiones de espalda y cuello tambi\u00e9n son comunes en los trabajadores que operan maquinaria pesada o realizan un trabajo f\u00edsico intenso. Tambi\u00e9n pueden ser el resultado de una mala postura de las personas que trabajan en oficinas. Las posibles causas de lesiones en el cuello incluyen: caer y aterrizar en superficies duras, tener objetos pesados que caen sobre usted, movimientos repetitivos que tensionan los m\u00fasculos del cuello o la espalda.<\/p>\n<p>De acuerdo con la<a href=\"https:\/\/www.nscisc.uab.edu\/\"> Centro Nacional de Estad\u00edsticas de Lesiones de la M\u00e9dula Espinal<\/a> (NSCISC), el<a href=\"https:\/\/www.nscisc.uab.edu\/Public\/Facts%20and%20Figures%20-%202017.pdf\"> principales causas de<\/a><a href=\"https:\/\/www.nscisc.uab.edu\/Public\/Facts%20and%20Figures%20-%202017.pdf\"> lesiones de la m\u00e9dula espinal<\/a> observados en la poblaci\u00f3n de EE. UU. que particip\u00f3 en sus estudios incluyen:[\/vc_column_text][\/vc_column_inner][vc_column_inner width=&#8221;1\/3&#8243;]<div class=\"uavc-list-icon uavc-list-icon-wrapper ult-adjust-bottom-margin   \"><ul class=\"uavc-list\"><li><div class=\"uavc-list-content\" id=\"list-icon-wrap-3717\">\n<div class=\"uavc-list-icon  \" data-animation=\"\" data-animation-delay=\"03\" style=\"margin-right:22px;\"><div class=\"ult-just-icon-wrapper  \"><div class=\"align-icon\" style=\"text-align:center;\">\n<div class=\"aio-icon-img \" style=\"font-size:40px;display:inline-block;\" >\n\t<img class=\"img-icon\" alt=\"null\" src=\"https:\/\/www.moorelawfirmaz.com\/wp-content\/uploads\/2020\/04\/Car-Accident-Icon.png\"\/>\n<\/div><\/div><\/div>\n<\/div><span  data-ultimate-target='#list-icon-wrap-3717 .uavc-list-desc'  data-responsive-json-new='{\"font-size\":\"desktop:26px;\",\"line-height\":\"desktop:26px;\"}'  class=\"uavc-list-desc ult-responsive\" style=\"font-weight:bold;\">Accidentes automovil\u00edsticos 38,4%<\/span><\/div><\/li><li><div class=\"uavc-list-content\" id=\"list-icon-wrap-8082\">\n<div class=\"uavc-list-icon  \" data-animation=\"\" data-animation-delay=\"03\" style=\"margin-right:22px;\"><div class=\"ult-just-icon-wrapper  \"><div class=\"align-icon\" style=\"text-align:center;\">\n<div class=\"aio-icon-img \" style=\"font-size:40px;display:inline-block;\" >\n\t<img class=\"img-icon\" alt=\"Falling\" src=\"https:\/\/www.moorelawfirmaz.com\/wp-content\/uploads\/2020\/04\/Fall.png\"\/>\n<\/div><\/div><\/div>\n<\/div><span  data-ultimate-target='#list-icon-wrap-8082 .uavc-list-desc'  data-responsive-json-new='{\"font-size\":\"desktop:26px;\",\"line-height\":\"desktop:26px;\"}'  class=\"uavc-list-desc ult-responsive\" style=\"font-weight:bold;\">Cayendo 30.5%<\/span><\/div><\/li><li><div class=\"uavc-list-content\" id=\"list-icon-wrap-1266\">\n<div class=\"uavc-list-icon  \" data-animation=\"\" data-animation-delay=\"03\" style=\"margin-right:22px;\"><div class=\"ult-just-icon-wrapper  \"><div class=\"align-icon\" style=\"text-align:center;\">\n<div class=\"aio-icon-img \" style=\"font-size:40px;display:inline-block;\" >\n\t<img class=\"img-icon\" alt=\"null\" src=\"https:\/\/www.moorelawfirmaz.com\/wp-content\/uploads\/2020\/04\/Fist.png\"\/>\n<\/div><\/div><\/div>\n<\/div><span  data-ultimate-target='#list-icon-wrap-1266 .uavc-list-desc'  data-responsive-json-new='{\"font-size\":\"desktop:26px;\",\"line-height\":\"desktop:26px;\"}'  class=\"uavc-list-desc ult-responsive\" style=\"font-weight:bold;\">Violencia 13,5%<\/span><\/div><\/li><li><div class=\"uavc-list-content\" id=\"list-icon-wrap-8605\">\n<div class=\"uavc-list-icon  \" data-animation=\"\" data-animation-delay=\"03\" style=\"margin-right:22px;\"><div class=\"ult-just-icon-wrapper  \"><div class=\"align-icon\" style=\"text-align:center;\">\n<div class=\"aio-icon-img \" style=\"font-size:40px;display:inline-block;\" >\n\t<img class=\"img-icon\" alt=\"null\" src=\"https:\/\/www.moorelawfirmaz.com\/wp-content\/uploads\/2020\/04\/Football-icon.png\"\/>\n<\/div><\/div><\/div>\n<\/div><span  data-ultimate-target='#list-icon-wrap-8605 .uavc-list-desc'  data-responsive-json-new='{\"font-size\":\"desktop:26px;\",\"line-height\":\"desktop:26px;\"}'  class=\"uavc-list-desc ult-responsive\" style=\"font-weight:bold;\">Deportes 8,9%<\/span><\/div><\/li><li><div class=\"uavc-list-content\" id=\"list-icon-wrap-8319\">\n<div class=\"uavc-list-icon  \" data-animation=\"\" data-animation-delay=\"03\" style=\"margin-right:22px;\"><div class=\"ult-just-icon-wrapper  \"><div class=\"align-icon\" style=\"text-align:center;\">\n<div class=\"aio-icon-img \" style=\"font-size:40px;display:inline-block;\" >\n\t<img class=\"img-icon\" alt=\"null\" src=\"https:\/\/www.moorelawfirmaz.com\/wp-content\/uploads\/2020\/04\/Stethiscope.png\"\/>\n<\/div><\/div><\/div>\n<\/div><span  data-ultimate-target='#list-icon-wrap-8319 .uavc-list-desc'  data-responsive-json-new='{\"font-size\":\"desktop:26px;\",\"line-height\":\"desktop:26px;\"}'  class=\"uavc-list-desc ult-responsive\" style=\"font-weight:bold;\">M\u00e9dico \/ quir\u00fargico 4,7%<\/span><\/div><\/li><li><div class=\"uavc-list-content\" id=\"list-icon-wrap-7441\">\n<div class=\"uavc-list-icon  \" data-animation=\"\" data-animation-delay=\"03\" style=\"margin-right:22px;\"><div class=\"ult-just-icon-wrapper  \"><div class=\"align-icon\" style=\"text-align:center;\">\n<div class=\"aio-icon-img \" style=\"font-size:40px;display:inline-block;\" >\n\t<img class=\"img-icon\" alt=\"null\" src=\"https:\/\/www.moorelawfirmaz.com\/wp-content\/uploads\/2020\/04\/Other-Icon.png\"\/>\n<\/div><\/div><\/div>\n<\/div><span  data-ultimate-target='#list-icon-wrap-7441 .uavc-list-desc'  data-responsive-json-new='{\"font-size\":\"desktop:26px;\",\"line-height\":\"desktop:26px;\"}'  class=\"uavc-list-desc ult-responsive\" style=\"font-weight:bold;\">Otro 4%<\/span><\/div><\/li><\/ul><\/div>[\/vc_column_inner][\/vc_row_inner][\/vc_column][\/vc_row][vc_row full_width=&#8221;stretch_row&#8221; bg_type=&#8221;image&#8221; parallax_style=&#8221;vcpb-default&#8221; bg_image_new=&#8221;id^38260|url^https:\/\/moorelawfirmaz.com\/wp-content\/uploads\/2020\/04\/test-back.jpg|caption^null|alt^null|title^test back|description^null&#8221; bg_image_repeat=&#8221;no-repeat&#8221; bg_img_attach=&#8221;fixed&#8221; content_width=&#8221;grid&#8221; content_aligment=&#8221;center&#8221; triangle_shape=&#8221;no&#8221; css=&#8221;.vc_custom_1586471291058{margin-top: -20px !important;margin-bottom: -20px !important;padding-top: 50px !important;padding-bottom: 50px !important;background-position: center !important;background-repeat: no-repeat !important;background-size: cover !important;}&#8221; custom_css_code=&#8221;aDMlN0IlMEFjb2xvciUzQSUyMCUyM2ZmZmZmZiUzQiUwQSU3RCUwQSUwQXAlN0IlMEFjb2xvciUzQSUyMCUyM2ZmZmZmZiUzQiUwQSU3RA==&#8221;][vc_column width=&#8221;2\/3&#8243; css=&#8221;.vc_custom_1586391423825{padding-top: 50px !important;padding-bottom: 50px !important;}&#8221;][vc_column_text]<\/p>\n<h3>S\u00edntomas<\/h3>\n<p>Muchas lesiones de espalda o cuello tienen s\u00edntomas que no se limitan al \u00e1rea afectada, sino que tambi\u00e9n pueden manifestarse en su bienestar general u otras funciones de su cuerpo. Aqu\u00ed hay una lista de los signos m\u00e1s comunes de lesiones en el cuello o la espalda:[\/vc_column_text]<div class=\"gem-list gem-list-type-checkbox gem-list-color-3\" ><ul>\n<li><span style=\"color: #ffffff;\">Localized pain in the neck or back;<\/span><\/li>\n<li><span style=\"color: #ffffff;\">Numbness and tingling in your fingers or toes;<\/span><\/li>\n<li><span style=\"color: #ffffff;\">Trouble walking or making normal moves that involve your back or neck;<\/span><\/li>\n<li><span style=\"color: #ffffff;\">Loss of bladder or bowel control;<\/span><\/li>\n<li><span style=\"color: #ffffff;\">Generalized weakness;<\/span><\/li>\n<li><span style=\"color: #ffffff;\">Changes in the curvature of your spine;<\/span><\/li>\n<li><span style=\"color: #ffffff;\">Lightheadedness, dizziness, trouble breathing.<\/span><\/li>\n<\/ul>\n<\/div>[vc_column_text]A menudo, los s\u00edntomas se observan un tiempo despu\u00e9s de que ha ocurrido el accidente, ya que muchos accidentes automovil\u00edsticos o v\u00edctimas de accidentes laborales est\u00e1n bajo una descarga de adrenalina en el momento del incidente. Eso puede enmascarar el dolor y hacerles creer que est\u00e1n ilesos. Si no se trata, las lesiones en el cuello y la espalda empeorar\u00e1n con el tiempo. Por eso es imperativo consultar a un m\u00e9dico despu\u00e9s de un accidente.[\/vc_column_text][\/vc_column][vc_column width=&#8221;1\/3&#8243;][\/vc_column][\/vc_row][vc_row content_width=&#8221;grid&#8221; content_aligment=&#8221;center&#8221; triangle_shape=&#8221;no&#8221; css=&#8221;.vc_custom_1586471415924{margin-top: 80px !important;margin-bottom: 50px !important;}&#8221;][vc_column width=&#8221;1\/2&#8243;][\/vc_column][vc_column width=&#8221;1\/2&#8243;][vc_column_text]<\/p>\n<h3>Diagn\u00f3stico<\/h3>\n<p>El primer paso para identificar lesiones en el cuello y la espalda es ver a su m\u00e9dico de cabecera. Explique c\u00f3mo ocurri\u00f3 el accidente y describa cualquier se\u00f1al que haya notado. Su m\u00e9dico puede recomendar ciertos tratamientos referidos a otros especialistas m\u00e9dicos. \u00c9stas incluyen:[\/vc_column_text]<div class=\"gem-list gem-list-type-checkbox gem-list-color-3\" ><ul>\n<li>X-Ray of the affected area<\/li>\n<li>CT scans<\/li>\n<li>MRI scans<\/li>\n<li>Visits to a neurologist, orthopedist, etc.<\/li>\n<\/ul>\n<\/div>[vc_column_text css=&#8221;.vc_custom_1586472915796{padding-top: 50px !important;}&#8221;]<\/p>\n<h3>Tratamiento<\/h3>\n<p>Dependiendo de la gravedad de las lesiones, algunas v\u00edctimas requieren cirug\u00eda para recuperarse, mientras que otras reciben analg\u00e9sicos, quiropr\u00e1ctica, fisioterapia, inyecciones, ejercicios en el hogar u otras formas de tratamiento.[\/vc_column_text][\/vc_column][\/vc_row][vc_row full_width=&#8221;stretch_row_content&#8221; equal_height=&#8221;yes&#8221; content_placement=&#8221;top&#8221; content_width=&#8221;grid&#8221; content_aligment=&#8221;center&#8221; triangle_shape=&#8221;no&#8221; css=&#8221;.vc_custom_1586368606495{background-position: center !important;background-repeat: no-repeat !important;background-size: cover !important;}&#8221;][vc_column offset=&#8221;vc_col-lg-4 vc_col-md-6 vc_hidden-md vc_hidden-sm vc_col-xs-12 vc_hidden-xs&#8221; css=&#8221;.vc_custom_1545848801025{background-image: url(https:\/\/moorelawfirmaz.com\/wp-content\/uploads\/2018\/12\/Contact-Form-Logo.jpg?id=34314) !important;background-position: center !important;background-repeat: no-repeat !important;background-size: cover !important;}&#8221;][\/vc_column][vc_column offset=&#8221;vc_col-lg-4 vc_col-md-6 vc_col-xs-12&#8243; css=&#8221;.vc_custom_1543594688289{background-color: #00012e !important;}&#8221;]<div class=\"clearboth\"><\/div><style>#thegem-divider-69d61bc9bed39 {margin-top: 30px !important;}<\/style><div id=\"thegem-divider-69d61bc9bed39\" class=\"gem-divider  \" style=\"\" ><\/div>[vc_column_text]<\/p>\n<h3 style=\"text-align: center; color: #ffffff;\">Solicite una llamada<\/h3>\n<p>[\/vc_column_text]<div class=\"clearboth\"><\/div><style>#thegem-divider-69d61bc9bed96 {margin-top: 41px !important;}<\/style><div id=\"thegem-divider-69d61bc9bed96\" class=\"gem-divider  \" style=\"\" ><\/div>\n<div class=\"wpcf7 no-js\" id=\"wpcf7-f32599-o1\" lang=\"en-US\" dir=\"ltr\" data-wpcf7-id=\"32599\">\n<div class=\"screen-reader-response\"><p role=\"status\" aria-live=\"polite\" aria-atomic=\"true\"><\/p> <ul><\/ul><\/div>\n<form action=\"\/es\/wp-json\/wp\/v2\/pages\/42004#wpcf7-f32599-o1\" method=\"post\" class=\"wpcf7-form init\" aria-label=\"Contact form\" novalidate=\"novalidate\" data-status=\"init\">\n<fieldset class=\"hidden-fields-container\"><input type=\"hidden\" name=\"_wpcf7\" value=\"32599\" \/><input type=\"hidden\" name=\"_wpcf7_version\" value=\"6.1.5\" \/><input type=\"hidden\" name=\"_wpcf7_locale\" value=\"en_US\" \/><input type=\"hidden\" name=\"_wpcf7_unit_tag\" value=\"wpcf7-f32599-o1\" \/><input type=\"hidden\" name=\"_wpcf7_container_post\" value=\"0\" \/><input type=\"hidden\" name=\"_wpcf7_posted_data_hash\" value=\"\" \/><input type=\"hidden\" name=\"_wpcf7_recaptcha_response\" value=\"\" \/>\n<\/fieldset>\n<div class=\"contact-form-footer\">\n<p><span class=\"wpcf7-form-control-wrap\" data-name=\"your-name\"><input size=\"40\" maxlength=\"400\" class=\"wpcf7-form-control wpcf7-text wpcf7-validates-as-required\" aria-required=\"true\" aria-invalid=\"false\" placeholder=\"Your name\" value=\"\" type=\"text\" name=\"your-name\" \/><\/span><\/p>\n<p><span class=\"wpcf7-form-control-wrap\" data-name=\"your-phone\"><input size=\"40\" maxlength=\"400\" class=\"wpcf7-form-control wpcf7-text wpcf7-validates-as-required\" aria-required=\"true\" aria-invalid=\"false\" placeholder=\"Your phone number\" value=\"\" type=\"text\" name=\"your-phone\" \/><\/span><\/p>\n<p><span class=\"wpcf7-form-control-wrap\" data-name=\"your-email\"><input size=\"40\" maxlength=\"400\" class=\"wpcf7-form-control wpcf7-text\" aria-invalid=\"false\" placeholder=\"Your email address\" value=\"\" type=\"text\" name=\"your-email\" \/><\/span><\/p>\n<p><span class=\"wpcf7-form-control-wrap\" data-name=\"your-message\"><textarea cols=\"40\" rows=\"10\" maxlength=\"2000\" class=\"wpcf7-form-control wpcf7-textarea\" aria-invalid=\"false\" placeholder=\"Your message\" name=\"your-message\"><\/textarea><\/span><\/p>\n<div><input class=\"wpcf7-form-control wpcf7-submit has-spinner\" type=\"submit\" value=\"Send\" \/><\/div>\n<\/div><p style=\"display: none !important;\" class=\"akismet-fields-container\" data-prefix=\"_wpcf7_ak_\"><label>&#916;<textarea name=\"_wpcf7_ak_hp_textarea\" cols=\"45\" rows=\"8\" maxlength=\"100\"><\/textarea><\/label><input type=\"hidden\" id=\"ak_js_1\" name=\"_wpcf7_ak_js\" value=\"108\"\/><script>document.getElementById( \"ak_js_1\" ).setAttribute( \"value\", ( new Date() ).getTime() );<\/script><\/p><div class=\"wpcf7-response-output\" aria-hidden=\"true\"><\/div>\n<\/form>\n<\/div>\n<div class=\"clearboth\"><\/div><style>#thegem-divider-69d61bc9ce62b {margin-top: 20px !important;}<\/style><div id=\"thegem-divider-69d61bc9ce62b\" class=\"gem-divider  \" style=\"\" ><\/div>[\/vc_column][vc_column width=&#8221;1\/3&#8243; css=&#8221;.vc_custom_1586281028087{background-image: url(https:\/\/moorelawfirmaz.com\/wp-content\/uploads\/2020\/03\/Couple-with-Attorney.jpg?id=37916) !important;background-position: center !important;background-repeat: no-repeat !important;background-size: cover !important;}&#8221;]<div class=\"clearboth\"><\/div><style>#thegem-divider-69d61bc9ce697 {margin-top: 400px !important;}<\/style><div id=\"thegem-divider-69d61bc9ce697\" class=\"gem-divider  \" style=\"\" ><\/div>[\/vc_column][\/vc_row][vc_row content_width=&#8221;grid&#8221; content_aligment=&#8221;center&#8221; triangle_shape=&#8221;no&#8221; css=&#8221;.vc_custom_1586369513410{padding-top: 50px !important;padding-bottom: 50px !important;}&#8221;][vc_column][vc_column_text]<\/p>\n<h2><span style=\"color: #3d8dff;\">Obtenci\u00f3n de compensaci\u00f3n<\/span><span class=\"light\"> para su lesi\u00f3n de cuello o espalda<\/span><\/h2>\n<p>Si est\u00e1 luchando con los s\u00edntomas y el tratamiento despu\u00e9s de sufrir una lesi\u00f3n en el cuello o la espalda, sabe c\u00f3mo puede afectar su vida. Las facturas m\u00e9dicas pueden acumularse hasta cantidades astron\u00f3micas, su capacidad de trabajo es parcial o completamente limitada y necesita ayuda para realizar sus actividades diarias. Sin mencionar la angustia emocional que puede causar tal lesi\u00f3n.<\/p>\n<p>Aqu\u00ed en Moore Law Firm podemos manejar casos de lesiones de espalda y cuello. Somos conscientes de c\u00f3mo una lesi\u00f3n de este tipo afecta a nuestros clientes y sabemos qu\u00e9 pruebas presentar para respaldar un reclamo y c\u00f3mo negociar con las compa\u00f1\u00edas de seguros o las otras partes involucradas.<\/p>\n<p>Si se encuentra en el proceso de recuperaci\u00f3n de una lesi\u00f3n en el cuello o la espalda, es importante que se concentre en su salud y siga de cerca las instrucciones de su m\u00e9dico y abogado, ya que pueden influir en gran medida en su caso.[\/vc_column_text][\/vc_column][\/vc_row]<\/p>\n<\/div>","protected":false},"excerpt":{"rendered":"<p>[vc_row full_width=&#8221;stretch_row_content_no_spaces&#8221; content_placement=&#8221;bottom&#8221; custom_css_code=&#8221;aDElMjAlN0IlMEElMjAlMjBtYXgtd2lkdGglM0ExMDAwcHglM0IlMEElMjAlMjB0ZXh0LWFsaWduJTNBY2VudGVyJTNCJTBBJTA5bWFyZ2luJTNBMCUyMGF1dG8lM0IlMEElN0QlMEElMEFwJTIwJTdCJTBBJTIwJTIwbWF4LXdpZHRoJTNBMTAwMHB4JTNCJTBBJTIwJTIwY29sb3IlM0ElMjAlMjNmZmZmZmYlM0IlMEElMjAlMjBwYWRkaW5nLXRvcCUzQSUyMDIwcHglM0IlMEElMjAlMjB0ZXh0LWFsaWduJTNBY2VudGVyJTNCJTBBJTA5bWFyZ2luJTNBMCUyMGF1dG8lM0IlMEElMjAlMjB0ZXh0LXNoYWRvdyUzQSUyMDFweCUyMDFweCUyMGJsYWNrJTNCJTBBJTdE&#8221; css=&#8221;.vc_custom_1632068369571{background-image: url(https:\/\/www.moorelawfirmaz.com\/wp-content\/uploads\/2019\/08\/Large-Blue-Header-Background.jpg?id=37226) !important;background-position: center !important;background-repeat: no-repeat !important;background-size: cover !important;}&#8221;][vc_column][vc_column_text css_animation=&#8221;none&#8221; css=&#8221;.vc_custom_1648844010769{margin-right: 20px !important;margin-left: 20px !important;padding-top: 200px&#8230;<\/p>\n","protected":false},"author":1,"featured_media":42012,"parent":44135,"menu_order":71,"comment_status":"closed","ping_status":"closed","template":"","meta":{"footnotes":""},"class_list":["post-42004","page","type-page","status-publish","has-post-thumbnail"],"acf":[],"_links":{"self":[{"href":"https:\/\/www.moorelawfirmaz.com\/es\/wp-json\/wp\/v2\/pages\/42004","targetHints":{"allow":["GET"]}}],"collection":[{"href":"https:\/\/www.moorelawfirmaz.com\/es\/wp-json\/wp\/v2\/pages"}],"about":[{"href":"https:\/\/www.moorelawfirmaz.com\/es\/wp-json\/wp\/v2\/types\/page"}],"author":[{"embeddable":true,"href":"https:\/\/www.moorelawfirmaz.com\/es\/wp-json\/wp\/v2\/users\/1"}],"replies":[{"embeddable":true,"href":"https:\/\/www.moorelawfirmaz.com\/es\/wp-json\/wp\/v2\/comments?post=42004"}],"version-history":[{"count":0,"href":"https:\/\/www.moorelawfirmaz.com\/es\/wp-json\/wp\/v2\/pages\/42004\/revisions"}],"up":[{"embeddable":true,"href":"https:\/\/www.moorelawfirmaz.com\/es\/wp-json\/wp\/v2\/pages\/44135"}],"wp:featuredmedia":[{"embeddable":true,"href":"https:\/\/www.moorelawfirmaz.com\/es\/wp-json\/wp\/v2\/media\/42012"}],"wp:attachment":[{"href":"https:\/\/www.moorelawfirmaz.com\/es\/wp-json\/wp\/v2\/media?parent=42004"}],"curies":[{"name":"wp","href":"https:\/\/api.w.org\/{rel}","templated":true}]}}