{"id":41997,"date":"2021-08-08T13:58:17","date_gmt":"2021-08-08T20:58:17","guid":{"rendered":"https:\/\/moorelawfirmaz.com\/lesiones-personales\/lesion-de-scooter-electrico\/"},"modified":"2022-06-01T10:57:50","modified_gmt":"2022-06-01T17:57:50","slug":"lesion-de-scooter-electrico","status":"publish","type":"page","link":"https:\/\/www.moorelawfirmaz.com\/es\/lesiones-personales\/lesion-de-scooter-electrico\/","title":{"rendered":"Lesi\u00f3n de scooter el\u00e9ctrico"},"content":{"rendered":"<div class=\"wpb-content-wrapper\"><p>[vc_row full_width=&#8221;stretch_row_content_no_spaces&#8221; content_placement=&#8221;bottom&#8221; custom_css_code=&#8221;aDElMjAlN0IlMEElMjAlMjBtYXgtd2lkdGglM0ExMDAwcHglM0IlMEElMjAlMjB0ZXh0LWFsaWduJTNBY2VudGVyJTNCJTBBJTA5bWFyZ2luJTNBMCUyMGF1dG8lM0IlMEElN0QlMEElMEFwJTIwJTdCJTBBJTIwJTIwbWF4LXdpZHRoJTNBMTAwMHB4JTNCJTBBJTIwJTIwY29sb3IlM0ElMjAlMjNmZmZmZmYlM0IlMEElMjAlMjBwYWRkaW5nLXRvcCUzQSUyMDIwcHglM0IlMEElMjAlMjB0ZXh0LWFsaWduJTNBY2VudGVyJTNCJTBBJTA5bWFyZ2luJTNBMCUyMGF1dG8lM0IlMEElN0Q=&#8221; css=&#8221;.vc_custom_1632015903766{background-image: url(https:\/\/www.moorelawfirmaz.com\/wp-content\/uploads\/2019\/08\/Large-Blue-Header-Background.jpg?id=37226) !important;background-position: center !important;background-repeat: no-repeat !important;background-size: cover !important;}&#8221;][vc_column][vc_column_text css_animation=&#8221;none&#8221; css=&#8221;.vc_custom_1632016365822{margin-right: 20px !important;margin-left: 20px !important;padding-top: 200px !important;}&#8221;]<\/p>\n<h1>Lesi\u00f3n de scooter el\u00e9ctrico<span style=\"font-weight: 300;\"> Abogado<\/span><br \/>\n<span style=\"font-weight: 300; font-size: 40%; line-height: 0px;\">Tucson, Arizona<\/span><\/h1>\n<p>Si se lesion\u00f3 o lesion\u00f3 mientras estaba en un scooter el\u00e9ctrico, hable con nosotros sobre las opciones de representaci\u00f3n legal y la compensaci\u00f3n por sus lesiones por accidente de scooter.[\/vc_column_text][vc_single_image image=&#8221;41760&#8243; img_size=&#8221;full&#8221; css=&#8221;.vc_custom_1632014884091{margin-bottom: 0px !important;}&#8221;][\/vc_column][\/vc_row][vc_row content_width=&#8221;grid&#8221; triangle_shape=&#8221;no&#8221; css=&#8221;.vc_custom_1612300217582{margin-top: 50px !important;}&#8221;][vc_column offset=&#8221;vc_col-lg-12 vc_col-md-12&#8243;][vc_column_text]<\/p>\n<h2><a style=\"color: #3d8dff;\">Scooter electrico<span class=\"light\" style=\"color: #00012e;\"> Lesi\u00f3n<\/span><\/a><\/h2>\n<p>Los patinetes el\u00e9ctricos han inundado el mercado y hoy en d\u00eda puedes encontrar a mucha gente viajando en patinetes el\u00e9ctricos, gracias a empresas emergentes como Bird y Lime. Han hecho que sea m\u00e1s f\u00e1cil para las personas viajar de un destino a otro, ya que todo lo que necesitan hacer es usar una aplicaci\u00f3n para desbloquear estos scooters y llevarlos a su destino.<\/p>\n<p>Estos patinetes el\u00e9ctricos han revolucionado los viajes urbanos y el transporte dentro de la ciudad, ya que las personas ahora pueden ir f\u00e1cilmente de un lugar a otro y tener una huella de carbono cero en el medio ambiente. Es el futuro de los viajes por el centro de la ciudad, y es algo bueno, pero muchas personas no son buenas para conducir patinetes el\u00e9ctricos y tienden a tener todo tipo de accidentes con otros veh\u00edculos y peatones.<\/p>\n<p>Si ha resultado lesionado en un accidente con un scooter el\u00e9ctrico, debe ponerse en contacto con nuestros abogados de accidentes de scooter el\u00e9ctrico. Nuestros abogados de lesiones por patinetes el\u00e9ctricos tienen experiencia y utilizar\u00e1n sus habilidades y conocimientos legales para recuperar una compensaci\u00f3n por cualquier p\u00e9rdida que haya sufrido.[\/vc_column_text][\/vc_column][\/vc_row][vc_row full_width=&#8221;stretch_row&#8221; bg_type=&#8221;image&#8221; parallax_style=&#8221;vcpb-default&#8221; bg_image_new=&#8221;id^37609|url^https:\/\/moorelawfirmaz.com\/wp-content\/uploads\/2019\/09\/Scooter-against-wall.jpg|caption^null|alt^Electric Scooter Against Wall|title^Scooter against wall|description^null&#8221; bg_image_repeat=&#8221;no-repeat&#8221; css=&#8221;.vc_custom_1645486337330{margin-bottom: -10px !important;}&#8221;][vc_column][vc_row_inner][vc_column_inner width=&#8221;2\/3&#8243;][vc_column_text]<\/p>\n<h2><a style=\"color: #3d8dff;\">Com\u00fan<span class=\"light\" style=\"color: #00012e;\"> Lesiones en patinetes el\u00e9ctricos<\/span><\/a><\/h2>\n<p>Los conductores de scooters el\u00e9ctricos generalmente no est\u00e1n protegidos del entorno que los rodea, y si un autom\u00f3vil los golpea, absorber\u00e1n toda esa fuerza f\u00edsica con su cuerpo. Es f\u00e1cil lesionarse o lastimarse al conducir un scooter el\u00e9ctrico porque hay muchas formas de lesionarse. Los pasajeros pueden caerse de los patinetes, chocar con los peatones y lesionar a todos. Algunas lesiones comunes de los patinetes el\u00e9ctricos incluyen:[\/vc_column_text][vc_column_text]<\/p>\n<h6>Contusiones<\/h6>\n<h6>Laceraciones<\/h6>\n<h6>Torceduras y esguinces<\/h6>\n<h6><a href=\"https:\/\/www.moorelawfirmaz.com\/injury-types\/broken-bones-lawyer\/\">Fracturas de clav\u00edcula<\/a><\/h6>\n<h6>Brazos y mu\u00f1ecas fracturados<\/h6>\n<h6><a href=\"https:\/\/www.moorelawfirmaz.com\/es\/tipos-de-lesiones\/lesiones-en-la-cabeza-y-la-cara\/\">Heridas en la cabeza<\/a><\/h6>\n<h6><a href=\"https:\/\/www.moorelawfirmaz.com\/es\/tipos-de-lesiones\/lesiones-en-la-cabeza-y-la-cara\/\">Lesiones Faciales<\/a><\/h6>\n<p>[\/vc_column_text][vc_column_text]Los conductores de scooters el\u00e9ctricos son responsables de los accidentes si circulan por las aceras y desobedecen las leyes de tr\u00e1nsito. Adem\u00e1s de los pasajeros, puede haber casos en los que otras partes tuvieron la culpa, y estos pueden incluir fabricantes de repuestos, conductores de veh\u00edculos de motor y entidades responsables del mantenimiento de las carreteras. Incluso empresas como Bird y Lime tambi\u00e9n podr\u00edan ser consideradas responsables si hay un accidente grave de scooter. [\/vc_column_text]<div class=\"clearboth\"><\/div><style>#thegem-divider-69f5f99d54e00 {margin-bottom: 80px !important;}<\/style><div id=\"thegem-divider-69f5f99d54e00\" class=\"gem-divider  \" style=\"\" ><\/div>[\/vc_column_inner][vc_column_inner width=&#8221;1\/3&#8243;][\/vc_column_inner][\/vc_row_inner][\/vc_column][\/vc_row][vc_row full_width=&#8221;stretch_row_content&#8221; equal_height=&#8221;yes&#8221; content_placement=&#8221;top&#8221; content_width=&#8221;grid&#8221; content_aligment=&#8221;center&#8221; triangle_shape=&#8221;no&#8221; css=&#8221;.vc_custom_1569022109046{margin-bottom: 0px !important;background-position: center !important;background-repeat: no-repeat !important;background-size: cover !important;}&#8221;][vc_column offset=&#8221;vc_col-lg-4 vc_col-md-6 vc_hidden-md vc_hidden-sm vc_col-xs-12 vc_hidden-xs&#8221; css=&#8221;.vc_custom_1611771911699{background-image: url(https:\/\/moorelawfirmaz.com\/wp-content\/uploads\/2020\/04\/Contact-Logo.jpg?id=38704) !important;background-position: center !important;background-repeat: no-repeat !important;background-size: cover !important;}&#8221;][\/vc_column][vc_column offset=&#8221;vc_col-lg-4 vc_col-md-6 vc_col-xs-12&#8243; css=&#8221;.vc_custom_1569266394028{background-color: #00012e !important;}&#8221;]<div class=\"clearboth\"><\/div><style>#thegem-divider-69f5f99d54e51 {margin-top: 30px !important;}<\/style><div id=\"thegem-divider-69f5f99d54e51\" class=\"gem-divider  \" style=\"\" ><\/div>[vc_column_text]<\/p>\n<h3 style=\"text-align: center; color: #ffffff;\">Solicite una llamada de un abogado de lesiones por patinete el\u00e9ctrico<\/h3>\n<p>[\/vc_column_text]<div class=\"clearboth\"><\/div><style>#thegem-divider-69f5f99d54e89 {margin-top: 41px !important;}<\/style><div id=\"thegem-divider-69f5f99d54e89\" class=\"gem-divider  \" style=\"\" ><\/div>\n<div class=\"wpcf7 no-js\" id=\"wpcf7-f32599-o1\" lang=\"en-US\" dir=\"ltr\" data-wpcf7-id=\"32599\">\n<div class=\"screen-reader-response\"><p role=\"status\" aria-live=\"polite\" aria-atomic=\"true\"><\/p> <ul><\/ul><\/div>\n<form action=\"\/es\/wp-json\/wp\/v2\/pages\/41997#wpcf7-f32599-o1\" method=\"post\" class=\"wpcf7-form init\" aria-label=\"Contact form\" novalidate=\"novalidate\" data-status=\"init\">\n<fieldset class=\"hidden-fields-container\"><input type=\"hidden\" name=\"_wpcf7\" value=\"32599\" \/><input type=\"hidden\" name=\"_wpcf7_version\" value=\"6.1.5\" \/><input type=\"hidden\" name=\"_wpcf7_locale\" value=\"en_US\" \/><input type=\"hidden\" name=\"_wpcf7_unit_tag\" value=\"wpcf7-f32599-o1\" \/><input type=\"hidden\" name=\"_wpcf7_container_post\" value=\"0\" \/><input type=\"hidden\" name=\"_wpcf7_posted_data_hash\" value=\"\" \/><input type=\"hidden\" name=\"_wpcf7_recaptcha_response\" value=\"\" \/>\n<\/fieldset>\n<div class=\"contact-form-footer\">\n<p><span class=\"wpcf7-form-control-wrap\" data-name=\"your-name\"><input size=\"40\" maxlength=\"400\" class=\"wpcf7-form-control wpcf7-text wpcf7-validates-as-required\" aria-required=\"true\" aria-invalid=\"false\" placeholder=\"Your name\" value=\"\" type=\"text\" name=\"your-name\" \/><\/span><\/p>\n<p><span class=\"wpcf7-form-control-wrap\" data-name=\"your-phone\"><input size=\"40\" maxlength=\"400\" class=\"wpcf7-form-control wpcf7-text wpcf7-validates-as-required\" aria-required=\"true\" aria-invalid=\"false\" placeholder=\"Your phone number\" value=\"\" type=\"text\" name=\"your-phone\" \/><\/span><\/p>\n<p><span class=\"wpcf7-form-control-wrap\" data-name=\"your-email\"><input size=\"40\" maxlength=\"400\" class=\"wpcf7-form-control wpcf7-text\" aria-invalid=\"false\" placeholder=\"Your email address\" value=\"\" type=\"text\" name=\"your-email\" \/><\/span><\/p>\n<p><span class=\"wpcf7-form-control-wrap\" data-name=\"your-message\"><textarea cols=\"40\" rows=\"10\" maxlength=\"2000\" class=\"wpcf7-form-control wpcf7-textarea\" aria-invalid=\"false\" placeholder=\"Your message\" name=\"your-message\"><\/textarea><\/span><\/p>\n<div><input class=\"wpcf7-form-control wpcf7-submit has-spinner\" type=\"submit\" value=\"Send\" \/><\/div>\n<\/div><p style=\"display: none !important;\" class=\"akismet-fields-container\" data-prefix=\"_wpcf7_ak_\"><label>&#916;<textarea name=\"_wpcf7_ak_hp_textarea\" cols=\"45\" rows=\"8\" maxlength=\"100\"><\/textarea><\/label><input type=\"hidden\" id=\"ak_js_1\" name=\"_wpcf7_ak_js\" value=\"38\"\/><script type=\"text\/javascript\">\n\/* <![CDATA[ *\/\ndocument.getElementById( \"ak_js_1\" ).setAttribute( \"value\", ( new Date() ).getTime() );\n\/* ]]> *\/\n<\/script>\n<\/p><div class=\"wpcf7-response-output\" aria-hidden=\"true\"><\/div>\n<\/form>\n<\/div>\n<div class=\"clearboth\"><\/div><style>#thegem-divider-69f5f99d587fa {margin-top: 20px !important;}<\/style><div id=\"thegem-divider-69f5f99d587fa\" class=\"gem-divider  \" style=\"\" ><\/div>[\/vc_column][vc_column width=&#8221;1\/3&#8243; css=&#8221;.vc_custom_1569266305046{background-image: url(https:\/\/moorelawfirmaz.com\/wp-content\/uploads\/2019\/09\/Electric-Scooter-Injury.jpg?id=37600) !important;background-position: center !important;background-repeat: no-repeat !important;background-size: cover !important;}&#8221; offset=&#8221;vc_hidden-md vc_hidden-sm vc_hidden-xs&#8221;]<div class=\"clearboth\"><\/div><style>#thegem-divider-69f5f99d58837 {margin-top: 400px !important;}<\/style><div id=\"thegem-divider-69f5f99d58837\" class=\"gem-divider  \" style=\"\" ><\/div>[\/vc_column][\/vc_row][vc_row css=&#8221;.vc_custom_1611771928925{margin-top: 50px !important;}&#8221;][vc_column][vc_column_text]<\/p>\n<h2><a style=\"color: #3d8dff;\">Facturas m\u00e9dicas<span class=\"light\" style=\"color: #00012e;\"> Despu\u00e9s de lesiones en patinetes el\u00e9ctricos<\/span><\/a><\/h2>\n<p>Los accidentes de patinetes el\u00e9ctricos tienden a resultar en lesiones graves que requerir\u00edan grandes facturas m\u00e9dicas por el tratamiento dado a las personas ingresadas en hospitales o departamentos de emergencia despu\u00e9s de un accidente. Es posible que necesiten rehabilitaci\u00f3n f\u00edsica o terapia e incluso es posible que tengan que someterse a una cirug\u00eda.<\/p>\n<p>Algunas personas pueden sufrir lesiones en la cabeza que pueden dejarlas permanentemente discapacitadas y requieren atenci\u00f3n continua las 24 horas del d\u00eda durante per\u00edodos indefinidos. La atenci\u00f3n m\u00e9dica y el tratamiento de las personas lesionadas en accidentes de scooter el\u00e9ctrico pueden generar costos m\u00e9dicos elevados.[\/vc_column_text][\/vc_column][\/vc_row][vc_row full_width=&#8221;stretch_row&#8221; css=&#8221;.vc_custom_1645485532321{background-color: #00012e !important;}&#8221; custom_css_code=&#8221;aDMlN0IlMEFjb2xvciUzQSUyM2ZmZmZmZiUzQiUwQXRleHQtYWxpZ24lM0FDZW50ZXIlM0IlMEElMjk=&#8221;][vc_column][vc_column_text]<\/p>\n<h3>Hubo 25,400 visitas al departamento de emergencias que involucraron e-scooters en 2020<\/h3>\n<p style=\"text-align: center;\"><span style=\"color: #ffffff;\">Fuente: <a style=\"color: #ffffff;\" href=\"https:\/\/www.cpsc.gov\/Newsroom\/News-Releases\/2021\/Injuries-Using-E-Scooters-E-Bikes-and-Hoverboards-Jump-70-During-the-Past-Four-Years\" target=\"_blank\" rel=\"noopener\">Comisi\u00f3n de Seguridad de Productos de Consumo de EE<\/a> . UU.<\/span><\/p>\n<p>[\/vc_column_text][\/vc_column][\/vc_row][vc_row css=&#8221;.vc_custom_1611771970032{margin-top: 20px !important;margin-bottom: 40px !important;}&#8221;][vc_column][vc_column_text]<\/p>\n<h2><a style=\"color: #3d8dff;\">P\u00f3ngase en contacto con los <span class=\"light\" style=\"color: #00012e;\">abogados expertos en lesiones de scooter el\u00e9ctrico<\/span><\/a><\/h2>\n<p>El uso generalizado de patinetes el\u00e9ctricos en la ciudad ha provocado algunos accidentes graves. Es importante obtener ayuda de un <a href=\"https:\/\/www.moorelawfirmaz.com\/es\/lesiones-personales\/\">abogado con experiencia en lesiones personales<\/a> que comprenda las leyes del estado y las ordenanzas de la ciudad. En una demanda de scooter el\u00e9ctrico, nuestros abogados utilizar\u00e1n su conocimiento legal para probar la responsabilidad de todas las partes que contribuyeron al accidente y las lesiones resultantes.<\/p>\n<p>Los accidentes de scooter el\u00e9ctrico pueden cambiar permanentemente su vida si se lesion\u00f3 mientras conduc\u00eda el scooter o si fue golpeado por un scooter en la acera. \u00a1No espere m\u00e1s y programe una consulta gratuita con uno de nuestros abogados con experiencia en lesiones de patinetes el\u00e9ctricos hoy mismo![\/vc_column_text][\/vc_column][\/vc_row]<\/p>\n<\/div>","protected":false},"excerpt":{"rendered":"<p>[vc_row full_width=&#8221;stretch_row_content_no_spaces&#8221; content_placement=&#8221;bottom&#8221; custom_css_code=&#8221;aDElMjAlN0IlMEElMjAlMjBtYXgtd2lkdGglM0ExMDAwcHglM0IlMEElMjAlMjB0ZXh0LWFsaWduJTNBY2VudGVyJTNCJTBBJTA5bWFyZ2luJTNBMCUyMGF1dG8lM0IlMEElN0QlMEElMEFwJTIwJTdCJTBBJTIwJTIwbWF4LXdpZHRoJTNBMTAwMHB4JTNCJTBBJTIwJTIwY29sb3IlM0ElMjAlMjNmZmZmZmYlM0IlMEElMjAlMjBwYWRkaW5nLXRvcCUzQSUyMDIwcHglM0IlMEElMjAlMjB0ZXh0LWFsaWduJTNBY2VudGVyJTNCJTBBJTA5bWFyZ2luJTNBMCUyMGF1dG8lM0IlMEElN0Q=&#8221; css=&#8221;.vc_custom_1632015903766{background-image: url(https:\/\/www.moorelawfirmaz.com\/wp-content\/uploads\/2019\/08\/Large-Blue-Header-Background.jpg?id=37226) !important;background-position: center !important;background-repeat: no-repeat !important;background-size: cover !important;}&#8221;][vc_column][vc_column_text css_animation=&#8221;none&#8221; css=&#8221;.vc_custom_1632016365822{margin-right: 20px !important;margin-left: 20px !important;padding-top: 200px&#8230;<\/p>\n","protected":false},"author":1,"featured_media":41702,"parent":41700,"menu_order":0,"comment_status":"closed","ping_status":"closed","template":"","meta":{"footnotes":""},"class_list":["post-41997","page","type-page","status-publish","has-post-thumbnail"],"acf":[],"_links":{"self":[{"href":"https:\/\/www.moorelawfirmaz.com\/es\/wp-json\/wp\/v2\/pages\/41997","targetHints":{"allow":["GET"]}}],"collection":[{"href":"https:\/\/www.moorelawfirmaz.com\/es\/wp-json\/wp\/v2\/pages"}],"about":[{"href":"https:\/\/www.moorelawfirmaz.com\/es\/wp-json\/wp\/v2\/types\/page"}],"author":[{"embeddable":true,"href":"https:\/\/www.moorelawfirmaz.com\/es\/wp-json\/wp\/v2\/users\/1"}],"replies":[{"embeddable":true,"href":"https:\/\/www.moorelawfirmaz.com\/es\/wp-json\/wp\/v2\/comments?post=41997"}],"version-history":[{"count":0,"href":"https:\/\/www.moorelawfirmaz.com\/es\/wp-json\/wp\/v2\/pages\/41997\/revisions"}],"up":[{"embeddable":true,"href":"https:\/\/www.moorelawfirmaz.com\/es\/wp-json\/wp\/v2\/pages\/41700"}],"wp:featuredmedia":[{"embeddable":true,"href":"https:\/\/www.moorelawfirmaz.com\/es\/wp-json\/wp\/v2\/media\/41702"}],"wp:attachment":[{"href":"https:\/\/www.moorelawfirmaz.com\/es\/wp-json\/wp\/v2\/media?parent=41997"}],"curies":[{"name":"wp","href":"https:\/\/api.w.org\/{rel}","templated":true}]}}