{"id":41919,"date":"2021-08-08T13:58:00","date_gmt":"2021-08-08T20:58:00","guid":{"rendered":"https:\/\/moorelawfirmaz.com\/nuestro-equipo\/galleta-navarro\/"},"modified":"2022-06-01T16:12:48","modified_gmt":"2022-06-01T23:12:48","slug":"cookie-navarro","status":"publish","type":"page","link":"https:\/\/www.moorelawfirmaz.com\/es\/nuestro-equipo\/cookie-navarro\/","title":{"rendered":"Cookie Navarro"},"content":{"rendered":"<div class=\"wpb-content-wrapper\"><p>[vc_row full_width=&#8221;stretch_row&#8221; css=&#8221;.vc_custom_1645211866946{background-color: #00012e !important;}&#8221;][vc_column width=&#8221;1\/2&#8243;][vc_single_image image=&#8221;41920&#8243; img_size=&#8221;full&#8221;][\/vc_column][vc_column width=&#8221;1\/2&#8243;][vc_column_text]<\/p>\n<h1>Cookie Navarro<\/h1>\n<p>[\/vc_column_text][vc_row_inner css=&#8221;.vc_custom_1471520018168{margin-top: 0px !important;margin-bottom: 0px !important;}&#8221;][vc_column_inner width=&#8221;1\/2&#8243;][vc_column_text el_class=&#8221;custom-font&#8221;]<\/p>\n<h5 style=\"color: #3d8dff; font-size: 30px; text-transform: none;\">Paralegal<\/h5>\n<p>[\/vc_column_text][vc_column_text]<\/p>\n<div class=\"gem-table gem-table-style-1\">\n<table style=\"width: 100%;\">\n<thead><\/thead>\n<tbody>\n<tr>\n<td style=\"color: #3d8dff;\">A\u00f1os de experiencia:<\/td>\n<td style=\"text-align: right;\">24<\/td>\n<\/tr>\n<tr>\n<td style=\"color: #3d8dff;\">Idiomas hablados:<\/td>\n<td style=\"text-align: right;\">Ingles Espa\u00f1ol<\/td>\n<\/tr>\n<tr>\n<td style=\"color: #3d8dff;\">Correo electr\u00f3nico:<\/td>\n<td style=\"text-align: right;\">cn@moorelawfirmaz.com<\/td>\n<\/tr>\n<tr>\n<td style=\"color: #3d8dff;\">Tel\u00e9fono:<\/td>\n<td style=\"text-align: right;\">(520) 327-7113<\/td>\n<\/tr>\n<\/tbody>\n<\/table>\n<\/div>\n<p>[\/vc_column_text][\/vc_column_inner][vc_column_inner width=&#8221;1\/2&#8243; offset=&#8221;vc_col-lg-offset-0&#8243;][vc_column_text css=&#8221;.vc_custom_1545066198026{padding-top: 5px !important;}&#8221; el_class=&#8221;custom-text&#8221;]<span style=\"color: #989898;\">Con m\u00e1s de 15 a\u00f1os de experiencia en nuestra firma, Cookie aporta un gran conocimiento y experiencia a su caso. Cookie obtuvo su t\u00edtulo asociado en estudios paralegales de Pima Community College. Adem\u00e1s de sus deberes de asistente legal, Cookie es la contadora de nuestra oficina y habla espa\u00f1ol con fluidez.<\/span>[\/vc_column_text][\/vc_column_inner][\/vc_row_inner][\/vc_column][\/vc_row]<\/p>\n<\/div>","protected":false},"excerpt":{"rendered":"<p>[vc_row full_width=&#8221;stretch_row&#8221; css=&#8221;.vc_custom_1645211866946{background-color: #00012e !important;}&#8221;][vc_column width=&#8221;1\/2&#8243;][vc_single_image image=&#8221;41920&#8243; img_size=&#8221;full&#8221;][\/vc_column][vc_column width=&#8221;1\/2&#8243;][vc_column_text] Cookie Navarro [\/vc_column_text][vc_row_inner css=&#8221;.vc_custom_1471520018168{margin-top: 0px !important;margin-bottom: 0px !important;}&#8221;][vc_column_inner width=&#8221;1\/2&#8243;][vc_column_text el_class=&#8221;custom-font&#8221;] Paralegal&#8230;<\/p>\n","protected":false},"author":1,"featured_media":0,"parent":41673,"menu_order":99,"comment_status":"closed","ping_status":"closed","template":"","meta":{"footnotes":""},"class_list":["post-41919","page","type-page","status-publish"],"acf":[],"_links":{"self":[{"href":"https:\/\/www.moorelawfirmaz.com\/es\/wp-json\/wp\/v2\/pages\/41919","targetHints":{"allow":["GET"]}}],"collection":[{"href":"https:\/\/www.moorelawfirmaz.com\/es\/wp-json\/wp\/v2\/pages"}],"about":[{"href":"https:\/\/www.moorelawfirmaz.com\/es\/wp-json\/wp\/v2\/types\/page"}],"author":[{"embeddable":true,"href":"https:\/\/www.moorelawfirmaz.com\/es\/wp-json\/wp\/v2\/users\/1"}],"replies":[{"embeddable":true,"href":"https:\/\/www.moorelawfirmaz.com\/es\/wp-json\/wp\/v2\/comments?post=41919"}],"version-history":[{"count":0,"href":"https:\/\/www.moorelawfirmaz.com\/es\/wp-json\/wp\/v2\/pages\/41919\/revisions"}],"up":[{"embeddable":true,"href":"https:\/\/www.moorelawfirmaz.com\/es\/wp-json\/wp\/v2\/pages\/41673"}],"wp:attachment":[{"href":"https:\/\/www.moorelawfirmaz.com\/es\/wp-json\/wp\/v2\/media?parent=41919"}],"curies":[{"name":"wp","href":"https:\/\/api.w.org\/{rel}","templated":true}]}}