{"id":41907,"date":"2021-08-08T13:57:58","date_gmt":"2021-08-08T20:57:58","guid":{"rendered":"https:\/\/moorelawfirmaz.com\/lesiones-personales\/producto-defectuoso\/"},"modified":"2022-04-20T11:26:50","modified_gmt":"2022-04-20T18:26:50","slug":"producto-defectuoso","status":"publish","type":"page","link":"https:\/\/www.moorelawfirmaz.com\/es\/lesiones-personales\/producto-defectuoso\/","title":{"rendered":"Producto Defectuoso"},"content":{"rendered":"<div class=\"wpb-content-wrapper\"><p>[vc_row full_width=&#8221;stretch_row_content_no_spaces&#8221; content_placement=&#8221;bottom&#8221; custom_css_code=&#8221;aDElMjAlN0IlMEElMjAlMjBtYXgtd2lkdGglM0ExMDAwcHglM0IlMEElMjAlMjB0ZXh0LWFsaWduJTNBY2VudGVyJTNCJTBBJTA5bWFyZ2luJTNBMCUyMGF1dG8lM0IlMEElN0QlMEElMEFwJTIwJTdCJTBBJTIwJTIwbWF4LXdpZHRoJTNBMTAwMHB4JTNCJTBBJTIwJTIwY29sb3IlM0ElMjAlMjNmZmZmZmYlM0IlMEElMjAlMjBwYWRkaW5nLXRvcCUzQSUyMDIwcHglM0IlMEElMjAlMjB0ZXh0LWFsaWduJTNBY2VudGVyJTNCJTBBJTA5bWFyZ2luJTNBMCUyMGF1dG8lM0IlMEElMjAlMjB0ZXh0LXNoYWRvdyUzQSUyMDFweCUyMDFweCUyMGJsYWNrJTNCJTBBJTdE&#8221; css=&#8221;.vc_custom_1632068369571{background-image: url(https:\/\/www.moorelawfirmaz.com\/wp-content\/uploads\/2019\/08\/Large-Blue-Header-Background.jpg?id=37226) !important;background-position: center !important;background-repeat: no-repeat !important;background-size: cover !important;}&#8221;][vc_column][vc_column_text css_animation=&#8221;none&#8221; css=&#8221;.vc_custom_1645480868871{margin-right: 20px !important;margin-left: 20px !important;padding-top: 200px !important;}&#8221;]<\/p>\n<h1>Abogado de <span style=\"font-weight: 300;\">Producto Defectuoso<\/span><br \/>\n<span style=\"font-weight: 300; font-size: 40%; line-height: 0px;\">Tucson, Arizona<\/span><\/h1>\n<p>Si usted o un ser querido ha resultado lesionado por un producto defectuoso, podemos ayudarlo a obtener el dinero que necesita para sus lesiones. P\u00f3ngase en contacto con uno de nuestros abogados de productos defectuosos para una consulta gratuita.[\/vc_column_text][vc_single_image image=&#8221;41760&#8243; img_size=&#8221;full&#8221; css=&#8221;.vc_custom_1632014884091{margin-bottom: 0px !important;}&#8221;][\/vc_column][\/vc_row][vc_row full_width=&#8221;stretch_row&#8221; content_placement=&#8221;middle&#8221; css=&#8221;.vc_custom_1641848218321{margin-top: 30px !important;margin-bottom: 30px !important;}&#8221;][vc_column][vc_column_text]<\/p>\n<h2><span style=\"color: #000000;\">Producto Defectuoso<\/span><\/h2>\n<p>[\/vc_column_text][vc_row_inner][vc_column_inner width=&#8221;1\/2&#8243;][vc_column_text]<\/p>\n<p style=\"text-align: left;\">\u00bfSab\u00eda que hay cientos de miles de estadounidenses que se lesionan gravemente o se lesionan por productos defectuosos cada a\u00f1o? Los fabricantes son responsables de garantizar que sus productos no causen ning\u00fan da\u00f1o a los consumidores y funcionen de la manera prevista. Sin embargo, el descuido en el desarrollo o los anuncios de empresas irresponsables ha provocado da\u00f1os corporales e incluso la muerte.<\/p>\n<p>[\/vc_column_text][\/vc_column_inner][vc_column_inner width=&#8221;1\/2&#8243;][vc_column_text]<\/p>\n<p style=\"text-align: left;\">Si alguien se lastima o se lesiona debido a un producto defectuoso, puede ganar una compensaci\u00f3n pagada por el vendedor, dise\u00f1ador o fabricante del producto. Existen diferentes tipos de productos que pueden convertirse en una seria amenaza o peligro para los consumidores, y estos productos pueden incluir:<\/p>\n<p>[\/vc_column_text][\/vc_column_inner][\/vc_row_inner][vc_row_inner][vc_column_inner width=&#8221;1\/5&#8243;][vc_single_image image=&#8221;41908&#8243; img_size=&#8221;full&#8221; alignment=&#8221;center&#8221;][vc_column_text]<\/p>\n<h6 style=\"text-align: center;\">Juguetes con pintura con plomo, piezas inseguras y peligro de asfixia<\/h6>\n<p>[\/vc_column_text][\/vc_column_inner][vc_column_inner width=&#8221;1\/5&#8243;][vc_single_image image=&#8221;41910&#8243; img_size=&#8221;full&#8221; alignment=&#8221;center&#8221;][vc_column_text]<\/p>\n<h6 style=\"text-align: center;\">Medicamentos con efectos secundarios da\u00f1inos.<\/h6>\n<p>[\/vc_column_text][\/vc_column_inner][vc_column_inner width=&#8221;1\/5&#8243;][vc_single_image image=&#8221;41909&#8243; img_size=&#8221;full&#8221; alignment=&#8221;center&#8221;][vc_column_text]<\/p>\n<h6 style=\"text-align: center;\">Neum\u00e1ticos defectuosos o defectuosos<\/h6>\n<p>[\/vc_column_text][\/vc_column_inner][vc_column_inner width=&#8221;1\/5&#8243;][vc_single_image image=&#8221;41911&#8243; img_size=&#8221;full&#8221; alignment=&#8221;center&#8221;][vc_column_text]<\/p>\n<h6 style=\"text-align: center;\">Equipos o herramientas que se rompen al usarse<\/h6>\n<p>[\/vc_column_text][\/vc_column_inner][vc_column_inner width=&#8221;1\/5&#8243;][vc_single_image image=&#8221;41912&#8243; img_size=&#8221;full&#8221; alignment=&#8221;center&#8221;][vc_column_text]<\/p>\n<h6 style=\"text-align: center;\">Dispositivos de seguridad que funcionan mal (como cinturones de seguridad o bolsas de aire defectuosas)<\/h6>\n<p>[\/vc_column_text][\/vc_column_inner][\/vc_row_inner][vc_row_inner][vc_column_inner][vc_column_text]<\/p>\n<p style=\"text-align: left;\">Hay millones de productos diferentes utilizados por las personas todos los d\u00edas, y si conoce la ley de la probabilidad, es probable que haya algunos productos defectuosos o defectuosos. Sin embargo, los fabricantes tienen la responsabilidad de garantizar que todos los productos dise\u00f1ados por ellos sean seguros. Si no alertan a los compradores sobre los posibles peligros o efectos secundarios del producto, o si no cumplen con la garant\u00eda de un producto defectuoso, pueden ser demandados por los da\u00f1os causados por los productos.<\/p>\n<p>Aqu\u00ed es donde entran en escena los abogados con experiencia en responsabilidad por productos defectuosos del bufete de abogados Moore. Tenemos un gran historial de ganar juicios por responsabilidad por productos defectuosos y entendemos las complejidades y complejidades involucradas. Si result\u00f3 lesionado por un producto defectuoso o defectuoso y est\u00e1 buscando una compensaci\u00f3n justa, p\u00f3ngase en contacto con nuestro abogado de responsabilidad por productos para una consulta legal gratuita.[\/vc_column_text][\/vc_column_inner][\/vc_row_inner][\/vc_column][\/vc_row][vc_row content_width=&#8221;grid&#8221; content_aligment=&#8221;center&#8221; triangle_shape=&#8221;no&#8221; css=&#8221;.vc_custom_1611771502363{background-position: center !important;background-repeat: no-repeat !important;background-size: cover !important;}&#8221;][vc_column][vc_column_text]<\/p>\n<h2><span style=\"color: #000000;\">Tipos de defectos del producto<\/span><\/h2>\n<p>Existen numerosas formas en las que un producto puede ser peligroso o defectuoso, lo que puede dar lugar a demandas por responsabilidad del producto debido a lesiones sufridas por el usuario. A continuaci\u00f3n, se muestran tres tipos de defectos del producto que se reconocen en las reclamaciones por responsabilidad del producto:[\/vc_column_text][vc_row_inner][vc_column_inner width=&#8221;1\/3&#8243;][vc_single_image image=&#8221;43680&#8243; img_size=&#8221;full&#8221; alignment=&#8221;center&#8221;][vc_column_text]<\/p>\n<h4 style=\"text-align: center;\">Defecto de dise\u00f1o<\/h4>\n<p>[\/vc_column_text][vc_column_text css=&#8221;.vc_custom_1540422378668{margin-right: 10px !important;margin-left: 10px !important;}&#8221;]<\/p>\n<p style=\"text-align: left;\">Si el dise\u00f1o del producto es defectuoso y eso jug\u00f3 un papel clave en sus lesiones, debe probar que el producto estaba defectuoso cuando se fabric\u00f3. No puede ser una casualidad en la fabricaci\u00f3n del producto, pero el defecto fue causado por el dise\u00f1o, lo que hizo que el producto fuera peligroso para los clientes.<\/p>\n<p>[\/vc_column_text][\/vc_column_inner][vc_column_inner width=&#8221;1\/3&#8243;][vc_single_image image=&#8221;41914&#8243; img_size=&#8221;full&#8221; alignment=&#8221;center&#8221;][vc_column_text css=&#8221;.vc_custom_1540422395103{padding-top: 10px !important;padding-bottom: 5px !important;}&#8221;]<\/p>\n<h4 style=\"text-align: center;\">Defecto de manufactura<\/h4>\n<p>[\/vc_column_text][vc_column_text css=&#8221;.vc_custom_1540422409129{margin-right: 10px !important;margin-left: 10px !important;}&#8221;]<\/p>\n<p style=\"text-align: left;\">Un producto con un defecto de fabricaci\u00f3n es aquel que se ensambl\u00f3 o cre\u00f3 de una manera que no estaba destinada al dise\u00f1o, lo que significaba que el producto se volvi\u00f3 peligroso con el uso. Esto generalmente ocurre cuando hay un error durante el proceso de fabricaci\u00f3n que hizo que el producto fuera peligroso.<\/p>\n<p>[\/vc_column_text][\/vc_column_inner][vc_column_inner width=&#8221;1\/3&#8243;][vc_single_image image=&#8221;41913&#8243; img_size=&#8221;full&#8221; alignment=&#8221;center&#8221;][vc_column_text]<\/p>\n<h4 style=\"text-align: center;\">No advertir<\/h4>\n<p>[\/vc_column_text][vc_column_text css=&#8221;.vc_custom_1540422445871{margin-right: 10px !important;margin-left: 10px !important;}&#8221;]<\/p>\n<p style=\"text-align: left;\">Todos los productos deben tener se\u00f1ales y s\u00edmbolos de advertencia que se muestren claramente si existe un riesgo leve al usar el producto seg\u00fan lo previsto. Cualquier producto sin las advertencias necesarias que informen al usuario de los posibles peligros o riesgos de usar ese producto puede causar da\u00f1os graves.<\/p>\n<p>[\/vc_column_text][\/vc_column_inner][\/vc_row_inner][vc_row_inner equal_height=&#8221;yes&#8221; content_placement=&#8221;middle&#8221;][vc_column_inner][vc_column_text]<\/p>\n<p style=\"text-align: left;\">Un abogado de responsabilidad por productos defectuosos determinar\u00e1 qu\u00e9 tipo de defecto caus\u00f3 que se lesionara. Es posible que la lesi\u00f3n se deba a uno de los tipos de defectos mencionados anteriormente.<\/p>\n<p>[\/vc_column_text][\/vc_column_inner][\/vc_row_inner][\/vc_column][\/vc_row][vc_row full_width=&#8221;stretch_row&#8221; equal_height=&#8221;yes&#8221; content_placement=&#8221;middle&#8221; content_aligment=&#8221;center&#8221; triangle_shape=&#8221;no&#8221; css=&#8221;.vc_custom_1543853328063{padding-top: 40px !important;padding-bottom: 45px !important;background-color: #00012e !important;}&#8221;][vc_column][vc_column_text]<\/p>\n<h3 style=\"text-align: center;\"><span style=\"color: #ffffff;\">Si ha resultado lesionado por un producto defectuoso, comun\u00edquese con un abogado de lesiones sobre un reclamo de responsabilidad por productos defectuosos.<\/span><\/h3>\n<p>[\/vc_column_text][\/vc_column][\/vc_row][vc_row content_width=&#8221;grid&#8221; content_aligment=&#8221;center&#8221; triangle_shape=&#8221;no&#8221; css=&#8221;.vc_custom_1611771712509{margin-top: 30px !important;margin-bottom: 50px !important;background-position: center !important;background-repeat: no-repeat !important;background-size: cover !important;}&#8221;][vc_column][vc_column_text]<\/p>\n<h2>Obtenga una consulta legal gratuita para demandas de responsabilidad por productos defectuosos en Tucson<\/h2>\n<p>En el <a href=\"https:\/\/www.moorelawfirmaz.com\/es\/\">bufete de abogados Moore<\/a>, contamos con abogados experimentados en responsabilidad de productos, que est\u00e1n familiarizados con los \u00faltimos desarrollos en la ley y las implicaciones que tendr\u00e1n en las demandas por responsabilidad de productos. Si usted o sus seres queridos se lesionan debido a un producto defectuoso o defectuoso, comun\u00edquese con nosotros hoy para una consulta legal gratuita sobre demandas por responsabilidad por productos defectuosos en Tucson, Arizona.[\/vc_column_text][\/vc_column][\/vc_row]<\/p>\n<\/div>","protected":false},"excerpt":{"rendered":"<p>[vc_row full_width=&#8221;stretch_row_content_no_spaces&#8221; content_placement=&#8221;bottom&#8221; custom_css_code=&#8221;aDElMjAlN0IlMEElMjAlMjBtYXgtd2lkdGglM0ExMDAwcHglM0IlMEElMjAlMjB0ZXh0LWFsaWduJTNBY2VudGVyJTNCJTBBJTA5bWFyZ2luJTNBMCUyMGF1dG8lM0IlMEElN0QlMEElMEFwJTIwJTdCJTBBJTIwJTIwbWF4LXdpZHRoJTNBMTAwMHB4JTNCJTBBJTIwJTIwY29sb3IlM0ElMjAlMjNmZmZmZmYlM0IlMEElMjAlMjBwYWRkaW5nLXRvcCUzQSUyMDIwcHglM0IlMEElMjAlMjB0ZXh0LWFsaWduJTNBY2VudGVyJTNCJTBBJTA5bWFyZ2luJTNBMCUyMGF1dG8lM0IlMEElMjAlMjB0ZXh0LXNoYWRvdyUzQSUyMDFweCUyMDFweCUyMGJsYWNrJTNCJTBBJTdE&#8221; css=&#8221;.vc_custom_1632068369571{background-image: url(https:\/\/www.moorelawfirmaz.com\/wp-content\/uploads\/2019\/08\/Large-Blue-Header-Background.jpg?id=37226) !important;background-position: center !important;background-repeat: no-repeat !important;background-size: cover !important;}&#8221;][vc_column][vc_column_text css_animation=&#8221;none&#8221; css=&#8221;.vc_custom_1645480868871{margin-right: 20px !important;margin-left: 20px !important;padding-top: 200px&#8230;<\/p>\n","protected":false},"author":1,"featured_media":41915,"parent":41700,"menu_order":0,"comment_status":"closed","ping_status":"closed","template":"","meta":{"footnotes":""},"class_list":["post-41907","page","type-page","status-publish","has-post-thumbnail"],"acf":[],"_links":{"self":[{"href":"https:\/\/www.moorelawfirmaz.com\/es\/wp-json\/wp\/v2\/pages\/41907","targetHints":{"allow":["GET"]}}],"collection":[{"href":"https:\/\/www.moorelawfirmaz.com\/es\/wp-json\/wp\/v2\/pages"}],"about":[{"href":"https:\/\/www.moorelawfirmaz.com\/es\/wp-json\/wp\/v2\/types\/page"}],"author":[{"embeddable":true,"href":"https:\/\/www.moorelawfirmaz.com\/es\/wp-json\/wp\/v2\/users\/1"}],"replies":[{"embeddable":true,"href":"https:\/\/www.moorelawfirmaz.com\/es\/wp-json\/wp\/v2\/comments?post=41907"}],"version-history":[{"count":0,"href":"https:\/\/www.moorelawfirmaz.com\/es\/wp-json\/wp\/v2\/pages\/41907\/revisions"}],"up":[{"embeddable":true,"href":"https:\/\/www.moorelawfirmaz.com\/es\/wp-json\/wp\/v2\/pages\/41700"}],"wp:featuredmedia":[{"embeddable":true,"href":"https:\/\/www.moorelawfirmaz.com\/es\/wp-json\/wp\/v2\/media\/41915"}],"wp:attachment":[{"href":"https:\/\/www.moorelawfirmaz.com\/es\/wp-json\/wp\/v2\/media?parent=41907"}],"curies":[{"name":"wp","href":"https:\/\/api.w.org\/{rel}","templated":true}]}}