{"id":41606,"date":"2021-07-16T10:55:40","date_gmt":"2021-07-16T17:55:40","guid":{"rendered":"https:\/\/moorelawfirmaz.com\/mordeduras-de-animales\/"},"modified":"2022-05-25T16:00:39","modified_gmt":"2022-05-25T23:00:39","slug":"abogado-de-mordedura-de-perro","status":"publish","type":"page","link":"https:\/\/www.moorelawfirmaz.com\/es\/lesiones-personales\/abogado-de-mordedura-de-perro\/","title":{"rendered":"Mordeduras de animales"},"content":{"rendered":"<div class=\"wpb-content-wrapper\"><p>[vc_row full_width=&#8221;stretch_row_content_no_spaces&#8221; content_placement=&#8221;bottom&#8221; custom_css_code=&#8221;aDElMjAlN0IlMEElMjAlMjBtYXgtd2lkdGglM0ExMDAwcHglM0IlMEElMjAlMjB0ZXh0LWFsaWduJTNBY2VudGVyJTNCJTBBJTA5bWFyZ2luJTNBMCUyMGF1dG8lM0IlMEElN0QlMEElMEFwJTIwJTdCJTBBJTIwJTIwbWF4LXdpZHRoJTNBMTAwMHB4JTNCJTBBJTIwJTIwY29sb3IlM0ElMjAlMjNmZmZmZmYlM0IlMEElMjAlMjBwYWRkaW5nLXRvcCUzQSUyMDIwcHglM0IlMEElMjAlMjB0ZXh0LWFsaWduJTNBY2VudGVyJTNCJTBBJTA5bWFyZ2luJTNBMCUyMGF1dG8lM0IlMEElMjAlMjB0ZXh0LXNoYWRvdyUzQSUyMDFweCUyMDFweCUyMGJsYWNrJTNCJTBBJTdE&#8221; css=&#8221;.vc_custom_1632068369571{background-image: url(https:\/\/www.moorelawfirmaz.com\/wp-content\/uploads\/2019\/08\/Large-Blue-Header-Background.jpg?id=37226) !important;background-position: center !important;background-repeat: no-repeat !important;background-size: cover !important;}&#8221;][vc_column][vc_column_text css_animation=&#8221;none&#8221; css=&#8221;.vc_custom_1632067577458{margin-right: 20px !important;margin-left: 20px !important;padding-top: 200px !important;}&#8221;]<\/p>\n<h1>Abogado de <span style=\"font-weight: 300;\">mordeduras de perro<\/span><br \/>\n<span style=\"font-weight: 300; font-size: 40%; line-height: 0px;\">Tucson, Arizona<\/span><\/h1>\n<p>Si tiene una lesi\u00f3n por haber sido mordido por un animal, hable con nosotros sobre las opciones de representaci\u00f3n legal y la compensaci\u00f3n por sus lesiones por mordedura de animal \/ perro.[\/vc_column_text][vc_single_image image=&#8221;41760&#8243; img_size=&#8221;full&#8221; css=&#8221;.vc_custom_1632014884091{margin-bottom: 0px !important;}&#8221;][\/vc_column][\/vc_row][vc_row css=&#8221;.vc_custom_1612285700149{margin-top: 50px !important;}&#8221;][vc_column width=&#8221;1\/2&#8243;][vc_column_text]<\/p>\n<h2><span style=\"color: #3d8dff;\">Mordeduras<\/span><span style=\"font-weight: 300;\">de animales y perros<\/span><\/h2>\n<p>Un ataque animal, particularmente una mordedura de perro, puede ser una experiencia traum\u00e1tica y dolorosa. La mayor\u00eda de los ataques de animales pueden causar lesiones graves como desfiguraci\u00f3n, cicatrices, lesiones permanentes e incluso cicatrices psicol\u00f3gicas a largo plazo. Las consecuencias de una mordedura o ataque de un animal es un escenario confuso y complicado, que dificulta la recuperaci\u00f3n de la compensaci\u00f3n por las lesiones mentales y f\u00edsicas posteriores.<\/p>\n<p>Hay m\u00e1s de 1000 casos de ataques de animales o mordeduras de perros en los Estados Unidos todos los d\u00edas, y en Arizona, las mordeduras de perros son las causas m\u00e1s comunes de lesiones. Cada a\u00f1o, los tribunales de Arizona terminan otorgando compensaciones a miles de v\u00edctimas de mordeduras de perros. Las posibilidades de que te muerda un perro son de 1 en 69, seg\u00fan la cantidad de casos de ataques de perros que ocurren en los Estados Unidos.<\/p>\n<p>Esto significa que debe familiarizarse con las leyes de mordedura de perro en Arizona, para que pueda actuar r\u00e1pido y ponerse en contacto con un abogado de mordedura de animal en Tucson, Arizona.[\/vc_column_text][\/vc_column][vc_column width=&#8221;1\/2&#8243;][vc_single_image image=&#8221;43255&#8243; img_size=&#8221;full&#8221; alignment=&#8221;center&#8221;][\/vc_column][\/vc_row][vc_row css=&#8221;.vc_custom_1612224773044{margin-bottom: 30px !important;}&#8221;][vc_column][vc_column_text]<\/p>\n<h2>\u00bf<span style=\"color: #3d8dff;\">Por qu\u00e9<\/span> <span style=\"font-weight: 300;\">muerden los perros?<\/span><\/h2>\n<p>Los animales no son intr\u00ednsecamente malos y, por lo general, solo muerden para proteger algo valioso para ellos, como sus cachorros, due\u00f1os, comida o incluso a s\u00ed mismos. Cuatro razones principales incluyen:[\/vc_column_text]<div class=\"gem-list gem-list-type-checkbox\" ><ul>\n<li>As a reaction to a stressful situation and the need to defend itself.<\/li>\n<li>Being scared, startled or threatened.<\/li>\n<li>They\u2019re not feeling well or are injured and want to be left alone.<\/li>\n<li>They may nip or bite a little too rough during play.<\/li>\n<\/ul>\n<\/div>[vc_column_text]<\/p>\n<p style=\"text-align: right;\">Fuente:<a href=\"https:\/\/www.avma.org\/public\/Pages\/Why-do-dogs-bite.aspx\" target=\"_blank\" rel=\"noopener noreferrer\"> AMVA<\/a><\/p>\n<p>[\/vc_column_text][\/vc_column][\/vc_row][vc_row full_width=&#8221;stretch_row&#8221; css=&#8221;.vc_custom_1612224655489{padding-top: 20px !important;padding-bottom: 20px !important;background-color: #00012e !important;}&#8221;][vc_column][vc_column_text]<\/p>\n<h3>Si no puede hacerlo, nosotros acudiremos a usted.<\/h3>\n<p>[\/vc_column_text][\/vc_column][\/vc_row][vc_row css=&#8221;.vc_custom_1612224730089{margin-top: 20px !important;}&#8221;][vc_column][vc_column_text]<\/p>\n<h2><span style=\"color: #3d8dff;\">\u00bfQu\u00e9 es la<\/span> <span style=\"font-weight: 300;\">ley de mordeduras de animales?<\/span><\/h2>\n<p>Las leyes de mordeduras de animales cubren las lesiones personales sufridas como resultado de animales que lesionan a los humanos. Los ataques de animales y las mordeduras de animales generalmente involucran perros, pero puede ser cualquier otro animal, incluyendo serpientes, o incluso animales de zool\u00f3gico escapados. Las mordeduras de perros se ven por separado de otras lesiones personales, y la mayor\u00eda de estos casos tienden a centrarse en la situaci\u00f3n general que llev\u00f3 al ataque.<\/p>\n<p>Algunas razas de perros se consideran peligrosas en algunos estados, y el caso tambi\u00e9n investigar\u00e1 si el due\u00f1o sab\u00eda si el perro era una amenaza para otros humanos. La mayor\u00eda de los casos de mordeduras de animales incluyen el deber del propietario de evitar que el animal muerda o ataque a otra persona.<\/p>\n<p>Contamos con un abogado experimentado en mordidas de perros en nuestro equipo, que puede ayudarlo a recuperar una indemnizaci\u00f3n despu\u00e9s de un ataque de mordeduras de animales en Tucson, Arizona.[\/vc_column_text][\/vc_column][\/vc_row][vc_row css=&#8221;.vc_custom_1612224844553{margin-top: 50px !important;margin-bottom: 50px !important;}&#8221;][vc_column][vc_column_text]<\/p>\n<h2><span style=\"color: #3d8dff;\">Recuperar la indemnizaci\u00f3n por<br \/>\n<\/span> <span style=\"font-weight: 300;\">sus lesiones en un ataque de animales<\/span><\/h2>\n<p>Los ataques de animales que involucran a un perro pueden ser violentos, ya que las mordeduras de perros pueden causar laceraciones profundas, cortes, lesiones por aplastamiento o heridas por punci\u00f3n. Aparte de eso, tambi\u00e9n pueden transmitir la rabia u otras enfermedades graves. Por lo tanto, es imperativo que obtenga atenci\u00f3n m\u00e9dica inmediata despu\u00e9s de un ataque animal, ya que reduce las posibilidades de contraer rabia y reduce la gravedad de la desfiguraci\u00f3n o cicatrizaci\u00f3n despu\u00e9s del ataque.<\/p>\n<p>Una vez que haya recibido el tratamiento m\u00e9dico, debe presentar un informe de mordedura \/ ataque de un animal a las autoridades. Las personas que fueron atacadas o mordidas en Tucson, deben informar a las autoridades de cuidado de animales del Condado de Pima, que est\u00e1n disponibles 24\/7 y responder a todos los incidentes de mordeduras \/ ataques de animales.[\/vc_column_text][\/vc_column][\/vc_row][vc_row full_width=&#8221;stretch_row&#8221; css=&#8221;.vc_custom_1612232279782{padding-top: 20px !important;padding-bottom: 20px !important;background-color: #00012e !important;}&#8221;][vc_column][vc_column_text]<\/p>\n<h3>\u00a1Si ha sufrido lesiones por un perro que lo mordi\u00f3, p\u00f3ngase en contacto con nuestros abogados de Tucson Dog Bite ahora mismo!<\/h3>\n<p>[\/vc_column_text][\/vc_column][\/vc_row][vc_row css=&#8221;.vc_custom_1612232663780{margin-top: 20px !important;margin-bottom: 50px !important;}&#8221;][vc_column][vc_column_text]<\/p>\n<h2><span style=\"color: #3d8dff;\">Estatutos de Arizona sobre<\/span> <span style=\"font-weight: 300;\">las mordeduras de perro<\/span><\/h2>\n<p>Arizona tiene muchos estatutos que rigen los ataques de animales \/ mordeduras de perros, que incluyen A.R.S. 11-1025 en <a href=\"https:\/\/www.azleg.gov\/FormatDocument.asp?inDoc=\/ars\/11\/01025.htm&amp;Title=11&amp;DocType=ARS\">responsabilidad por mordeduras de perro<\/a> a 11-1027 <a href=\"https:\/\/www.azleg.gov\/FormatDocument.asp?inDoc=\/ars\/11\/01027.htm&amp;Title=11&amp;DocType=ARS\">en provocar a un perro \/ animal.<\/a> Cuando se trata de mordeduras de perros, Arizona es uno de los estados de responsabilidad m\u00e1s estricta, lo que significa que el propietario del perro ser\u00e1 responsable de los da\u00f1os y lesiones, independientemente del conocimiento que tenga el propietario del ataque o negligencia.<\/p>\n<p>La mayor\u00eda de los estados tienen una pol\u00edtica de &#8220;un solo bocado&#8221;, donde el propietario no puede ser responsable por da\u00f1os y lesiones por la primera mordida de su perro. Sin embargo, Arizona no tiene esa pol\u00edtica, lo que significa que el propietario ser\u00e1 legalmente responsable, independientemente de cu\u00e1ntas veces un perro haya mordido a alguien. Si una persona que no es el due\u00f1o del perro cuida o cuida al perro en el momento del ataque, ser\u00e1 responsable junto con el due\u00f1o del perro por los da\u00f1os y lesiones de la v\u00edctima.[\/vc_column_text][\/vc_column][\/vc_row][vc_row full_width=&#8221;stretch_row&#8221; css=&#8221;.vc_custom_1612232833281{border-top-width: 5px !important;padding-top: 40px !important;padding-bottom: 50px !important;background-image: url(https:\/\/moorelawfirmaz.com\/wp-content\/uploads\/2018\/11\/Beware-of-Dog_Dark.jpg?id=32580) !important;background-position: center !important;background-repeat: no-repeat !important;background-size: cover !important;border-top-color: #3d8dff !important;border-top-style: solid !important;}&#8221; custom_css_code=&#8221;cCU3QiUwQWNvbG9yJTNBJTIwJTIzZmZmZmZmJTNCJTBBJTdEJTBBJTBBaDMlN0IlMEF0ZXh0LWFsaWduJTNBJTIwbGVmdCUzQiUwQSUyOQ==&#8221;][vc_column][vc_column_text]<\/p>\n<h2><span style=\"color: #3d8dff;\">\u00bfQu\u00e9 cubre la compensaci\u00f3n<\/span> <span style=\"font-weight: 300; color: #ffffff;\">de una demanda por mordedura de perro?<\/span><\/h2>\n<p>Hay varios factores que deben ser considerados por un abogado de mordeduras de perros al evaluar los casos de mordeduras de perros desde una perspectiva de litigio o acuerdo. Estos factores son:[\/vc_column_text][vc_row_inner][vc_column_inner offset=&#8221;vc_col-lg-4 vc_col-md-4&#8243;][vc_column_text]<\/p>\n<h3>Atenci\u00f3n m\u00e9dica y facturas<\/h3>\n<p>Las mordeduras de perro \/ ataques de animales pueden crear una amplia gama de complicaciones m\u00e9dicas como infecciones, da\u00f1o a los nervios, m\u00fasculos o tejidos, que requieren un trabajo extenso para reparar y pueden ser un tratamiento costoso. Si hay cicatrices extensas despu\u00e9s del ataque, tambi\u00e9n podr\u00eda afectar la apariencia f\u00edsica de la v\u00edctima.[\/vc_column_text][\/vc_column_inner][vc_column_inner offset=&#8221;vc_col-lg-4 vc_col-md-4&#8243;][vc_column_text]<\/p>\n<h3>Trauma emocional<\/h3>\n<p>Un ataque de animal \/ mordedura de perro es una experiencia traum\u00e1tica que puede dar a las v\u00edctimas TEPT y manifestarse como reacciones de miedo y p\u00e1nico o flashbacks cuando ven a un perro. Esto puede comprometer la capacidad de la v\u00edctima para mantener relaciones con personas que tienen mascotas.[\/vc_column_text][\/vc_column_inner][vc_column_inner offset=&#8221;vc_col-lg-4 vc_col-md-4&#8243;][vc_column_text]<\/p>\n<h3>Cicatrizaci\u00f3n residual<\/h3>\n<p>La mayor\u00eda de los ataques de animales \/ mordeduras de perros tienden a dejar cicatrices que pueden causarle a la v\u00edctima ansiedad social grave o problemas de baja confianza y autoestima. Los adolescentes y los ni\u00f1os son los que m\u00e1s sufren debido a las burlas o al acoso. La reparaci\u00f3n de cicatrices residuales puede requerir una cirug\u00eda pl\u00e1stica costosa.[\/vc_column_text][\/vc_column_inner][\/vc_row_inner][\/vc_column][\/vc_row][vc_row css=&#8221;.vc_custom_1612233763747{margin-top: 50px !important;margin-bottom: 50px !important;}&#8221;][vc_column][vc_column_text]<\/p>\n<h2><span style=\"color: #3d8dff;\">C\u00f3mo puede ayudar<\/span> <span style=\"font-weight: 300;\">un abogado de ataque de animales o mordedura de perro<\/span><\/h2>\n<p>La mayor\u00eda de las personas en Arizona, tienen poco o ning\u00fan conocimiento sobre las leyes de mordeduras de perros o sobre su situaci\u00f3n despu\u00e9s de un ataque animal. En el <a href=\"https:\/\/www.moorelawfirmaz.com\/es\/\">bufete de abogados Moore<\/a>, contamos con abogados de Tucson que se han comprometido a proteger los derechos de las personas y a tomar las medidas necesarias para responsabilizar a los due\u00f1os de los animales cuando su perro ataca o muerde a otra persona.<\/p>\n<p>Hemos ayudado a numerosas personas en Tucson, Arizona a obtener una compensaci\u00f3n justa despu\u00e9s de un ataque de mordedura de perro, y nuestros abogados con experiencia en mordidas de animales se aseguran de que su caso se maximice a trav\u00e9s del juicio o acuerdo. Comenzamos a trabajar de inmediato en su caso para asegurar los siguientes materiales:[\/vc_column_text][vc_row_inner][vc_column_inner offset=&#8221;vc_col-lg-6 vc_col-md-6&#8243;]<div class=\"smile_icon_list_wrap ult_info_list_container ult-adjust-bottom-margin  \"><ul class=\"smile_icon_list left circle with_bg\"><li class=\"icon_list_item\" style=\" font-size:72px;\"><div class=\"icon_list_icon\" data-animation=\"\" data-animation-delay=\"03\" style=\"font-size:24px;border-width:1px;border-style:none;background:#ffffff;color:#333333;border-color:#333333;\"><img class=\"list-img-icon\" alt=\"Veterinary records\" src=\"https:\/\/www.moorelawfirmaz.com\/wp-content\/uploads\/2018\/12\/Veterinary-records.png\"\/><\/div><div class=\"icon_description\" id=\"Info-list-wrap-5502\" style=\"font-size:24px;\"><h6 class=\"ult-responsive info-list-heading\"  data-ultimate-target='#Info-list-wrap-5502 h6'  data-responsive-json-new='{\"font-size\":\"desktop:16px;\",\"line-height\":\"desktop:24px;\"}'  style=\"\">Registros veterinarios<\/h6><div class=\"icon_description_text ult-responsive\"  data-ultimate-target='#Info-list-wrap-5502 .icon_description_text'  data-responsive-json-new='{\"font-size\":\"desktop:13px;\",\"line-height\":\"desktop:18px;\"}'  style=\"\"><\/div><\/div><div class=\"icon_list_connector\"  style=\"border: none !important;\"><\/div><\/li><li class=\"icon_list_item\" style=\" font-size:72px;\"><div class=\"icon_list_icon\" data-animation=\"\" data-animation-delay=\"03\" style=\"font-size:24px;border-width:1px;border-style:none;background:#ffffff;color:#333333;border-color:#333333;\"><img class=\"list-img-icon\" alt=\"experts\" src=\"https:\/\/www.moorelawfirmaz.com\/wp-content\/uploads\/2018\/12\/experts.png\"\/><\/div><div class=\"icon_description\" id=\"Info-list-wrap-1469\" style=\"font-size:24px;\"><h6 class=\"ult-responsive info-list-heading\"  data-ultimate-target='#Info-list-wrap-1469 h6'  data-responsive-json-new='{\"font-size\":\"desktop:16px;\",\"line-height\":\"desktop:24px;\"}'  style=\"\">Informes de expertos en comportamiento animal o cirujanos pl\u00e1sticos para explicar el alcance de las lesiones o la causa del ataque.<\/h6><div class=\"icon_description_text ult-responsive\"  data-ultimate-target='#Info-list-wrap-1469 .icon_description_text'  data-responsive-json-new='{\"font-size\":\"desktop:13px;\",\"line-height\":\"desktop:18px;\"}'  style=\"\"><\/div><\/div><div class=\"icon_list_connector\"  style=\"border: none !important;\"><\/div><\/li><li class=\"icon_list_item\" style=\" font-size:72px;\"><div class=\"icon_list_icon\" data-animation=\"\" data-animation-delay=\"03\" style=\"font-size:24px;border-width:1px;border-style:none;background:#ffffff;color:#333333;border-color:#333333;\"><img class=\"list-img-icon\" alt=\"Camera\" src=\"https:\/\/www.moorelawfirmaz.com\/wp-content\/uploads\/2018\/12\/Camera-copy.png\"\/><\/div><div class=\"icon_description\" id=\"Info-list-wrap-3423\" style=\"font-size:24px;\"><h6 class=\"ult-responsive info-list-heading\"  data-ultimate-target='#Info-list-wrap-3423 h6'  data-responsive-json-new='{\"font-size\":\"desktop:16px;\",\"line-height\":\"desktop:24px;\"}'  style=\"\">Fotograf\u00edas profesionales de cicatrizaci\u00f3n y mordeduras.<\/h6><div class=\"icon_description_text ult-responsive\"  data-ultimate-target='#Info-list-wrap-3423 .icon_description_text'  data-responsive-json-new='{\"font-size\":\"desktop:13px;\",\"line-height\":\"desktop:18px;\"}'  style=\"\"><\/div><\/div><div class=\"icon_list_connector\"  style=\"border: none !important;\"><\/div><\/li><li class=\"icon_list_item\" style=\" font-size:72px;\"><div class=\"icon_list_icon\" data-animation=\"\" data-animation-delay=\"03\" style=\"font-size:24px;border-width:1px;border-style:none;background:#ffffff;color:#333333;border-color:#333333;\"><img class=\"list-img-icon\" alt=\"null\" src=\"https:\/\/www.moorelawfirmaz.com\/wp-content\/uploads\/2018\/12\/Police-badge.png\"\/><\/div><div class=\"icon_description\" id=\"Info-list-wrap-3301\" style=\"font-size:24px;\"><h6 class=\"ult-responsive info-list-heading\"  data-ultimate-target='#Info-list-wrap-3301 h6'  data-responsive-json-new='{\"font-size\":\"desktop:16px;\",\"line-height\":\"desktop:24px;\"}'  style=\"\">Informes policiales y de control animal<\/h6><div class=\"icon_description_text ult-responsive\"  data-ultimate-target='#Info-list-wrap-3301 .icon_description_text'  data-responsive-json-new='{\"font-size\":\"desktop:13px;\",\"line-height\":\"desktop:18px;\"}'  style=\"\"><\/div><\/div><div class=\"icon_list_connector\"  style=\"border: none !important;\"><\/div><\/li><\/ul><\/div>[\/vc_column_inner][vc_column_inner offset=&#8221;vc_col-lg-6 vc_col-md-6&#8243;]<div class=\"smile_icon_list_wrap ult_info_list_container ult-adjust-bottom-margin  \"><ul class=\"smile_icon_list left circle with_bg\"><li class=\"icon_list_item\" style=\" font-size:72px;\"><div class=\"icon_list_icon\" data-animation=\"\" data-animation-delay=\"03\" style=\"font-size:24px;border-width:1px;border-style:none;background:#ffffff;color:#333333;border-color:#333333;\"><img class=\"list-img-icon\" alt=\"Medical Bills\" src=\"https:\/\/www.moorelawfirmaz.com\/wp-content\/uploads\/2018\/12\/Med-Bills.png\"\/><\/div><div class=\"icon_description\" id=\"Info-list-wrap-1731\" style=\"font-size:24px;\"><h6 class=\"ult-responsive info-list-heading\"  data-ultimate-target='#Info-list-wrap-1731 h6'  data-responsive-json-new='{\"font-size\":\"desktop:16px;\",\"line-height\":\"desktop:24px;\"}'  style=\"\">Facturas y registros m\u00e9dicos<\/h6><div class=\"icon_description_text ult-responsive\"  data-ultimate-target='#Info-list-wrap-1731 .icon_description_text'  data-responsive-json-new='{\"font-size\":\"desktop:13px;\",\"line-height\":\"desktop:18px;\"}'  style=\"\"><\/div><\/div><div class=\"icon_list_connector\"  style=\"border: none !important;\"><\/div><\/li><li class=\"icon_list_item\" style=\" font-size:72px;\"><div class=\"icon_list_icon\" data-animation=\"\" data-animation-delay=\"03\" style=\"font-size:24px;border-width:1px;border-style:none;background:#ffffff;color:#333333;border-color:#333333;\"><img class=\"list-img-icon\" alt=\"null\" src=\"https:\/\/www.moorelawfirmaz.com\/wp-content\/uploads\/2018\/12\/Dog.png\"\/><\/div><div class=\"icon_description\" id=\"Info-list-wrap-2519\" style=\"font-size:24px;\"><h6 class=\"ult-responsive info-list-heading\"  data-ultimate-target='#Info-list-wrap-2519 h6'  data-responsive-json-new='{\"font-size\":\"desktop:16px;\",\"line-height\":\"desktop:24px;\"}'  style=\"\">Materiales de registro de perros<\/h6><div class=\"icon_description_text ult-responsive\"  data-ultimate-target='#Info-list-wrap-2519 .icon_description_text'  data-responsive-json-new='{\"font-size\":\"desktop:13px;\",\"line-height\":\"desktop:18px;\"}'  style=\"\"><\/div><\/div><div class=\"icon_list_connector\"  style=\"border: none !important;\"><\/div><\/li><li class=\"icon_list_item\" style=\" font-size:72px;\"><div class=\"icon_list_icon\" data-animation=\"\" data-animation-delay=\"03\" style=\"font-size:24px;border-width:1px;border-style:none;background:#ffffff;color:#333333;border-color:#333333;\"><img class=\"list-img-icon\" alt=\"Phone\" src=\"https:\/\/www.moorelawfirmaz.com\/wp-content\/uploads\/2018\/12\/Phone.png\"\/><\/div><div class=\"icon_description\" id=\"Info-list-wrap-8808\" style=\"font-size:24px;\"><h6 class=\"ult-responsive info-list-heading\"  data-ultimate-target='#Info-list-wrap-8808 h6'  data-responsive-json-new='{\"font-size\":\"desktop:16px;\",\"line-height\":\"desktop:24px;\"}'  style=\"\">Comunicarse con la compa\u00f1\u00eda de seguros del due\u00f1o del perro.<\/h6><div class=\"icon_description_text ult-responsive\"  data-ultimate-target='#Info-list-wrap-8808 .icon_description_text'  data-responsive-json-new='{\"font-size\":\"desktop:13px;\",\"line-height\":\"desktop:18px;\"}'  style=\"\"><\/div><\/div><div class=\"icon_list_connector\"  style=\"border: none !important;\"><\/div><\/li><\/ul><\/div>[\/vc_column_inner][\/vc_row_inner][vc_column_text]Nuestros <a href=\"https:\/\/www.moorelawfirmaz.com\/es\/lesiones-personales\/\">abogados de lesiones personales<\/a> se especializan en mordeduras de perros y leyes de ataque de animales, y seguir\u00e1n los canales apropiados para garantizar una compensaci\u00f3n justa para usted. \u00a1P\u00f3ngase en contacto con nosotros ahora, y organizaremos una consulta para revisar sus opciones legales despu\u00e9s de un ataque animal completamente gratis![\/vc_column_text][\/vc_column][\/vc_row][vc_row full_width=&#8221;stretch_row&#8221; gap=&#8221;35&#8243; content_placement=&#8221;middle&#8221; css=&#8221;.vc_custom_1612233725547{border-bottom-width: 5px !important;background-color: #00012e !important;border-bottom-color: #3d8dff !important;border-bottom-style: solid !important;}&#8221;][vc_column width=&#8221;1\/3&#8243;][vc_column_text]<\/p>\n<h3><span style=\"color: #3d8dff;\">Consulta<\/span> <span style=\"color: #ffffff; font-weight: 300;\">gratis<\/span><\/h3>\n<p>[\/vc_column_text][\/vc_column][vc_column width=&#8221;5\/12&#8243;][vc_column_text]<\/p>\n<p style=\"text-align: center; color: #ffffff;\">Si no puede acudir a nosotros, uno de nuestros abogados de lesiones por mordedura lo atender\u00e1. La relaci\u00f3n abogado-cliente es muy importante para nosotros. Toda la comunicaci\u00f3n es gratuita y privada.<\/p>\n<p>[\/vc_column_text][\/vc_column][vc_column width=&#8221;1\/4&#8243;]<style type=\"text\/css\">.thegem-button-69f32e43deecf1802 .gem-button svg {fill: #3d8dff;}.thegem-button-69f32e43deecf1802 .gem-button:hover svg {fill: #ffffff;}<\/style><div class=\"gem-button-container gem-button-position-inline thegem-button-69f32e43deecf1802    \"  ><a title=\"Contact Us\" class=\"gem-button gem-button-size-medium gem-button-style-outline gem-button-text-weight-thin gem-button-border-2\" data-ll-effect=\"drop-right-without-wrap\" style=\"border-radius: 0px;border-color: #3d8dff;color: #3d8dff;\" onmouseleave=\"this.style.borderColor='#3d8dff';this.style.backgroundColor='transparent';this.style.color='#3d8dff';\" onmouseenter=\"this.style.backgroundColor='#3d8dff';this.style.color='#ffffff';\" href=\"https:\/\/www.moorelawfirmaz.com\/contact-us\/\" target=\"_self\">Solicite una llamada<\/a><\/div> [\/vc_column][\/vc_row]<\/p>\n<\/div>","protected":false},"excerpt":{"rendered":"<p>[vc_row full_width=&#8221;stretch_row_content_no_spaces&#8221; content_placement=&#8221;bottom&#8221; custom_css_code=&#8221;aDElMjAlN0IlMEElMjAlMjBtYXgtd2lkdGglM0ExMDAwcHglM0IlMEElMjAlMjB0ZXh0LWFsaWduJTNBY2VudGVyJTNCJTBBJTA5bWFyZ2luJTNBMCUyMGF1dG8lM0IlMEElN0QlMEElMEFwJTIwJTdCJTBBJTIwJTIwbWF4LXdpZHRoJTNBMTAwMHB4JTNCJTBBJTIwJTIwY29sb3IlM0ElMjAlMjNmZmZmZmYlM0IlMEElMjAlMjBwYWRkaW5nLXRvcCUzQSUyMDIwcHglM0IlMEElMjAlMjB0ZXh0LWFsaWduJTNBY2VudGVyJTNCJTBBJTA5bWFyZ2luJTNBMCUyMGF1dG8lM0IlMEElMjAlMjB0ZXh0LXNoYWRvdyUzQSUyMDFweCUyMDFweCUyMGJsYWNrJTNCJTBBJTdE&#8221; css=&#8221;.vc_custom_1632068369571{background-image: url(https:\/\/www.moorelawfirmaz.com\/wp-content\/uploads\/2019\/08\/Large-Blue-Header-Background.jpg?id=37226) !important;background-position: center !important;background-repeat: no-repeat !important;background-size: cover !important;}&#8221;][vc_column][vc_column_text css_animation=&#8221;none&#8221; css=&#8221;.vc_custom_1632067577458{margin-right: 20px !important;margin-left: 20px !important;padding-top: 200px&#8230;<\/p>\n","protected":false},"author":22,"featured_media":41607,"parent":41700,"menu_order":0,"comment_status":"closed","ping_status":"closed","template":"","meta":{"footnotes":""},"class_list":["post-41606","page","type-page","status-publish","has-post-thumbnail"],"acf":[],"_links":{"self":[{"href":"https:\/\/www.moorelawfirmaz.com\/es\/wp-json\/wp\/v2\/pages\/41606","targetHints":{"allow":["GET"]}}],"collection":[{"href":"https:\/\/www.moorelawfirmaz.com\/es\/wp-json\/wp\/v2\/pages"}],"about":[{"href":"https:\/\/www.moorelawfirmaz.com\/es\/wp-json\/wp\/v2\/types\/page"}],"author":[{"embeddable":true,"href":"https:\/\/www.moorelawfirmaz.com\/es\/wp-json\/wp\/v2\/users\/22"}],"replies":[{"embeddable":true,"href":"https:\/\/www.moorelawfirmaz.com\/es\/wp-json\/wp\/v2\/comments?post=41606"}],"version-history":[{"count":0,"href":"https:\/\/www.moorelawfirmaz.com\/es\/wp-json\/wp\/v2\/pages\/41606\/revisions"}],"up":[{"embeddable":true,"href":"https:\/\/www.moorelawfirmaz.com\/es\/wp-json\/wp\/v2\/pages\/41700"}],"wp:featuredmedia":[{"embeddable":true,"href":"https:\/\/www.moorelawfirmaz.com\/es\/wp-json\/wp\/v2\/media\/41607"}],"wp:attachment":[{"href":"https:\/\/www.moorelawfirmaz.com\/es\/wp-json\/wp\/v2\/media?parent=41606"}],"curies":[{"name":"wp","href":"https:\/\/api.w.org\/{rel}","templated":true}]}}