{"id":41577,"date":"2021-07-16T10:55:31","date_gmt":"2021-07-16T17:55:31","guid":{"rendered":"https:\/\/moorelawfirmaz.com\/lesion-por-montar-a-caballo\/"},"modified":"2022-04-20T11:24:54","modified_gmt":"2022-04-20T18:24:54","slug":"lesion-por-montar-a-caballo","status":"publish","type":"page","link":"https:\/\/www.moorelawfirmaz.com\/es\/lesiones-personales\/lesion-por-montar-a-caballo\/","title":{"rendered":"Lesi\u00f3n por montar a caballo"},"content":{"rendered":"<div class=\"wpb-content-wrapper\"><p>[vc_row full_width=&#8221;stretch_row_content_no_spaces&#8221; content_placement=&#8221;bottom&#8221; custom_css_code=&#8221;aDElMjAlN0IlMEElMjAlMjBtYXgtd2lkdGglM0ExMDAwcHglM0IlMEElMjAlMjB0ZXh0LWFsaWduJTNBY2VudGVyJTNCJTBBJTA5bWFyZ2luJTNBMCUyMGF1dG8lM0IlMEElN0QlMEElMEFwJTIwJTdCJTBBJTIwJTIwbWF4LXdpZHRoJTNBMTAwMHB4JTNCJTBBJTIwJTIwY29sb3IlM0ElMjAlMjNmZmZmZmYlM0IlMEElMjAlMjBwYWRkaW5nLXRvcCUzQSUyMDIwcHglM0IlMEElMjAlMjB0ZXh0LWFsaWduJTNBY2VudGVyJTNCJTBBJTA5bWFyZ2luJTNBMCUyMGF1dG8lM0IlMEElMjAlMjB0ZXh0LXNoYWRvdyUzQSUyMDFweCUyMDFweCUyMGJsYWNrJTNCJTBBJTdE&#8221; css=&#8221;.vc_custom_1632068369571{background-image: url(https:\/\/www.moorelawfirmaz.com\/wp-content\/uploads\/2019\/08\/Large-Blue-Header-Background.jpg?id=37226) !important;background-position: center !important;background-repeat: no-repeat !important;background-size: cover !important;}&#8221;][vc_column][vc_column_text css_animation=&#8221;none&#8221; css=&#8221;.vc_custom_1645489550853{margin-right: 20px !important;margin-left: 20px !important;padding-top: 200px !important;}&#8221;]<\/p>\n<h1><span style=\"font-weight: 300;\">Abogado de lesiones<\/span> por equitaci\u00f3n<br \/>\n<span style=\"font-weight: 300; font-size: 40%; line-height: 0px;\">Tucson, Arizona<\/span><\/h1>\n<p>Cuando las cosas van mal, necesita saber a d\u00f3nde acudir para corregirlas. Si ha sufrido una lesi\u00f3n al montar a caballo y otra persona es responsable de sus lesiones, merece una compensaci\u00f3n justa. Luche por sus derechos con los abogados expertos de Moore Law Firm.[\/vc_column_text][vc_single_image image=&#8221;41760&#8243; img_size=&#8221;full&#8221; css=&#8221;.vc_custom_1632014884091{margin-bottom: 0px !important;}&#8221;][\/vc_column][\/vc_row][vc_row full_width=&#8221;stretch_row&#8221; parallax=&#8221;content-moving&#8221; parallax_image=&#8221;40274&#8243; background_style=&#8221;cover&#8221; background_position_horizontal=&#8221;right&#8221; background_position_vertical=&#8221;center&#8221; css=&#8221;.vc_custom_1645550100550{margin-top: -20px !important;padding-top: 40px !important;padding-bottom: 40px !important;}&#8221;][vc_column width=&#8221;1\/2&#8243;][vc_column_text]<\/p>\n<h2><span style=\"color: #3d8dff;\">Cabalgatas<\/span><span class=\"light\"> Accidentes<\/span><\/h2>\n<p>Aproximadamente<a href=\"https:\/\/www.ncbi.nlm.nih.gov\/pmc\/articles\/PMC6109796\/#:~:text=towards%20younger%20riders.-,Introduction,ages%20of%2010%E2%80%9314%20years.\" target=\"_blank\" rel=\"noopener noreferrer\"> 35,7 personas<\/a> de cada 100.000 sufren lesiones por un accidente de equitaci\u00f3n. Estos van desde ser pateados mientras est\u00e1 en el suelo o ser arrojados desde la parte trasera del caballo. Como puede imaginar, los traumatismos en la cabeza son comunes.<\/p>\n<p>Las ni\u00f1as de entre 10 y 14 a\u00f1os tienden a ser las v\u00edctimas m\u00e1s comunes, sin duda relacionada con la fase del caballo por la que parece pasar cada ni\u00f1a. Desafortunadamente para algunos, una agradable tarde de diversi\u00f3n puede convertirse r\u00e1pidamente en una pesadilla.[\/vc_column_text][\/vc_column][vc_column width=&#8221;1\/2&#8243;][\/vc_column][\/vc_row][vc_row full_width=&#8221;stretch_row&#8221; css=&#8221;.vc_custom_1606868418031{margin-top: -20px !important;padding-top: 40px !important;padding-bottom: 40px !important;background-image: url(https:\/\/moorelawfirmaz.com\/wp-content\/uploads\/2020\/11\/Horseback-Dark.jpg?id=40241) !important;background-position: center !important;background-repeat: no-repeat !important;background-size: cover !important;}&#8221; custom_css_code=&#8221;aDYlN0IlMEF0ZXh0LWFsaWduJTNBJTIwY2VudGVyJTNCJTIwJTBBY29sb3IlM0ElMjAlMjNmZmZmZmYlM0IlMEElN0QlMEElMEFoMiU3QiUwQXRleHQtYWxpZ24lM0ElMjBjZW50ZXIlM0IlMEElN0QlMEElMEFwJTdCJTBBY29sb3IlM0ElMjAlMjNmZmZmZmYlM0IlMEElN0Q=&#8221;][vc_column][vc_column_text]<\/p>\n<h2><span style=\"color: #3d8dff;\">Com\u00fan<\/span><span class=\"light\" style=\"color: #ffffff;\"> Lesiones relacionadas con el caballo<\/span><\/h2>\n<p>[\/vc_column_text][vc_row_inner gap=&#8221;35&#8243;][vc_column_inner width=&#8221;1\/2&#8243;][vc_column_text css=&#8221;.vc_custom_1606768816963{padding-top: 30px !important;}&#8221;]<\/p>\n<h6>Lesi\u00f3n espinal<\/h6>\n<p>[\/vc_column_text][vc_single_image image=&#8221;41929&#8243; img_size=&#8221;full&#8221; alignment=&#8221;center&#8221;][vc_column_text]La fuerza del aterrizaje despu\u00e9s de ser arrojado por un caballo puede da\u00f1ar f\u00e1cilmente la m\u00e9dula espinal o la espalda. Muchas personas han quedado paralizadas permanentemente despu\u00e9s de sufrir una lesi\u00f3n en la m\u00e9dula espinal.[\/vc_column_text][vc_column_text css=&#8221;.vc_custom_1606768826449{padding-top: 30px !important;}&#8221;]<\/p>\n<h6>Da\u00f1o cerebral<\/h6>\n<p>[\/vc_column_text][vc_single_image image=&#8221;41929&#8243; img_size=&#8221;full&#8221; alignment=&#8221;center&#8221;][vc_column_text]El uso m\u00e1s generalizado de cascos al montar a caballo ha disminuido la aparici\u00f3n de lesiones cerebrales traum\u00e1ticas. Sin embargo, muchas personas todav\u00eda sufren lesiones en la cabeza despu\u00e9s de una ca\u00edda.[\/vc_column_text][\/vc_column_inner][vc_column_inner width=&#8221;1\/2&#8243;][vc_column_text css=&#8221;.vc_custom_1606766144269{padding-top: 30px !important;}&#8221;]<\/p>\n<h6>Lesiones sin montar<\/h6>\n<p>[\/vc_column_text][vc_single_image image=&#8221;41580&#8243; img_size=&#8221;full&#8221; alignment=&#8221;center&#8221;][vc_column_text]Tampoco es necesario estar montando a caballo para sufrir una lesi\u00f3n. Muchas personas sin montar sufren lesiones al ser pateadas, pisoteadas o aplastadas entre el caballo y una pared del establo u otra estructura.[\/vc_column_text][vc_column_text css=&#8221;.vc_custom_1606766205224{padding-top: 30px !important;}&#8221;]<\/p>\n<h6>Huesos rotos<\/h6>\n<p>[\/vc_column_text][vc_single_image image=&#8221;41579&#8243; img_size=&#8221;full&#8221; alignment=&#8221;center&#8221;][vc_column_text]Los tipos m\u00e1s comunes de lesiones que sufren los ciclistas son huesos rotos, cortes, raspaduras y lesiones de tejidos blandos.[\/vc_column_text][\/vc_column_inner][\/vc_row_inner][\/vc_column][\/vc_row][vc_row full_width=&#8221;stretch_row&#8221; gap=&#8221;35&#8243; equal_height=&#8221;yes&#8221; css=&#8221;.vc_custom_1606773926243{padding-top: 40px !important;padding-bottom: 40px !important;}&#8221;][vc_column width=&#8221;2\/3&#8243;][vc_column_text]<\/p>\n<h2><span style=\"color: #3d8dff;\">Qui\u00e9n es responsable<\/span><span class=\"light\"> en Accidentes de Equitaci\u00f3n?<\/span><\/h2>\n<p>Existen ciertas situaciones en las que otra persona puede ser responsable de sus lesiones. En general, esto es cuando sufri\u00f3 una lesi\u00f3n como resultado del acto negligente o imprudente de alguien que lo puso en peligro.[\/vc_column_text]<div class=\"gem-list gem-list-type-checkbox gem-list-color-3\" ><ul>\n<li>The rider is given faulty equipment which caused a fall<\/li>\n<li>The rider is given a horse not suited to their skill level<\/li>\n<li>The leader in group riding exhibiting poor control and leadership<\/li>\n<li>Injuries that came about because of an uneven road surface<\/li>\n<li>Motor vehicle drivers not taking sufficient precaution when driving near horses<\/li>\n<\/ul>\n<\/div>[vc_column_text]Estos son solo algunos ejemplos y no cubren todas las situaciones en las que otra persona puede ser responsable. Demostrar la responsabilidad puede ser complicado. Por ejemplo, seg\u00fan la ley de Arizona, el propietario de un caballo no es responsable de proporcionar al jinete una montura inadecuada si lo hizo bas\u00e1ndose en la autodescripci\u00f3n del jinete de su capacidad para montar.<\/p>\n<p>Los propietarios de establos, terrenos de rodeo o propiedad privada con caballos tampoco son generalmente responsables de las lesiones, independientemente de si el jinete ten\u00eda el permiso del propietario o no. Sin embargo, se espera que el propietario atienda las condiciones peligrosas en la propiedad de inmediato. Si no lo hacen y alguien resulta herido o muere como resultado, pueden ser responsables de esas lesiones.[\/vc_column_text][\/vc_column][vc_column width=&#8221;1\/3&#8243;][vc_single_image image=&#8221;41582&#8243; img_size=&#8221;full&#8221; alignment=&#8221;center&#8221; css_animation=&#8221;none&#8221;][\/vc_column][\/vc_row][vc_row full_width=&#8221;stretch_row&#8221; css=&#8221;.vc_custom_1602266287911{background-color: #00012e !important;}&#8221; custom_css_code=&#8221;aDMlN0IlMEF0ZXh0LWFsaWduJTNBJTIwY2VudGVyJTNCJTBBY29sb3IlM0ElMjAlMjNmZmZmZmYlM0IlMEElN0Q=&#8221;][vc_column css=&#8221;.vc_custom_1645550133888{padding-right: 0px !important;padding-bottom: 20px !important;padding-left: 0px !important;}&#8221;][vc_column_text]<\/p>\n<h3>Comun\u00edquese con un abogado de lesiones por montar a caballo en el bufete de abogados Moore<\/h3>\n<p>[\/vc_column_text]\n<div class=\"wpcf7 no-js\" id=\"wpcf7-f3474-o1\" lang=\"en-US\" dir=\"ltr\" data-wpcf7-id=\"3474\">\n<div class=\"screen-reader-response\"><p role=\"status\" aria-live=\"polite\" aria-atomic=\"true\"><\/p> <ul><\/ul><\/div>\n<form action=\"\/es\/wp-json\/wp\/v2\/pages\/41577#wpcf7-f3474-o1\" method=\"post\" class=\"wpcf7-form init\" aria-label=\"Contact form\" novalidate=\"novalidate\" data-status=\"init\">\n<fieldset class=\"hidden-fields-container\"><input type=\"hidden\" name=\"_wpcf7\" value=\"3474\" \/><input type=\"hidden\" name=\"_wpcf7_version\" value=\"6.1.5\" \/><input type=\"hidden\" name=\"_wpcf7_locale\" value=\"en_US\" \/><input type=\"hidden\" name=\"_wpcf7_unit_tag\" value=\"wpcf7-f3474-o1\" \/><input type=\"hidden\" name=\"_wpcf7_container_post\" value=\"0\" \/><input type=\"hidden\" name=\"_wpcf7_posted_data_hash\" value=\"\" \/><input type=\"hidden\" name=\"_wpcf7_recaptcha_response\" value=\"\" \/>\n<\/fieldset>\n<div class=\"contact-form\">\n\t<div class=\"col-lg-4 col-md-8 col-xs-12\" style=\"margin-bottom:40px;\">\n\t\t<div class=\"form-line gem-form-icon-name\"><span class=\"wpcf7-form-control-wrap\" data-name=\"your-name\"><input size=\"40\" maxlength=\"400\" class=\"wpcf7-form-control wpcf7-text wpcf7-validates-as-required\" aria-required=\"true\" aria-invalid=\"false\" placeholder=\"Name*\" value=\"\" type=\"text\" name=\"your-name\" \/><\/span><\/div>\n\t<\/div>\n\t<div class=\"col-lg-4 col-md-8 col-xs-12\" style=\"margin-bottom:40px;\">\n\t\t<div class=\"form-line gem-form-icon-email\"><span class=\"wpcf7-form-control-wrap\" data-name=\"your-email\"><input size=\"40\" maxlength=\"400\" class=\"wpcf7-form-control wpcf7-email wpcf7-validates-as-required wpcf7-text wpcf7-validates-as-email\" aria-required=\"true\" aria-invalid=\"false\" placeholder=\"Email*\" value=\"\" type=\"email\" name=\"your-email\" \/><\/span><\/div>\n\t<\/div>\n\t<div class=\"col-lg-4 col-md-8 col-xs-12\" style=\"margin-bottom:40px;\">\n\t\t<div class=\"form-line gem-form-icon-phone\"><span class=\"wpcf7-form-control-wrap\" data-name=\"your-phone\"><input size=\"40\" maxlength=\"400\" class=\"wpcf7-form-control wpcf7-text\" aria-invalid=\"false\" placeholder=\"Phone*\" value=\"\" type=\"text\" name=\"your-phone\" \/><\/span><\/div>\n\t<\/div>\n\t<div class=\"col-lg-8 col-md-8 col-xs-12\">\n\t\t<div class=\"form-line\"><span class=\"wpcf7-form-control-wrap\" data-name=\"your-message\"><textarea cols=\"30\" rows=\"2\" maxlength=\"2000\" class=\"wpcf7-form-control wpcf7-textarea wpcf7-validates-as-required\" aria-required=\"true\" aria-invalid=\"false\" placeholder=\"Briefly Describe Your Case\" name=\"your-message\"><\/textarea><\/span><\/div>\n\t<\/div>\n\t<div class=\"col-lg-4 col-md-4 col-xs-12\">\n\t\t<div class=\"form-line\"><input class=\"wpcf7-form-control wpcf7-submit has-spinner gem-button\" type=\"submit\" value=\"Submit Message\" \/><\/div>\n\t<\/div>\n<\/div><p style=\"display: none !important;\" class=\"akismet-fields-container\" data-prefix=\"_wpcf7_ak_\"><label>&#916;<textarea name=\"_wpcf7_ak_hp_textarea\" cols=\"45\" rows=\"8\" maxlength=\"100\"><\/textarea><\/label><input type=\"hidden\" id=\"ak_js_1\" name=\"_wpcf7_ak_js\" value=\"225\"\/><script type=\"text\/javascript\">\n\/* <![CDATA[ *\/\ndocument.getElementById( \"ak_js_1\" ).setAttribute( \"value\", ( new Date() ).getTime() );\n\/* ]]> *\/\n<\/script>\n<\/p><div class=\"wpcf7-response-output\" aria-hidden=\"true\"><\/div>\n<\/form>\n<\/div>\n[\/vc_column][\/vc_row][vc_row css=&#8221;.vc_custom_1606769987572{margin-bottom: 40px !important;padding-top: 40px !important;}&#8221;][vc_column][vc_column_text]<\/p>\n<h2><span style=\"color: #3d8dff;\">Eres elegible<\/span><span class=\"light\"> \u00bfPor compensaci\u00f3n?<\/span><\/h2>\n<p>Si se considera que alguien es responsable de sus lesiones, podr\u00eda ser elegible para una compensaci\u00f3n. Compensaci\u00f3n t\u00edpica buscada por un<a href=\"https:\/\/www.moorelawfirmaz.com\/es\/lesiones-personales\/\"> abogado de lesiones personales<\/a> incluye:<br \/>\n\u25cf Facturas y gastos m\u00e9dicos<br \/>\n\u25cf Atenci\u00f3n de rehabilitaci\u00f3n<br \/>\n\u25cf Salarios e ingresos perdidos<br \/>\n\u25cf Dolor y sufrimiento[\/vc_column_text][\/vc_column][\/vc_row][vc_row css=&#8221;.vc_custom_1606769998768{padding-bottom: 40px !important;}&#8221;][vc_column][vc_column_text]<\/p>\n<h2><span style=\"color: #3d8dff;\">Formando equipo con un<\/span><span class=\"light\"> Abogado de accidentes de equitaci\u00f3n<\/span><\/h2>\n<p>Es posible que sea 100% elegible para una compensaci\u00f3n, pero obtenerla es otra historia. La parte t\u00edpica responsable de pagar su reclamo es la compa\u00f1\u00eda de seguros de la persona responsable. Estas empresas conocen y utilizar\u00e1n todos los trucos del libro para reducir la cantidad que tienen que pagar.<\/p>\n<p>En primer lugar, demostrar la responsabilidad es dif\u00edcil y enfrentarse a una compa\u00f1\u00eda de seguros con experiencia es una receta para el desastre. Haga equipo con un abogado experimentado en accidentes de equitaci\u00f3n, en el<a href=\"https:\/\/www.moorelawfirmaz.com\/es\/\"> Bufete de abogados Moore<\/a> , para asegurarse de obtener la compensaci\u00f3n que se merece por sus lesiones.<\/p>\n<p><a href=\"https:\/\/www.moorelawfirmaz.com\/es\/contacto\/\">\u00a1Reserve una consulta gratuita hoy!<\/a>[\/vc_column_text][\/vc_column][\/vc_row]<\/p>\n<\/div>","protected":false},"excerpt":{"rendered":"<p>[vc_row full_width=&#8221;stretch_row_content_no_spaces&#8221; content_placement=&#8221;bottom&#8221; custom_css_code=&#8221;aDElMjAlN0IlMEElMjAlMjBtYXgtd2lkdGglM0ExMDAwcHglM0IlMEElMjAlMjB0ZXh0LWFsaWduJTNBY2VudGVyJTNCJTBBJTA5bWFyZ2luJTNBMCUyMGF1dG8lM0IlMEElN0QlMEElMEFwJTIwJTdCJTBBJTIwJTIwbWF4LXdpZHRoJTNBMTAwMHB4JTNCJTBBJTIwJTIwY29sb3IlM0ElMjAlMjNmZmZmZmYlM0IlMEElMjAlMjBwYWRkaW5nLXRvcCUzQSUyMDIwcHglM0IlMEElMjAlMjB0ZXh0LWFsaWduJTNBY2VudGVyJTNCJTBBJTA5bWFyZ2luJTNBMCUyMGF1dG8lM0IlMEElMjAlMjB0ZXh0LXNoYWRvdyUzQSUyMDFweCUyMDFweCUyMGJsYWNrJTNCJTBBJTdE&#8221; css=&#8221;.vc_custom_1632068369571{background-image: url(https:\/\/www.moorelawfirmaz.com\/wp-content\/uploads\/2019\/08\/Large-Blue-Header-Background.jpg?id=37226) !important;background-position: center !important;background-repeat: no-repeat !important;background-size: cover !important;}&#8221;][vc_column][vc_column_text css_animation=&#8221;none&#8221; css=&#8221;.vc_custom_1645489550853{margin-right: 20px !important;margin-left: 20px !important;padding-top: 200px&#8230;<\/p>\n","protected":false},"author":22,"featured_media":41578,"parent":41700,"menu_order":0,"comment_status":"closed","ping_status":"closed","template":"","meta":{"footnotes":""},"class_list":["post-41577","page","type-page","status-publish","has-post-thumbnail"],"acf":[],"_links":{"self":[{"href":"https:\/\/www.moorelawfirmaz.com\/es\/wp-json\/wp\/v2\/pages\/41577","targetHints":{"allow":["GET"]}}],"collection":[{"href":"https:\/\/www.moorelawfirmaz.com\/es\/wp-json\/wp\/v2\/pages"}],"about":[{"href":"https:\/\/www.moorelawfirmaz.com\/es\/wp-json\/wp\/v2\/types\/page"}],"author":[{"embeddable":true,"href":"https:\/\/www.moorelawfirmaz.com\/es\/wp-json\/wp\/v2\/users\/22"}],"replies":[{"embeddable":true,"href":"https:\/\/www.moorelawfirmaz.com\/es\/wp-json\/wp\/v2\/comments?post=41577"}],"version-history":[{"count":0,"href":"https:\/\/www.moorelawfirmaz.com\/es\/wp-json\/wp\/v2\/pages\/41577\/revisions"}],"up":[{"embeddable":true,"href":"https:\/\/www.moorelawfirmaz.com\/es\/wp-json\/wp\/v2\/pages\/41700"}],"wp:featuredmedia":[{"embeddable":true,"href":"https:\/\/www.moorelawfirmaz.com\/es\/wp-json\/wp\/v2\/media\/41578"}],"wp:attachment":[{"href":"https:\/\/www.moorelawfirmaz.com\/es\/wp-json\/wp\/v2\/media?parent=41577"}],"curies":[{"name":"wp","href":"https:\/\/api.w.org\/{rel}","templated":true}]}}